{"id":5640,"date":"2024-12-31T20:10:25","date_gmt":"2024-12-31T20:10:25","guid":{"rendered":"https:\/\/storetest.ivi.ee\/product\/mold-for-mousse-cake-moments-silikomart\/"},"modified":"2025-01-02T19:07:39","modified_gmt":"2025-01-02T19:07:39","slug":"vorm-mousse-koogi-hetkedeks-silikomart","status":"publish","type":"product","link":"https:\/\/candeebaar.ee\/et\/pood\/vorm-mousse-koogi-hetkedeks-silikomart\/","title":{"rendered":"Vorm vahukoogile \u201cMoments\u201d Silikomart"},"content":{"rendered":"<p>Kvaliteetne silikoonvorm \u201cMoments\u201d professionaalseks kasutamiseks.<br \/>\n V\u00f5imaldab luua t\u00e4iusliku kujuga kooki.<br \/>\n M\u00f5\u00f5dud: 160x60mm (k\u00f5rgus)<br \/>\n Maht: 1000ml<br \/>\n Temperatuur: -60\u00b0C kuni +230\u00b0C. Sobib k\u00fcpsetamiseks ja k\u00fclmutamiseks.<br \/>\nTootja: Silikomart<\/p>","protected":false},"excerpt":{"rendered":"<p>Kvaliteetne silikoonvorm \u201cMoments\u201d professionaalseks kasutamiseks. V\u00f5imaldab luua t\u00e4iusliku kujuga kooki. Suurus: 160x60mm (k\u00f5rgus) Maht: 1000ml Temperatuur: -60\u00b0C kuni +230\u00b0C. Sobib k\u00fcpsetamiseks ja k\u00fclmutamiseks. Tootja: Silikomart<\/p>","protected":false},"featured_media":5642,"template":"","meta":{"_seopress_robots_primary_cat":"","_seopress_titles_title":"","_seopress_titles_desc":"","_seopress_robots_index":""},"product_brand":[],"product_cat":[15,118,123,127],"product_tag":[],"class_list":{"0":"post-5640","1":"product","2":"type-product","3":"status-publish","4":"has-post-thumbnail","6":"product_cat-all-products","7":"product_cat-silicone-and-plastic","8":"product_cat-geometry","9":"product_cat-ornament","11":"first","12":"instock","13":"sale","14":"taxable","15":"shipping-taxable","16":"purchasable","17":"product-type-simple"},"_links":{"self":[{"href":"https:\/\/candeebaar.ee\/et\/wp-json\/wp\/v2\/product\/5640","targetHints":{"allow":["GET"]}}],"collection":[{"href":"https:\/\/candeebaar.ee\/et\/wp-json\/wp\/v2\/product"}],"about":[{"href":"https:\/\/candeebaar.ee\/et\/wp-json\/wp\/v2\/types\/product"}],"version-history":[{"count":1,"href":"https:\/\/candeebaar.ee\/et\/wp-json\/wp\/v2\/product\/5640\/revisions"}],"predecessor-version":[{"id":5641,"href":"https:\/\/candeebaar.ee\/et\/wp-json\/wp\/v2\/product\/5640\/revisions\/5641"}],"wp:featuredmedia":[{"embeddable":true,"href":"https:\/\/candeebaar.ee\/et\/wp-json\/wp\/v2\/media\/5642"}],"wp:attachment":[{"href":"https:\/\/candeebaar.ee\/et\/wp-json\/wp\/v2\/media?parent=5640"}],"wp:term":[{"taxonomy":"product_brand","embeddable":true,"href":"https:\/\/candeebaar.ee\/et\/wp-json\/wp\/v2\/product_brand?post=5640"},{"taxonomy":"product_cat","embeddable":true,"href":"https:\/\/candeebaar.ee\/et\/wp-json\/wp\/v2\/product_cat?post=5640"},{"taxonomy":"product_tag","embeddable":true,"href":"https:\/\/candeebaar.ee\/et\/wp-json\/wp\/v2\/product_tag?post=5640"}],"curies":[{"name":"t\u00f6\u00f6leht","href":"https:\/\/api.w.org\/{rel}","templated":true}]}}