{"id":5684,"date":"2024-12-31T20:10:25","date_gmt":"2024-12-31T20:10:25","guid":{"rendered":"https:\/\/storetest.ivi.ee\/product\/dry-dye-burgundy-8g-food-colours\/"},"modified":"2026-04-14T14:24:50","modified_gmt":"2026-04-14T12:24:50","slug":"kuivvarv-burgundia-8g-toiduvarve","status":"publish","type":"product","link":"https:\/\/candeebaar.ee\/et\/pood\/kuivvarv-burgundia-8g-toiduvarve\/","title":{"rendered":"Kuivv\u00e4rv Burgundia 8g Toiduv\u00e4rvid"},"content":{"rendered":"<p>Kuivtoiduv\u00e4rv vees lahustuv \u201cBurgundia\u201d.<br \/>\nKasutamine: lahustage vajalik kogus v\u00e4rvainet v\u00e4ikeses koguses vees v\u00f5i muus vedelikus, seej\u00e4rel lisage see tootesse. Soovitatav annus 0,003%-0,007% toote massist.<br \/>\nKoostis: E122, E172, E155. Hoida jahedas ja kuivas kohas. K\u00f5lblikkusaeg 4 aastat alates valmistamiskuup\u00e4evast.<br \/>\n*V\u00f5ib negatiivselt m\u00f5jutada laste aktiivsust ja t\u00e4helepanu.<br \/>\nKaal: 8g<br \/>\nTootja: Food Colours, Poola<\/p>","protected":false},"excerpt":{"rendered":"<p>Kuivtoiduv\u00e4rv, vees lahustuv Burgundia. Kasutamine: lahustage vajalik kogus v\u00e4rvainet v\u00e4ikeses koguses vees v\u00f5i muus vedelikus, seej\u00e4rel lisage see tootesse. Soovitatav annus 0,003%-0,007% toote massist. Koostis: E122, E172, E155. Hoida jahedas ja kuivas kohas. K\u00f5lblikkusaeg 4 aastat alates valmistamiskuup\u00e4evast. *V\u00f5ib olla [\u2026]<\/p>","protected":false},"featured_media":5655,"template":"","meta":{"_seopress_robots_primary_cat":"none","_seopress_titles_title":"","_seopress_titles_desc":"","_seopress_robots_index":""},"product_brand":[],"product_cat":[15,112,109],"product_tag":[],"class_list":{"0":"post-5684","1":"product","2":"type-product","3":"status-publish","4":"has-post-thumbnail","6":"product_cat-all-products","7":"product_cat-powder-water-soluble","8":"product_cat-sale","10":"first","11":"instock","12":"taxable","13":"shipping-taxable","14":"purchasable","15":"product-type-simple"},"_links":{"self":[{"href":"https:\/\/candeebaar.ee\/et\/wp-json\/wp\/v2\/product\/5684","targetHints":{"allow":["GET"]}}],"collection":[{"href":"https:\/\/candeebaar.ee\/et\/wp-json\/wp\/v2\/product"}],"about":[{"href":"https:\/\/candeebaar.ee\/et\/wp-json\/wp\/v2\/types\/product"}],"version-history":[{"count":3,"href":"https:\/\/candeebaar.ee\/et\/wp-json\/wp\/v2\/product\/5684\/revisions"}],"predecessor-version":[{"id":12718,"href":"https:\/\/candeebaar.ee\/et\/wp-json\/wp\/v2\/product\/5684\/revisions\/12718"}],"wp:featuredmedia":[{"embeddable":true,"href":"https:\/\/candeebaar.ee\/et\/wp-json\/wp\/v2\/media\/5655"}],"wp:attachment":[{"href":"https:\/\/candeebaar.ee\/et\/wp-json\/wp\/v2\/media?parent=5684"}],"wp:term":[{"taxonomy":"product_brand","embeddable":true,"href":"https:\/\/candeebaar.ee\/et\/wp-json\/wp\/v2\/product_brand?post=5684"},{"taxonomy":"product_cat","embeddable":true,"href":"https:\/\/candeebaar.ee\/et\/wp-json\/wp\/v2\/product_cat?post=5684"},{"taxonomy":"product_tag","embeddable":true,"href":"https:\/\/candeebaar.ee\/et\/wp-json\/wp\/v2\/product_tag?post=5684"}],"curies":[{"name":"t\u00f6\u00f6leht","href":"https:\/\/api.w.org\/{rel}","templated":true}]}}