{"id":5691,"date":"2024-12-31T20:10:31","date_gmt":"2024-12-31T20:10:31","guid":{"rendered":"https:\/\/storetest.ivi.ee\/product\/polycarbonate-mold-honeycomb-153x75mm\/"},"modified":"2025-11-03T15:19:26","modified_gmt":"2025-11-03T13:19:26","slug":"polukarbonaadist-vormi-kargstruktuuriga-153x75mm","status":"publish","type":"product","link":"https:\/\/candeebaar.ee\/et\/pood\/polukarbonaadist-vormi-kargstruktuuriga-153x75mm\/","title":{"rendered":"Pol\u00fckarbonaatvorm k\u00e4rgstruktuuriga 153x75mm"},"content":{"rendered":"<p>Pol\u00fckarbonaadist vorm \u0161okolaaditahvlite valmistamiseks. Professionaalseks kasutamiseks.<br \/>\nM\u00f5\u00f5dud: 28\u00d717,5 cm<br \/>\nLahtri suurus: 153x75x8mm (3tk)<br \/>\nLoputage sooja veega ilma abrasiivseid materjale kasutamata.<br \/>\nToodetud: Hiinas<\/p>","protected":false},"excerpt":{"rendered":"<p>Pol\u00fckarbonaadist vorm \u0161okolaaditahvlite valmistamiseks. Professionaalseks kasutamiseks. Suurus: 28\u00d717,5cm Lahtri suurus: 153x75x8mm (3tk) Loputage sooja veega ilma abrasiivseid materjale kasutamata. Toodetud: Hiinas<\/p>","protected":false},"featured_media":5693,"template":"","meta":{"_seopress_robots_primary_cat":"","_seopress_titles_title":"","_seopress_titles_desc":"","_seopress_robots_index":""},"product_brand":[],"product_cat":[15,82],"product_tag":[],"class_list":{"0":"post-5691","1":"product","2":"type-product","3":"status-publish","4":"has-post-thumbnail","6":"product_cat-all-products","7":"product_cat-chocolate-molds","9":"first","10":"instock","11":"taxable","12":"shipping-taxable","13":"purchasable","14":"product-type-simple"},"_links":{"self":[{"href":"https:\/\/candeebaar.ee\/et\/wp-json\/wp\/v2\/product\/5691","targetHints":{"allow":["GET"]}}],"collection":[{"href":"https:\/\/candeebaar.ee\/et\/wp-json\/wp\/v2\/product"}],"about":[{"href":"https:\/\/candeebaar.ee\/et\/wp-json\/wp\/v2\/types\/product"}],"version-history":[{"count":1,"href":"https:\/\/candeebaar.ee\/et\/wp-json\/wp\/v2\/product\/5691\/revisions"}],"predecessor-version":[{"id":5692,"href":"https:\/\/candeebaar.ee\/et\/wp-json\/wp\/v2\/product\/5691\/revisions\/5692"}],"wp:featuredmedia":[{"embeddable":true,"href":"https:\/\/candeebaar.ee\/et\/wp-json\/wp\/v2\/media\/5693"}],"wp:attachment":[{"href":"https:\/\/candeebaar.ee\/et\/wp-json\/wp\/v2\/media?parent=5691"}],"wp:term":[{"taxonomy":"product_brand","embeddable":true,"href":"https:\/\/candeebaar.ee\/et\/wp-json\/wp\/v2\/product_brand?post=5691"},{"taxonomy":"product_cat","embeddable":true,"href":"https:\/\/candeebaar.ee\/et\/wp-json\/wp\/v2\/product_cat?post=5691"},{"taxonomy":"product_tag","embeddable":true,"href":"https:\/\/candeebaar.ee\/et\/wp-json\/wp\/v2\/product_tag?post=5691"}],"curies":[{"name":"t\u00f6\u00f6leht","href":"https:\/\/api.w.org\/{rel}","templated":true}]}}