{"id":5697,"date":"2024-12-31T20:10:31","date_gmt":"2024-12-31T20:10:31","guid":{"rendered":"https:\/\/storetest.ivi.ee\/product\/round-adjustable-metal-mold-25-34x8cm\/"},"modified":"2025-02-28T09:01:04","modified_gmt":"2025-02-28T07:01:04","slug":"ummargune-reguleeritav-metallvorm-25-34x8cm","status":"publish","type":"product","link":"https:\/\/candeebaar.ee\/et\/pood\/ummargune-reguleeritav-metallvorm-25-34x8cm\/","title":{"rendered":"\u00dcmmargune reguleeritav metallvorm 25-34x8cm"},"content":{"rendered":"<p>Metallist k\u00fcpsetusvorm rullbiskviidi jaoks, tordi kokkupanek.<br \/>\n Reguleeritav vorm v\u00f5imaldab luua mis tahes r\u00f5nga l\u00e4bim\u00f5\u00f5duga 25-34cm ja k\u00f5rgusega 8cm.<br \/>\n S\u00e4lgud aitavad kihte \u00fchtlaselt l\u00f5igata.<br \/>\n K\u00f5rgus: 8 cm<br \/>\n Reguleeritava r\u00f5nga liikumise lihtsuse reguleerimiseks saate lukustusklambreid pingutada v\u00f5i lahti keerata.<br \/>\n Materjal: roostevaba teras<br \/>\n Tootja: Hiina<\/p>","protected":false},"excerpt":{"rendered":"<p>Metallist k\u00fcpsetusvorm rullbiskviidi jaoks, tordi kokkupanek. Reguleeritav vorm v\u00f5imaldab luua mis tahes r\u00f5nga l\u00e4bim\u00f5\u00f5duga 25-34cm ja k\u00f5rgusega 8cm. S\u00e4lgud aitavad kihte \u00fchtlaselt l\u00f5igata. K\u00f5rgus: 8 cm Reguleeritava r\u00f5nga liikumismugavuse reguleerimiseks saate pingutada v\u00f5i l\u00f5dvendada [\u2026]<\/p>","protected":false},"featured_media":5699,"template":"","meta":{"_seopress_robots_primary_cat":"","_seopress_titles_title":"","_seopress_titles_desc":"","_seopress_robots_index":""},"product_brand":[],"product_cat":[15,116],"product_tag":[],"class_list":{"0":"post-5697","1":"product","2":"type-product","3":"status-publish","4":"has-post-thumbnail","6":"product_cat-all-products","7":"product_cat-metal","9":"first","10":"instock","11":"sale","12":"taxable","13":"shipping-taxable","14":"purchasable","15":"product-type-simple"},"_links":{"self":[{"href":"https:\/\/candeebaar.ee\/et\/wp-json\/wp\/v2\/product\/5697","targetHints":{"allow":["GET"]}}],"collection":[{"href":"https:\/\/candeebaar.ee\/et\/wp-json\/wp\/v2\/product"}],"about":[{"href":"https:\/\/candeebaar.ee\/et\/wp-json\/wp\/v2\/types\/product"}],"version-history":[{"count":1,"href":"https:\/\/candeebaar.ee\/et\/wp-json\/wp\/v2\/product\/5697\/revisions"}],"predecessor-version":[{"id":5698,"href":"https:\/\/candeebaar.ee\/et\/wp-json\/wp\/v2\/product\/5697\/revisions\/5698"}],"wp:featuredmedia":[{"embeddable":true,"href":"https:\/\/candeebaar.ee\/et\/wp-json\/wp\/v2\/media\/5699"}],"wp:attachment":[{"href":"https:\/\/candeebaar.ee\/et\/wp-json\/wp\/v2\/media?parent=5697"}],"wp:term":[{"taxonomy":"product_brand","embeddable":true,"href":"https:\/\/candeebaar.ee\/et\/wp-json\/wp\/v2\/product_brand?post=5697"},{"taxonomy":"product_cat","embeddable":true,"href":"https:\/\/candeebaar.ee\/et\/wp-json\/wp\/v2\/product_cat?post=5697"},{"taxonomy":"product_tag","embeddable":true,"href":"https:\/\/candeebaar.ee\/et\/wp-json\/wp\/v2\/product_tag?post=5697"}],"curies":[{"name":"t\u00f6\u00f6leht","href":"https:\/\/api.w.org\/{rel}","templated":true}]}}