{"id":5734,"date":"2024-12-31T20:10:31","date_gmt":"2024-12-31T20:10:31","guid":{"rendered":"https:\/\/storetest.ivi.ee\/product\/dessert-cup-270ml-with-lid-8pcs\/"},"modified":"2026-02-25T17:06:44","modified_gmt":"2026-02-25T15:06:44","slug":"magustoidutops-270ml-kaanega-8tk","status":"publish","type":"product","link":"https:\/\/candeebaar.ee\/et\/pood\/magustoidutops-270ml-kaanega-8tk\/","title":{"rendered":"Magustoidutops 270ml kaanega 8tk"},"content":{"rendered":"<p>L\u00e4bipaistev tass portsjonitena magustoidu jaoks. Sisaldab kuplikujulist kaant.<br \/>\nMaterjal: plastik<br \/>\nSuurus (l,k): 93 x 110mm<\/p>","protected":false},"excerpt":{"rendered":"<p>L\u00e4bipaistev tass portsjonitena magustoidu jaoks. Kaasas kuppelkaane. Materjal: plastik M\u00f5\u00f5dud (l,k): 93 x 110mm<\/p>","protected":false},"featured_media":5736,"template":"","meta":{"_seopress_robots_primary_cat":"","_seopress_titles_title":"","_seopress_titles_desc":"","_seopress_robots_index":""},"product_brand":[],"product_cat":[15,90,154],"product_tag":[],"class_list":{"0":"post-5734","1":"product","2":"type-product","3":"status-publish","4":"has-post-thumbnail","6":"product_cat-all-products","7":"product_cat-paper-cups-and-tulips","8":"product_cat-different-style","10":"first","11":"instock","12":"taxable","13":"shipping-taxable","14":"purchasable","15":"product-type-simple"},"_links":{"self":[{"href":"https:\/\/candeebaar.ee\/et\/wp-json\/wp\/v2\/product\/5734","targetHints":{"allow":["GET"]}}],"collection":[{"href":"https:\/\/candeebaar.ee\/et\/wp-json\/wp\/v2\/product"}],"about":[{"href":"https:\/\/candeebaar.ee\/et\/wp-json\/wp\/v2\/types\/product"}],"version-history":[{"count":1,"href":"https:\/\/candeebaar.ee\/et\/wp-json\/wp\/v2\/product\/5734\/revisions"}],"predecessor-version":[{"id":5735,"href":"https:\/\/candeebaar.ee\/et\/wp-json\/wp\/v2\/product\/5734\/revisions\/5735"}],"wp:featuredmedia":[{"embeddable":true,"href":"https:\/\/candeebaar.ee\/et\/wp-json\/wp\/v2\/media\/5736"}],"wp:attachment":[{"href":"https:\/\/candeebaar.ee\/et\/wp-json\/wp\/v2\/media?parent=5734"}],"wp:term":[{"taxonomy":"product_brand","embeddable":true,"href":"https:\/\/candeebaar.ee\/et\/wp-json\/wp\/v2\/product_brand?post=5734"},{"taxonomy":"product_cat","embeddable":true,"href":"https:\/\/candeebaar.ee\/et\/wp-json\/wp\/v2\/product_cat?post=5734"},{"taxonomy":"product_tag","embeddable":true,"href":"https:\/\/candeebaar.ee\/et\/wp-json\/wp\/v2\/product_tag?post=5734"}],"curies":[{"name":"t\u00f6\u00f6leht","href":"https:\/\/api.w.org\/{rel}","templated":true}]}}