{"id":5749,"date":"2024-12-31T20:10:46","date_gmt":"2024-12-31T20:10:46","guid":{"rendered":"https:\/\/storetest.ivi.ee\/product\/glossy-spray-100ml\/"},"modified":"2026-02-23T18:33:02","modified_gmt":"2026-02-23T16:33:02","slug":"laikiv-sprei-100ml","status":"publish","type":"product","link":"https:\/\/candeebaar.ee\/et\/pood\/laikiv-sprei-100ml\/","title":{"rendered":"L\u00e4ikiv Spray 100ml"},"content":{"rendered":"<p>Sprei l\u00e4ikiva pinna loomiseks \u0161okolaadile, martsipanile, glasuurile jne.<br \/>\nEnne kasutamist loksutage korralikult, pihustage \u00fchtlaselt 15-20 cm kauguselt ja laske kuivada.<br \/>\nMahuti surve all, tuleohtlik, hoida lastele k\u00e4ttesaamatus kohas.<br \/>\nKoostis: E943a, E944, E943b, etanool, E555, E904.<br \/>\nMaht: 50 ml<br \/>\nTootja: Food Colours, Poola<\/p>","protected":false},"excerpt":{"rendered":"<p>Pihustage l\u00e4ikiva pinna loomiseks \u0161okolaadile, martsipanile, glasuurile jne. Enne kasutamist loksutage korralikult, pihustage \u00fchtlaselt 15-20 cm kauguselt ja laske kuivada. Mahuti surve all, tuleohtlik, hoida lastele k\u00e4ttesaamatus kohas. Koostis: E943a, E944, E943b, etanool, E555, E904. Maht: 50ml Tootja: Food Colours, Poola<\/p>","protected":false},"featured_media":5751,"template":"","meta":{"_seopress_robots_primary_cat":"none","_seopress_titles_title":"","_seopress_titles_desc":"","_seopress_robots_index":""},"product_brand":[],"product_cat":[15,111,110,84,109],"product_tag":[],"class_list":{"0":"post-5749","1":"product","2":"type-product","3":"status-publish","4":"has-post-thumbnail","6":"product_cat-all-products","7":"product_cat-cacao-mill","8":"product_cat-callebaut","9":"product_cat-tools","10":"product_cat-sale","12":"first","13":"outofstock","14":"sale","15":"taxable","16":"shipping-taxable","17":"purchasable","18":"product-type-simple"},"_links":{"self":[{"href":"https:\/\/candeebaar.ee\/et\/wp-json\/wp\/v2\/product\/5749","targetHints":{"allow":["GET"]}}],"collection":[{"href":"https:\/\/candeebaar.ee\/et\/wp-json\/wp\/v2\/product"}],"about":[{"href":"https:\/\/candeebaar.ee\/et\/wp-json\/wp\/v2\/types\/product"}],"version-history":[{"count":1,"href":"https:\/\/candeebaar.ee\/et\/wp-json\/wp\/v2\/product\/5749\/revisions"}],"predecessor-version":[{"id":5750,"href":"https:\/\/candeebaar.ee\/et\/wp-json\/wp\/v2\/product\/5749\/revisions\/5750"}],"wp:featuredmedia":[{"embeddable":true,"href":"https:\/\/candeebaar.ee\/et\/wp-json\/wp\/v2\/media\/5751"}],"wp:attachment":[{"href":"https:\/\/candeebaar.ee\/et\/wp-json\/wp\/v2\/media?parent=5749"}],"wp:term":[{"taxonomy":"product_brand","embeddable":true,"href":"https:\/\/candeebaar.ee\/et\/wp-json\/wp\/v2\/product_brand?post=5749"},{"taxonomy":"product_cat","embeddable":true,"href":"https:\/\/candeebaar.ee\/et\/wp-json\/wp\/v2\/product_cat?post=5749"},{"taxonomy":"product_tag","embeddable":true,"href":"https:\/\/candeebaar.ee\/et\/wp-json\/wp\/v2\/product_tag?post=5749"}],"curies":[{"name":"t\u00f6\u00f6leht","href":"https:\/\/api.w.org\/{rel}","templated":true}]}}