{"id":5793,"date":"2024-12-31T20:10:46","date_gmt":"2024-12-31T20:10:46","guid":{"rendered":"https:\/\/storetest.ivi.ee\/product\/base-300x400x3mm-reinforced-white-daisy\/"},"modified":"2025-05-28T10:26:33","modified_gmt":"2025-05-28T08:26:33","slug":"pohi-300x400x3mm-tugevdatud-valge-karikakra","status":"publish","type":"product","link":"https:\/\/candeebaar.ee\/et\/pood\/pohi-300x400x3mm-tugevdatud-valge-karikakra\/","title":{"rendered":"Koogilaud 300x400x3mm tugevdatud valge &quot;Daisy&quot;"},"content":{"rendered":"<p>Alus tugevdatud lainepapist.<br \/>\nVajalik magustoitude \u00f5igeks s\u00e4ilitamiseks, transportimiseks ja serveerimiseks.<br \/>\nPaksus: 3mm<br \/>\nM\u00f5\u00f5dud: 300x400mm<br \/>\nV\u00e4rv: valge<\/p>","protected":false},"excerpt":{"rendered":"<p>Alus tugevdatud lainepapist. Vajalik magustoitude \u00f5igeks s\u00e4ilitamiseks, transportimiseks ja serveerimiseks. Paksus: 3mm Suurus: 300x400mm V\u00e4rvus: valge<\/p>","protected":false},"featured_media":5792,"template":"","meta":{"_seopress_robots_primary_cat":"none","_seopress_titles_title":"","_seopress_titles_desc":"","_seopress_robots_index":""},"product_brand":[],"product_cat":[15,147,148,149],"product_tag":[],"class_list":{"0":"post-5793","1":"product","2":"type-product","3":"status-publish","4":"has-post-thumbnail","6":"product_cat-all-products","7":"product_cat-30cm","8":"product_cat-32cm-and-bigger","9":"product_cat-square-and-rectangular","11":"first","12":"outofstock","13":"taxable","14":"shipping-taxable","15":"purchasable","16":"product-type-simple"},"_links":{"self":[{"href":"https:\/\/candeebaar.ee\/et\/wp-json\/wp\/v2\/product\/5793","targetHints":{"allow":["GET"]}}],"collection":[{"href":"https:\/\/candeebaar.ee\/et\/wp-json\/wp\/v2\/product"}],"about":[{"href":"https:\/\/candeebaar.ee\/et\/wp-json\/wp\/v2\/types\/product"}],"version-history":[{"count":2,"href":"https:\/\/candeebaar.ee\/et\/wp-json\/wp\/v2\/product\/5793\/revisions"}],"predecessor-version":[{"id":9144,"href":"https:\/\/candeebaar.ee\/et\/wp-json\/wp\/v2\/product\/5793\/revisions\/9144"}],"wp:featuredmedia":[{"embeddable":true,"href":"https:\/\/candeebaar.ee\/et\/wp-json\/wp\/v2\/media\/5792"}],"wp:attachment":[{"href":"https:\/\/candeebaar.ee\/et\/wp-json\/wp\/v2\/media?parent=5793"}],"wp:term":[{"taxonomy":"product_brand","embeddable":true,"href":"https:\/\/candeebaar.ee\/et\/wp-json\/wp\/v2\/product_brand?post=5793"},{"taxonomy":"product_cat","embeddable":true,"href":"https:\/\/candeebaar.ee\/et\/wp-json\/wp\/v2\/product_cat?post=5793"},{"taxonomy":"product_tag","embeddable":true,"href":"https:\/\/candeebaar.ee\/et\/wp-json\/wp\/v2\/product_tag?post=5793"}],"curies":[{"name":"t\u00f6\u00f6leht","href":"https:\/\/api.w.org\/{rel}","templated":true}]}}