{"id":5809,"date":"2024-12-31T20:10:53","date_gmt":"2024-12-31T20:10:53","guid":{"rendered":"https:\/\/storetest.ivi.ee\/product\/ewald-gelatin-50g-powdered\/"},"modified":"2026-04-07T18:37:43","modified_gmt":"2026-04-07T16:37:43","slug":"ewald-zelatiin-50g-pulbrina","status":"publish","type":"product","link":"https:\/\/candeebaar.ee\/et\/pood\/ewald-zelatiin-50g-pulbrina\/","title":{"rendered":"Ewald \u017delatiin 50g pulbriline"},"content":{"rendered":"<p>Tugevus: 220 \u00f5itsengut<br \/>\nTugev pulbriline \u017eelatiin.<br \/>\nProfessionaalseks kasutamiseks.<br \/>\nKaal: 50 g<br \/>\nKoostisosad: \u017eelatiin<br \/>\nTootja: Saksamaa<\/p>\n<p>&nbsp;<\/p>\n<p>&nbsp;<\/p>","protected":false},"excerpt":{"rendered":"<p>Kangus: 220 \u00f5itsengut Tugev pulbriline \u017eelatiin. Professionaalseks kasutamiseks. Mass: 50g Koostis: \u017eelatiin Tootja: Saksamaa &nbsp; &nbsp;<\/p>","protected":false},"featured_media":5811,"template":"","meta":{"_seopress_robots_primary_cat":"none","_seopress_titles_title":"","_seopress_titles_desc":"","_seopress_robots_index":""},"product_brand":[],"product_cat":[15,100],"product_tag":[],"class_list":{"0":"post-5809","1":"product","2":"type-product","3":"status-publish","4":"has-post-thumbnail","6":"product_cat-all-products","7":"product_cat-thickeners","9":"first","10":"instock","11":"taxable","12":"shipping-taxable","13":"purchasable","14":"product-type-simple"},"_links":{"self":[{"href":"https:\/\/candeebaar.ee\/et\/wp-json\/wp\/v2\/product\/5809","targetHints":{"allow":["GET"]}}],"collection":[{"href":"https:\/\/candeebaar.ee\/et\/wp-json\/wp\/v2\/product"}],"about":[{"href":"https:\/\/candeebaar.ee\/et\/wp-json\/wp\/v2\/types\/product"}],"version-history":[{"count":1,"href":"https:\/\/candeebaar.ee\/et\/wp-json\/wp\/v2\/product\/5809\/revisions"}],"predecessor-version":[{"id":5810,"href":"https:\/\/candeebaar.ee\/et\/wp-json\/wp\/v2\/product\/5809\/revisions\/5810"}],"wp:featuredmedia":[{"embeddable":true,"href":"https:\/\/candeebaar.ee\/et\/wp-json\/wp\/v2\/media\/5811"}],"wp:attachment":[{"href":"https:\/\/candeebaar.ee\/et\/wp-json\/wp\/v2\/media?parent=5809"}],"wp:term":[{"taxonomy":"product_brand","embeddable":true,"href":"https:\/\/candeebaar.ee\/et\/wp-json\/wp\/v2\/product_brand?post=5809"},{"taxonomy":"product_cat","embeddable":true,"href":"https:\/\/candeebaar.ee\/et\/wp-json\/wp\/v2\/product_cat?post=5809"},{"taxonomy":"product_tag","embeddable":true,"href":"https:\/\/candeebaar.ee\/et\/wp-json\/wp\/v2\/product_tag?post=5809"}],"curies":[{"name":"t\u00f6\u00f6leht","href":"https:\/\/api.w.org\/{rel}","templated":true}]}}