{"id":5828,"date":"2024-12-31T20:10:53","date_gmt":"2024-12-31T20:10:53","guid":{"rendered":"https:\/\/storetest.ivi.ee\/product\/silicone-mold-animals\/"},"modified":"2026-01-13T18:09:16","modified_gmt":"2026-01-13T16:09:16","slug":"silikoonhallitusloomad","status":"publish","type":"product","link":"https:\/\/candeebaar.ee\/et\/pood\/silikoonhallitusloomad\/","title":{"rendered":"Silikoonvorm &quot;Loomad&quot;"},"content":{"rendered":"<p>Vorm loomade valmistamiseks, mis sobivad suurep\u00e4raselt magustoitude kaunistamiseks, aga ka eraldiseisvate esemete valmistamiseks.<br \/>\nM\u00f5\u00f5dud: 190x100x15mm<br \/>\nTemperatuurivahemik: -40\u00b0 kuni 250\u00b0C<br \/>\nN\u00f5udepesumasinas pestav.<br \/>\nMaterjal: toidu silikoon.<\/p>","protected":false},"excerpt":{"rendered":"<p>Vorm loomade valmistamiseks, mis sobivad suurep\u00e4raselt magustoitude kaunistamiseks, aga ka eraldiseisvate esemete valmistamiseks. M\u00f5\u00f5dud: 190x100x15mm Temperatuurivahemik: -40\u00b0 kuni 250\u00b0C n\u00f5udepesumasinas pestav. Materjal: toidu silikoon.<\/p>","protected":false},"featured_media":5825,"template":"","meta":{"_seopress_robots_primary_cat":"","_seopress_titles_title":"","_seopress_titles_desc":"","_seopress_robots_index":""},"product_brand":[],"product_cat":[15,82,125,127],"product_tag":[],"class_list":{"0":"post-5828","1":"product","2":"type-product","3":"status-publish","4":"has-post-thumbnail","6":"product_cat-all-products","7":"product_cat-chocolate-molds","8":"product_cat-nature","9":"product_cat-ornament","11":"first","12":"outofstock","13":"taxable","14":"shipping-taxable","15":"purchasable","16":"product-type-simple"},"_links":{"self":[{"href":"https:\/\/candeebaar.ee\/et\/wp-json\/wp\/v2\/product\/5828","targetHints":{"allow":["GET"]}}],"collection":[{"href":"https:\/\/candeebaar.ee\/et\/wp-json\/wp\/v2\/product"}],"about":[{"href":"https:\/\/candeebaar.ee\/et\/wp-json\/wp\/v2\/types\/product"}],"version-history":[{"count":1,"href":"https:\/\/candeebaar.ee\/et\/wp-json\/wp\/v2\/product\/5828\/revisions"}],"predecessor-version":[{"id":5829,"href":"https:\/\/candeebaar.ee\/et\/wp-json\/wp\/v2\/product\/5828\/revisions\/5829"}],"wp:featuredmedia":[{"embeddable":true,"href":"https:\/\/candeebaar.ee\/et\/wp-json\/wp\/v2\/media\/5825"}],"wp:attachment":[{"href":"https:\/\/candeebaar.ee\/et\/wp-json\/wp\/v2\/media?parent=5828"}],"wp:term":[{"taxonomy":"product_brand","embeddable":true,"href":"https:\/\/candeebaar.ee\/et\/wp-json\/wp\/v2\/product_brand?post=5828"},{"taxonomy":"product_cat","embeddable":true,"href":"https:\/\/candeebaar.ee\/et\/wp-json\/wp\/v2\/product_cat?post=5828"},{"taxonomy":"product_tag","embeddable":true,"href":"https:\/\/candeebaar.ee\/et\/wp-json\/wp\/v2\/product_tag?post=5828"}],"curies":[{"name":"t\u00f6\u00f6leht","href":"https:\/\/api.w.org\/{rel}","templated":true}]}}