{"id":5833,"date":"2024-12-31T20:10:53","date_gmt":"2024-12-31T20:10:53","guid":{"rendered":"https:\/\/storetest.ivi.ee\/product\/freeze-dried-strawberry-pieces-3-5mm-40g\/"},"modified":"2026-04-06T11:03:28","modified_gmt":"2026-04-06T09:03:28","slug":"kulmkuivatatud-maasikatukid-3-5mm-40g","status":"publish","type":"product","link":"https:\/\/candeebaar.ee\/et\/pood\/kulmkuivatatud-maasikatukid-3-5mm-40g\/","title":{"rendered":"K\u00fclmkuivatatud maasikat\u00fckid 3-5mm 40g"},"content":{"rendered":"<p>K\u00fclmkuivatatud maasikad on erilise v\u00e4\u00e4rtusega. Uuringud on n\u00e4idanud, et see mari s\u00e4ilitab p\u00e4rast sellisel viisil t\u00f6\u00f6tlemist k\u00f5ik kasulikud ained. Selle toote regulaarne tarbimine v\u00f5ib tugevdada immuuns\u00fcsteemi ja t\u00e4iendada mikrotoitainete varusid. Madal kalorsus ja positiivne m\u00f5ju ainevahetusele muudavad marja kaalu normaliseerimise protsessis asendamatuks. Seda toodet kasutatakse aktiivselt tervislikus toitumises ja see v\u00f5ib olla suurep\u00e4rane lisand omatehtud roogadele, nagu puder, kompotid ja k\u00fcpsetised. Lisaks on k\u00fclmkuivatatud maasikad asendamatud kondiitritoodete valmistamisel \u2013 pagarit\u00f6\u00f6kodadele, kohvikutele ja magustoitude valmistamise tehastele. Marja s\u00e4ilib h\u00e4sti ega vaja erilisi temperatuuritingimusi. Pealegi on k\u00fclmkuivatatud marjade maksumus oluliselt madalam v\u00f5rreldes v\u00e4rskete marjade ostmisega. See saavutatakse t\u00e4nu ostetud toote k\u00f5rgele kontsentratsioonile.<br \/>\nHoida pimedas kohas temperatuuril mitte \u00fcle 20\u00b0C ja suhtelise \u00f5huniiskuse juures mitte \u00fcle 70% <strong>tihedalt suletud pakendis<\/strong>.<br \/>\nFraktsioon: 3-5 mm<br \/>\nKaal: 40 g<br \/>\nKoostisosad: k\u00fclmkuivatatud maasikad<\/p>","protected":false},"excerpt":{"rendered":"<p>K\u00fclmkuivatatud maasikad on erilise v\u00e4\u00e4rtusega. Uuringud on n\u00e4idanud, et see mari s\u00e4ilitab p\u00e4rast sellisel viisil t\u00f6\u00f6tlemist k\u00f5ik kasulikud ained. Selle toote regulaarne tarbimine v\u00f5ib tugevdada immuuns\u00fcsteemi ja t\u00e4iendada mikrotoitainete varusid. Madal kalorsus ja positiivne m\u00f5ju ainevahetusele muudavad marja kaalu normaliseerimise protsessis asendamatuks. [\u2026]<\/p>","protected":false},"featured_media":5835,"template":"","meta":{"_seopress_robots_primary_cat":"none","_seopress_titles_title":"","_seopress_titles_desc":"","_seopress_robots_index":""},"product_brand":[],"product_cat":[183,15,98],"product_tag":[],"class_list":{"0":"post-5833","1":"product","2":"type-product","3":"status-publish","4":"has-post-thumbnail","6":"product_cat-valentines-day","7":"product_cat-all-products","8":"product_cat-dry-and-sublimated-products","10":"first","11":"instock","12":"taxable","13":"shipping-taxable","14":"purchasable","15":"product-type-simple"},"_links":{"self":[{"href":"https:\/\/candeebaar.ee\/et\/wp-json\/wp\/v2\/product\/5833","targetHints":{"allow":["GET"]}}],"collection":[{"href":"https:\/\/candeebaar.ee\/et\/wp-json\/wp\/v2\/product"}],"about":[{"href":"https:\/\/candeebaar.ee\/et\/wp-json\/wp\/v2\/types\/product"}],"version-history":[{"count":2,"href":"https:\/\/candeebaar.ee\/et\/wp-json\/wp\/v2\/product\/5833\/revisions"}],"predecessor-version":[{"id":12589,"href":"https:\/\/candeebaar.ee\/et\/wp-json\/wp\/v2\/product\/5833\/revisions\/12589"}],"wp:featuredmedia":[{"embeddable":true,"href":"https:\/\/candeebaar.ee\/et\/wp-json\/wp\/v2\/media\/5835"}],"wp:attachment":[{"href":"https:\/\/candeebaar.ee\/et\/wp-json\/wp\/v2\/media?parent=5833"}],"wp:term":[{"taxonomy":"product_brand","embeddable":true,"href":"https:\/\/candeebaar.ee\/et\/wp-json\/wp\/v2\/product_brand?post=5833"},{"taxonomy":"product_cat","embeddable":true,"href":"https:\/\/candeebaar.ee\/et\/wp-json\/wp\/v2\/product_cat?post=5833"},{"taxonomy":"product_tag","embeddable":true,"href":"https:\/\/candeebaar.ee\/et\/wp-json\/wp\/v2\/product_tag?post=5833"}],"curies":[{"name":"t\u00f6\u00f6leht","href":"https:\/\/api.w.org\/{rel}","templated":true}]}}