{"id":5839,"date":"2024-12-31T20:10:53","date_gmt":"2024-12-31T20:10:53","guid":{"rendered":"https:\/\/storetest.ivi.ee\/product\/whole-freeze-dried-raspberry-30g\/"},"modified":"2026-04-06T12:23:08","modified_gmt":"2026-04-06T10:23:08","slug":"terve-kulmkuivatatud-vaarikas-30g","status":"publish","type":"product","link":"https:\/\/candeebaar.ee\/et\/pood\/terve-kulmkuivatatud-vaarikas-30g\/","title":{"rendered":"Terve k\u00fclmkuivatatud vaarikas 30g"},"content":{"rendered":"<p>Eriti v\u00e4\u00e4rtuslik on k\u00fclmkuivatatud vaarikas. Uuringud on n\u00e4idanud, et see mari s\u00e4ilitab p\u00e4rast sellisel viisil t\u00f6\u00f6tlemist k\u00f5ik kasulikud ained. Selle toote regulaarne tarbimine v\u00f5ib tugevdada immuuns\u00fcsteemi ja t\u00e4iendada mikrotoitainete varusid. Madal kalorsus ja positiivne m\u00f5ju ainevahetusele muudavad marja kaalu normaliseerimise protsessis asendamatuks. Seda toodet kasutatakse aktiivselt tervislikus toitumises ja see v\u00f5ib olla suurep\u00e4rane lisand omatehtud roogadele, nagu puder, kompotid ja k\u00fcpsetised. Lisaks on k\u00fclmkuivatamise teel t\u00f6\u00f6deldud vaarikas asendamatu kondiitritoodete valmistamisel \u2013 pagarit\u00f6\u00f6kodadele, kohvikutele ja magustoitude valmistamise tehastele. Marja s\u00e4ilib h\u00e4sti ega vaja erilisi temperatuuritingimusi. Pealegi on k\u00fclmkuivatatud marjade maksumus oluliselt madalam v\u00f5rreldes v\u00e4rskete marjade ostmisega. See saavutatakse t\u00e4nu ostetud toote k\u00f5rgele kontsentratsioonile.<br \/>\nHoida pimedas kohas temperatuuril mitte \u00fcle 20\u00b0C ja suhtelise \u00f5huniiskuse juures mitte \u00fcle 70% <strong>tihedalt suletud pakendis<\/strong>.<br \/>\nKaal: 30 g<br \/>\nKoostisosad: k\u00fclmkuivatatud vaarikas<\/p>","protected":false},"excerpt":{"rendered":"<p>Eriti v\u00e4\u00e4rtuslik on k\u00fclmkuivatatud vaarikas. Uuringud on n\u00e4idanud, et see mari s\u00e4ilitab p\u00e4rast sellisel viisil t\u00f6\u00f6tlemist k\u00f5ik kasulikud ained. Selle toote regulaarne tarbimine v\u00f5ib tugevdada immuuns\u00fcsteemi ja t\u00e4iendada mikrotoitainete varusid. Madal kalorsus ja positiivne m\u00f5ju ainevahetusele muudavad marja kaalu normaliseerimise protsessis asendamatuks. [\u2026]<\/p>","protected":false},"featured_media":5841,"template":"","meta":{"_seopress_robots_primary_cat":"none","_seopress_titles_title":"","_seopress_titles_desc":"","_seopress_robots_index":""},"product_brand":[],"product_cat":[183,15,98],"product_tag":[],"class_list":{"0":"post-5839","1":"product","2":"type-product","3":"status-publish","4":"has-post-thumbnail","6":"product_cat-valentines-day","7":"product_cat-all-products","8":"product_cat-dry-and-sublimated-products","10":"first","11":"instock","12":"taxable","13":"shipping-taxable","14":"purchasable","15":"product-type-simple"},"_links":{"self":[{"href":"https:\/\/candeebaar.ee\/et\/wp-json\/wp\/v2\/product\/5839","targetHints":{"allow":["GET"]}}],"collection":[{"href":"https:\/\/candeebaar.ee\/et\/wp-json\/wp\/v2\/product"}],"about":[{"href":"https:\/\/candeebaar.ee\/et\/wp-json\/wp\/v2\/types\/product"}],"version-history":[{"count":2,"href":"https:\/\/candeebaar.ee\/et\/wp-json\/wp\/v2\/product\/5839\/revisions"}],"predecessor-version":[{"id":13045,"href":"https:\/\/candeebaar.ee\/et\/wp-json\/wp\/v2\/product\/5839\/revisions\/13045"}],"wp:featuredmedia":[{"embeddable":true,"href":"https:\/\/candeebaar.ee\/et\/wp-json\/wp\/v2\/media\/5841"}],"wp:attachment":[{"href":"https:\/\/candeebaar.ee\/et\/wp-json\/wp\/v2\/media?parent=5839"}],"wp:term":[{"taxonomy":"product_brand","embeddable":true,"href":"https:\/\/candeebaar.ee\/et\/wp-json\/wp\/v2\/product_brand?post=5839"},{"taxonomy":"product_cat","embeddable":true,"href":"https:\/\/candeebaar.ee\/et\/wp-json\/wp\/v2\/product_cat?post=5839"},{"taxonomy":"product_tag","embeddable":true,"href":"https:\/\/candeebaar.ee\/et\/wp-json\/wp\/v2\/product_tag?post=5839"}],"curies":[{"name":"t\u00f6\u00f6leht","href":"https:\/\/api.w.org\/{rel}","templated":true}]}}