{"id":5869,"date":"2024-12-31T20:11:11","date_gmt":"2024-12-31T20:11:11","guid":{"rendered":"https:\/\/storetest.ivi.ee\/product\/callebaut-crispearls-mona-lisa-gold-salted-caramel-100g\/"},"modified":"2026-04-07T08:42:47","modified_gmt":"2026-04-07T06:42:47","slug":"callebaut-crispearls-mona-lisa-kulla-soolakaramell-100g","status":"publish","type":"product","link":"https:\/\/candeebaar.ee\/et\/pood\/callebaut-crispearls-mona-lisa-kulla-soolakaramell-100g\/","title":{"rendered":"Callebaut Crispearls \u201cMona Lisa\u201d Kuldne soolakaramell 100g"},"content":{"rendered":"<p>Kr\u00f5bedad dra\u017eeed valges \u0161okolaadis soolakaramelliga Callebaut.<br \/>\nSuurep\u00e4rane kaunistus igale magustoidule.<br \/>\nKoostisosad: valge kate karamelliga 84% (suhkur, kakaov\u00f5i, <strong>piima<\/strong> pulber, karamellipulber 10.5% (l\u00f5ss <strong>piima<\/strong>, kuiv <strong>vadak<\/strong>, suhkur, <strong>piima<\/strong> rasv, looduslik vanilje maitseaine), karamelliseeritud suhkur 1,5%, emulgaator E322 (p\u00e4evalill), kakaomass, sool, soolatud teravilja graanulid (<strong>nisu<\/strong> jahu, suhkur, sool, <strong>kaer<\/strong> jahu, <strong>nisulinnased<\/strong> jahu, kergitusaine E500ii, looduslik vanilje maitseaine), gl\u00fckoosisiirup, suhkur, glasuur E414.<br \/>\nPalli suurus \u2248 5 mm<br \/>\nKaal: 100g<br \/>\nTootja: Callebaut, Belgia<\/p>","protected":false},"excerpt":{"rendered":"<p>Kr\u00f5bedad dra\u017eeed valges \u0161okolaadis soolakaramelliga Callebaut. Suurep\u00e4rane kaunistus igale magustoidule. Koostis: valge kate karamelliga 84% (suhkur, kakaov\u00f5i, piimapulber, karamellipulber 10.5% (l\u00f5ss, kuiv vadak, suhkur, piimarasv, looduslik vanilje maitseaine), karamellisuhkur 1.5%, emulgaator E322 (p\u00e4ikesevoo masseerija). , sool, soolatud teraviljagraanulid (nisu jahu, suhkur, sool, [\u2026]<\/p>","protected":false},"featured_media":5871,"template":"","meta":{"_seopress_robots_primary_cat":"none","_seopress_titles_title":"","_seopress_titles_desc":"","_seopress_robots_index":""},"product_brand":[],"product_cat":[15,110,104],"product_tag":[],"class_list":{"0":"post-5869","1":"product","2":"type-product","3":"status-publish","4":"has-post-thumbnail","6":"product_cat-all-products","7":"product_cat-callebaut","8":"product_cat-sprinkles","9":"brand-callebaut","11":"first","12":"instock","13":"taxable","14":"shipping-taxable","15":"purchasable","16":"product-type-simple"},"_links":{"self":[{"href":"https:\/\/candeebaar.ee\/et\/wp-json\/wp\/v2\/product\/5869","targetHints":{"allow":["GET"]}}],"collection":[{"href":"https:\/\/candeebaar.ee\/et\/wp-json\/wp\/v2\/product"}],"about":[{"href":"https:\/\/candeebaar.ee\/et\/wp-json\/wp\/v2\/types\/product"}],"version-history":[{"count":1,"href":"https:\/\/candeebaar.ee\/et\/wp-json\/wp\/v2\/product\/5869\/revisions"}],"predecessor-version":[{"id":5870,"href":"https:\/\/candeebaar.ee\/et\/wp-json\/wp\/v2\/product\/5869\/revisions\/5870"}],"wp:featuredmedia":[{"embeddable":true,"href":"https:\/\/candeebaar.ee\/et\/wp-json\/wp\/v2\/media\/5871"}],"wp:attachment":[{"href":"https:\/\/candeebaar.ee\/et\/wp-json\/wp\/v2\/media?parent=5869"}],"wp:term":[{"taxonomy":"product_brand","embeddable":true,"href":"https:\/\/candeebaar.ee\/et\/wp-json\/wp\/v2\/product_brand?post=5869"},{"taxonomy":"product_cat","embeddable":true,"href":"https:\/\/candeebaar.ee\/et\/wp-json\/wp\/v2\/product_cat?post=5869"},{"taxonomy":"product_tag","embeddable":true,"href":"https:\/\/candeebaar.ee\/et\/wp-json\/wp\/v2\/product_tag?post=5869"}],"curies":[{"name":"t\u00f6\u00f6leht","href":"https:\/\/api.w.org\/{rel}","templated":true}]}}