{"id":5882,"date":"2024-12-31T20:11:11","date_gmt":"2024-12-31T20:11:11","guid":{"rendered":"https:\/\/storetest.ivi.ee\/product\/metal-rolling-pin-25cm\/"},"modified":"2026-03-31T12:24:39","modified_gmt":"2026-03-31T10:24:39","slug":"metallist-taignarull-25cm","status":"publish","type":"product","link":"https:\/\/candeebaar.ee\/et\/pood\/metallist-taignarull-25cm\/","title":{"rendered":"Metallist taignarull 25cm"},"content":{"rendered":"<p>Metallist taignarull taigna ja fondandi jaoks.<br \/>\nMaterjal: roostevaba teras<br \/>\nM\u00f5\u00f5dud: 25\u00d72,4cm<br \/>\nKaal: 73g<br \/>\nToodetud: Hiinas<\/p>","protected":false},"excerpt":{"rendered":"<p>Metallist taignarull taigna ja fondandi jaoks. Materjal: roostevaba teras M\u00f5\u00f5dud: 25\u00d72,4cm Kaal: 73g Valmistatud: Hiinas<\/p>","protected":false},"featured_media":5884,"template":"","meta":{"_seopress_robots_primary_cat":"none","_seopress_titles_title":"","_seopress_titles_desc":"","_seopress_robots_index":""},"product_brand":[],"product_cat":[15,84],"product_tag":[],"class_list":{"0":"post-5882","1":"product","2":"type-product","3":"status-publish","4":"has-post-thumbnail","6":"product_cat-all-products","7":"product_cat-tools","9":"first","10":"instock","11":"taxable","12":"shipping-taxable","13":"purchasable","14":"product-type-simple"},"_links":{"self":[{"href":"https:\/\/candeebaar.ee\/et\/wp-json\/wp\/v2\/product\/5882","targetHints":{"allow":["GET"]}}],"collection":[{"href":"https:\/\/candeebaar.ee\/et\/wp-json\/wp\/v2\/product"}],"about":[{"href":"https:\/\/candeebaar.ee\/et\/wp-json\/wp\/v2\/types\/product"}],"version-history":[{"count":1,"href":"https:\/\/candeebaar.ee\/et\/wp-json\/wp\/v2\/product\/5882\/revisions"}],"predecessor-version":[{"id":5883,"href":"https:\/\/candeebaar.ee\/et\/wp-json\/wp\/v2\/product\/5882\/revisions\/5883"}],"wp:featuredmedia":[{"embeddable":true,"href":"https:\/\/candeebaar.ee\/et\/wp-json\/wp\/v2\/media\/5884"}],"wp:attachment":[{"href":"https:\/\/candeebaar.ee\/et\/wp-json\/wp\/v2\/media?parent=5882"}],"wp:term":[{"taxonomy":"product_brand","embeddable":true,"href":"https:\/\/candeebaar.ee\/et\/wp-json\/wp\/v2\/product_brand?post=5882"},{"taxonomy":"product_cat","embeddable":true,"href":"https:\/\/candeebaar.ee\/et\/wp-json\/wp\/v2\/product_cat?post=5882"},{"taxonomy":"product_tag","embeddable":true,"href":"https:\/\/candeebaar.ee\/et\/wp-json\/wp\/v2\/product_tag?post=5882"}],"curies":[{"name":"t\u00f6\u00f6leht","href":"https:\/\/api.w.org\/{rel}","templated":true}]}}