{"id":5885,"date":"2024-12-31T20:11:11","date_gmt":"2024-12-31T20:11:11","guid":{"rendered":"https:\/\/storetest.ivi.ee\/product\/cherry-puree-ravifruit-1000g\/"},"modified":"2025-11-06T11:59:37","modified_gmt":"2025-11-06T09:59:37","slug":"kirsipuree-ravifruit-1000g","status":"publish","type":"product","link":"https:\/\/candeebaar.ee\/et\/pood\/kirsipuree-ravifruit-1000g\/","title":{"rendered":"Kirsip\u00fcree Ravifruit 1000g"},"content":{"rendered":"<p>Looduslikest puuviljadest valmistatud marjap\u00fcree. Sobib suurep\u00e4raselt vahukookide, vahukommide, kreemide jms valmistamiseks.<br \/>\n Kaal: 1000g<br \/>\n Koostisosad: kirss 90% Suhkur 10%<br \/>\n Ei sisalda maitselisandeid, v\u00e4rvaineid ega s\u00e4ilitusaineid.<br \/>\n Hoida pimedas jahedas kohas.<br \/>\n K\u00f5lblikkusaeg: vaata pakendilt<br \/>\n Tootja: Ravifruit France<\/p>\n<p> <iframe src=\"\/\/www.youtube.com\/embed\/zjWpzJxaZic\" width=\"560\" height=\"314\" allowfullscreen=\"allowfullscreen\"><\/iframe><\/p>\n<p> &nbsp;<\/p>\n<p> &nbsp;<\/p>","protected":false},"excerpt":{"rendered":"<p>Looduslikest puuviljadest valmistatud marjap\u00fcree. Ideaalne vahukookide, vahukommide, kreemide jms valmistamiseks. Mass: 1000g Koostis: kirss 90% Suhkur 10% Ei sisalda maitselisandeid, v\u00e4rvaineid ega s\u00e4ilitusaineid. Hoida pimedas jahedas kohas. K\u00f5lblikkusaeg: vaata pakendilt Tootja: Ravifruit France &nbsp; &nbsp;<\/p>","protected":false},"featured_media":5887,"template":"","meta":{"_seopress_robots_primary_cat":"","_seopress_titles_title":"","_seopress_titles_desc":"","_seopress_robots_index":""},"product_brand":[],"product_cat":[15,99],"product_tag":[],"class_list":{"0":"post-5885","1":"product","2":"type-product","3":"status-publish","4":"has-post-thumbnail","6":"product_cat-all-products","7":"product_cat-fruit-purees","9":"first","10":"instock","11":"taxable","12":"shipping-taxable","13":"purchasable","14":"product-type-simple"},"_links":{"self":[{"href":"https:\/\/candeebaar.ee\/et\/wp-json\/wp\/v2\/product\/5885","targetHints":{"allow":["GET"]}}],"collection":[{"href":"https:\/\/candeebaar.ee\/et\/wp-json\/wp\/v2\/product"}],"about":[{"href":"https:\/\/candeebaar.ee\/et\/wp-json\/wp\/v2\/types\/product"}],"version-history":[{"count":1,"href":"https:\/\/candeebaar.ee\/et\/wp-json\/wp\/v2\/product\/5885\/revisions"}],"predecessor-version":[{"id":5886,"href":"https:\/\/candeebaar.ee\/et\/wp-json\/wp\/v2\/product\/5885\/revisions\/5886"}],"wp:featuredmedia":[{"embeddable":true,"href":"https:\/\/candeebaar.ee\/et\/wp-json\/wp\/v2\/media\/5887"}],"wp:attachment":[{"href":"https:\/\/candeebaar.ee\/et\/wp-json\/wp\/v2\/media?parent=5885"}],"wp:term":[{"taxonomy":"product_brand","embeddable":true,"href":"https:\/\/candeebaar.ee\/et\/wp-json\/wp\/v2\/product_brand?post=5885"},{"taxonomy":"product_cat","embeddable":true,"href":"https:\/\/candeebaar.ee\/et\/wp-json\/wp\/v2\/product_cat?post=5885"},{"taxonomy":"product_tag","embeddable":true,"href":"https:\/\/candeebaar.ee\/et\/wp-json\/wp\/v2\/product_tag?post=5885"}],"curies":[{"name":"t\u00f6\u00f6leht","href":"https:\/\/api.w.org\/{rel}","templated":true}]}}