{"id":5927,"date":"2024-12-31T20:11:17","date_gmt":"2024-12-31T20:11:17","guid":{"rendered":"https:\/\/storetest.ivi.ee\/product\/piping-tip-weaving-8mm\/"},"modified":"2025-01-02T18:47:59","modified_gmt":"2025-01-02T18:47:59","slug":"8-mm-paelaotsa-punumine","status":"publish","type":"product","link":"https:\/\/candeebaar.ee\/et\/pood\/8-mm-paelaotsa-punumine\/","title":{"rendered":"Paelaotsa punumine 8mm"},"content":{"rendered":"<p>Roostevabast terasest kondiitriotsik.<br \/>\nM\u00f5\u00f5dud: 17x28mm:<br \/>\nV\u00e4ljund: 8mm<\/p>","protected":false},"excerpt":{"rendered":"<p>Roostevabast terasest kondiitriots. Suurus: 17x28mm. L\u00e4bim\u00f5\u00f5t: 8mm.<\/p>","protected":false},"featured_media":5929,"template":"","meta":{"_seopress_robots_primary_cat":"","_seopress_titles_title":"","_seopress_titles_desc":"","_seopress_robots_index":""},"product_brand":[],"product_cat":[15,122],"product_tag":[],"class_list":{"0":"post-5927","1":"product","2":"type-product","3":"status-publish","4":"has-post-thumbnail","6":"product_cat-all-products","7":"product_cat-miscellaneous","9":"first","10":"outofstock","11":"taxable","12":"shipping-taxable","13":"purchasable","14":"product-type-simple"},"_links":{"self":[{"href":"https:\/\/candeebaar.ee\/et\/wp-json\/wp\/v2\/product\/5927","targetHints":{"allow":["GET"]}}],"collection":[{"href":"https:\/\/candeebaar.ee\/et\/wp-json\/wp\/v2\/product"}],"about":[{"href":"https:\/\/candeebaar.ee\/et\/wp-json\/wp\/v2\/types\/product"}],"version-history":[{"count":1,"href":"https:\/\/candeebaar.ee\/et\/wp-json\/wp\/v2\/product\/5927\/revisions"}],"predecessor-version":[{"id":5928,"href":"https:\/\/candeebaar.ee\/et\/wp-json\/wp\/v2\/product\/5927\/revisions\/5928"}],"wp:featuredmedia":[{"embeddable":true,"href":"https:\/\/candeebaar.ee\/et\/wp-json\/wp\/v2\/media\/5929"}],"wp:attachment":[{"href":"https:\/\/candeebaar.ee\/et\/wp-json\/wp\/v2\/media?parent=5927"}],"wp:term":[{"taxonomy":"product_brand","embeddable":true,"href":"https:\/\/candeebaar.ee\/et\/wp-json\/wp\/v2\/product_brand?post=5927"},{"taxonomy":"product_cat","embeddable":true,"href":"https:\/\/candeebaar.ee\/et\/wp-json\/wp\/v2\/product_cat?post=5927"},{"taxonomy":"product_tag","embeddable":true,"href":"https:\/\/candeebaar.ee\/et\/wp-json\/wp\/v2\/product_tag?post=5927"}],"curies":[{"name":"t\u00f6\u00f6leht","href":"https:\/\/api.w.org\/{rel}","templated":true}]}}