{"id":5982,"date":"2024-12-31T20:11:29","date_gmt":"2024-12-31T20:11:29","guid":{"rendered":"https:\/\/storetest.ivi.ee\/product\/white-glaze-royal-steensma-1000g\/"},"modified":"2026-04-07T08:31:01","modified_gmt":"2026-04-07T06:31:01","slug":"valge-glasuur-kuninglik-steensma-1000g","status":"publish","type":"product","link":"https:\/\/candeebaar.ee\/et\/pood\/valge-glasuur-kuninglik-steensma-1000g\/","title":{"rendered":"Valge glasuur Royal Steensma 1000g"},"content":{"rendered":"<p>Valge meeldiva vaniljemaitsega glasuur, mis ei sisalda GMO-sid ja transrasvu.<br \/>\nKaal: 1000g<br \/>\nSisu 100g kohta:<br \/>\nEnergia: 561kCal<br \/>\nRasvad (k\u00fcllastunud): 32(29)g<br \/>\nS\u00fcsivesikud (suhkur): 67 (67)g<br \/>\nValgud: 0 g<br \/>\nKakaosisaldus: 0%<br \/>\nKoostis: suhkur; taime\u00f5li (palmi, kookos), emulgaator E322 (sojaletsitiin), vanilliin.<br \/>\nV\u00e4rv: valge<br \/>\nTootja: Royal Steensma, Holland<br \/>\nHoidke toodet puhastes ruumides, kus ei esine v\u00f5\u00f5rl\u00f5hna (suhteline \u00f5huniiskus mitte \u00fcle 70%).<br \/>\nS\u00e4ilitustemperatuur: 12 \u2013 20 \u00b0C<br \/>\nV\u00f5ib sisaldada j\u00e4lgi <strong>piim, laktoos, soja ja p\u00e4hklid.<br \/>\n<\/strong><\/p>","protected":false},"excerpt":{"rendered":"<p>Valge glasuur meeldiva vanilje maitsega, GMO-de ja transrasvade vaba. Mass: 1000g Sisu 100g kohta: Energia: 561kCal Rasvad (k\u00fcllastunud): 32(29)g S\u00fcsivesikud (suhkur): 67 (67)g Valgud: 0g Kakaosisaldus: 0% Koostis: suhkur; taime\u00f5li (palmi, kookos), emulgaator E322 (sojaletsitiin), vanilliin. V\u00e4rv: valge Tootja: Royal Steensma, Holland Hoidke toodet puhastes ruumides, [\u2026]<\/p>","protected":false},"featured_media":5981,"template":"","meta":{"_seopress_robots_primary_cat":"none","_seopress_titles_title":"","_seopress_titles_desc":"","_seopress_robots_index":""},"product_brand":[],"product_cat":[15,111],"product_tag":[],"class_list":{"0":"post-5982","1":"product","2":"type-product","3":"status-publish","4":"has-post-thumbnail","6":"product_cat-all-products","7":"product_cat-cacao-mill","9":"first","10":"instock","11":"taxable","12":"shipping-taxable","13":"purchasable","14":"product-type-simple"},"_links":{"self":[{"href":"https:\/\/candeebaar.ee\/et\/wp-json\/wp\/v2\/product\/5982","targetHints":{"allow":["GET"]}}],"collection":[{"href":"https:\/\/candeebaar.ee\/et\/wp-json\/wp\/v2\/product"}],"about":[{"href":"https:\/\/candeebaar.ee\/et\/wp-json\/wp\/v2\/types\/product"}],"version-history":[{"count":3,"href":"https:\/\/candeebaar.ee\/et\/wp-json\/wp\/v2\/product\/5982\/revisions"}],"predecessor-version":[{"id":13297,"href":"https:\/\/candeebaar.ee\/et\/wp-json\/wp\/v2\/product\/5982\/revisions\/13297"}],"wp:featuredmedia":[{"embeddable":true,"href":"https:\/\/candeebaar.ee\/et\/wp-json\/wp\/v2\/media\/5981"}],"wp:attachment":[{"href":"https:\/\/candeebaar.ee\/et\/wp-json\/wp\/v2\/media?parent=5982"}],"wp:term":[{"taxonomy":"product_brand","embeddable":true,"href":"https:\/\/candeebaar.ee\/et\/wp-json\/wp\/v2\/product_brand?post=5982"},{"taxonomy":"product_cat","embeddable":true,"href":"https:\/\/candeebaar.ee\/et\/wp-json\/wp\/v2\/product_cat?post=5982"},{"taxonomy":"product_tag","embeddable":true,"href":"https:\/\/candeebaar.ee\/et\/wp-json\/wp\/v2\/product_tag?post=5982"}],"curies":[{"name":"t\u00f6\u00f6leht","href":"https:\/\/api.w.org\/{rel}","templated":true}]}}