{"id":6002,"date":"2024-12-31T20:11:29","date_gmt":"2024-12-31T20:11:29","guid":{"rendered":"https:\/\/storetest.ivi.ee\/product\/box-for-cake-21-21-3027cm\/"},"modified":"2024-12-31T20:11:30","modified_gmt":"2024-12-31T20:11:30","slug":"koogikarp-21-21-3027cm","status":"publish","type":"product","link":"https:\/\/candeebaar.ee\/et\/pood\/koogikarp-21-21-3027cm\/","title":{"rendered":"Karp tordi jaoks 21 21 30(27)cm"},"content":{"rendered":"<p>Kinkekarp koogile.<br \/>\n Koosneb 2 osast, vastupidav ja mugav kasutada.<br \/>\n Materjal: papp, plastik<br \/>\n Suurus (l\/k\/p): 21x21x30cm (t\u00f6\u00f6k\u00f5rgus 27cm)<br \/>\n Tootja: Itaalia<\/p>","protected":false},"excerpt":{"rendered":"<p>Kinkekarp koogile. Koosneb 2 osast, vastupidav ja mugav kasutada. Materjal: papp, plastik M\u00f5\u00f5dud (l\/k\/p): 21x21x30cm (t\u00f6\u00f6k\u00f5rgus 27cm) Tootja: Itaalia<\/p>","protected":false},"featured_media":6004,"template":"","meta":{"_seopress_robots_primary_cat":"","_seopress_titles_title":"","_seopress_titles_desc":"","_seopress_robots_index":""},"product_brand":[],"product_cat":[15],"product_tag":[],"class_list":{"0":"post-6002","1":"product","2":"type-product","3":"status-publish","4":"has-post-thumbnail","6":"product_cat-all-products","8":"first","9":"instock","10":"taxable","11":"shipping-taxable","12":"purchasable","13":"product-type-simple"},"_links":{"self":[{"href":"https:\/\/candeebaar.ee\/et\/wp-json\/wp\/v2\/product\/6002","targetHints":{"allow":["GET"]}}],"collection":[{"href":"https:\/\/candeebaar.ee\/et\/wp-json\/wp\/v2\/product"}],"about":[{"href":"https:\/\/candeebaar.ee\/et\/wp-json\/wp\/v2\/types\/product"}],"version-history":[{"count":1,"href":"https:\/\/candeebaar.ee\/et\/wp-json\/wp\/v2\/product\/6002\/revisions"}],"predecessor-version":[{"id":6003,"href":"https:\/\/candeebaar.ee\/et\/wp-json\/wp\/v2\/product\/6002\/revisions\/6003"}],"wp:featuredmedia":[{"embeddable":true,"href":"https:\/\/candeebaar.ee\/et\/wp-json\/wp\/v2\/media\/6004"}],"wp:attachment":[{"href":"https:\/\/candeebaar.ee\/et\/wp-json\/wp\/v2\/media?parent=6002"}],"wp:term":[{"taxonomy":"product_brand","embeddable":true,"href":"https:\/\/candeebaar.ee\/et\/wp-json\/wp\/v2\/product_brand?post=6002"},{"taxonomy":"product_cat","embeddable":true,"href":"https:\/\/candeebaar.ee\/et\/wp-json\/wp\/v2\/product_cat?post=6002"},{"taxonomy":"product_tag","embeddable":true,"href":"https:\/\/candeebaar.ee\/et\/wp-json\/wp\/v2\/product_tag?post=6002"}],"curies":[{"name":"t\u00f6\u00f6leht","href":"https:\/\/api.w.org\/{rel}","templated":true}]}}