{"id":6014,"date":"2024-12-31T20:11:29","date_gmt":"2024-12-31T20:11:29","guid":{"rendered":"https:\/\/storetest.ivi.ee\/product\/fat-soluble-dye-red-20g-food-colours\/"},"modified":"2026-03-22T17:57:22","modified_gmt":"2026-03-22T15:57:22","slug":"rasvlahustuv-varvaine-punane-20g-toiduvarve","status":"publish","type":"product","link":"https:\/\/candeebaar.ee\/et\/pood\/rasvlahustuv-varvaine-punane-20g-toiduvarve\/","title":{"rendered":"Rasvlahustuvad Dye Red 20g toiduv\u00e4rvid"},"content":{"rendered":"<p>Toiduv\u00e4rv, rasvlahustuv, kasutatakse valge \u0161okolaadi ja muude rasva sisaldavate toodete v\u00e4rvimiseks.<br \/>\nKaal: 20 g<br \/>\nKoostisosad: toiduv\u00e4rv E124 (v\u00f5ib avaldada negatiivset m\u00f5ju laste aktiivsusele ja t\u00e4helepanuv\u00f5imele).<br \/>\nTootja: Food Colours, Poola<\/p>","protected":false},"excerpt":{"rendered":"<p>Toiduv\u00e4rv, rasvlahustuv, kasutatakse valge \u0161okolaadi ja muude rasva sisaldavate toodete v\u00e4rvimiseks. Mass: 20g Koostis: toiduv\u00e4rv E124 (v\u00f5ib avaldada negatiivset m\u00f5ju laste aktiivsusele ja t\u00e4helepanuv\u00f5imele). Tootja: Food Colours, Poola<\/p>","protected":false},"featured_media":6012,"template":"","meta":{"_seopress_robots_primary_cat":"none","_seopress_titles_title":"","_seopress_titles_desc":"","_seopress_robots_index":""},"product_brand":[],"product_cat":[15,113],"product_tag":[],"class_list":{"0":"post-6014","1":"product","2":"type-product","3":"status-publish","4":"has-post-thumbnail","6":"product_cat-all-products","7":"product_cat-powder-fat-soluble","9":"first","10":"instock","11":"taxable","12":"shipping-taxable","13":"purchasable","14":"product-type-simple"},"_links":{"self":[{"href":"https:\/\/candeebaar.ee\/et\/wp-json\/wp\/v2\/product\/6014","targetHints":{"allow":["GET"]}}],"collection":[{"href":"https:\/\/candeebaar.ee\/et\/wp-json\/wp\/v2\/product"}],"about":[{"href":"https:\/\/candeebaar.ee\/et\/wp-json\/wp\/v2\/types\/product"}],"version-history":[{"count":1,"href":"https:\/\/candeebaar.ee\/et\/wp-json\/wp\/v2\/product\/6014\/revisions"}],"predecessor-version":[{"id":6015,"href":"https:\/\/candeebaar.ee\/et\/wp-json\/wp\/v2\/product\/6014\/revisions\/6015"}],"wp:featuredmedia":[{"embeddable":true,"href":"https:\/\/candeebaar.ee\/et\/wp-json\/wp\/v2\/media\/6012"}],"wp:attachment":[{"href":"https:\/\/candeebaar.ee\/et\/wp-json\/wp\/v2\/media?parent=6014"}],"wp:term":[{"taxonomy":"product_brand","embeddable":true,"href":"https:\/\/candeebaar.ee\/et\/wp-json\/wp\/v2\/product_brand?post=6014"},{"taxonomy":"product_cat","embeddable":true,"href":"https:\/\/candeebaar.ee\/et\/wp-json\/wp\/v2\/product_cat?post=6014"},{"taxonomy":"product_tag","embeddable":true,"href":"https:\/\/candeebaar.ee\/et\/wp-json\/wp\/v2\/product_tag?post=6014"}],"curies":[{"name":"t\u00f6\u00f6leht","href":"https:\/\/api.w.org\/{rel}","templated":true}]}}