{"id":6023,"date":"2024-12-31T20:11:29","date_gmt":"2024-12-31T20:11:29","guid":{"rendered":"https:\/\/storetest.ivi.ee\/product\/box-for-cake-30-30-30cm-with-a-window\/"},"modified":"2026-04-21T16:45:47","modified_gmt":"2026-04-21T14:45:47","slug":"karp-koogile-30-30-30cm-aknaga","status":"publish","type":"product","link":"https:\/\/candeebaar.ee\/et\/pood\/karp-koogile-30-30-30cm-aknaga\/","title":{"rendered":"Aknaga karp tordi jaoks 30 30 30cm"},"content":{"rendered":"<p>Tordikarp koosneb tugevast alusest (mikrolainepapp) ja aknaga kaanest (papp + pol\u00fcet\u00fcleen).<br \/>\nSuurus: 30*30*h30cm<br \/>\nV\u00e4rv: valge<br \/>\nKasti kasutatakse transportimiseks ja see ei ole ette n\u00e4htud tootega otseseks kokkupuuteks; p\u00f5hjaks tuleks kasutada koogilauda.<br \/>\nToodetud: Poolas<\/p>","protected":false},"excerpt":{"rendered":"<p>Tordikarp koosneb tugevast alusest (mikrolainepapp) ja aknaga kaanest (papp + pol\u00fcet\u00fcleen). Suurus: 30*30*h30cm V\u00e4rvus: valge Karpi kasutatakse transportimiseks ja ei ole m\u00f5eldud tootega otseseks kokkupuuteks; p\u00f5hjaks tuleks kasutada koogilauda. Toodetud: Poolas<\/p>","protected":false},"featured_media":6025,"template":"","meta":{"_seopress_robots_primary_cat":"none","_seopress_titles_title":"","_seopress_titles_desc":"","_seopress_robots_index":""},"product_brand":[],"product_cat":[15,134,136],"product_tag":[],"class_list":{"0":"post-6023","1":"product","2":"type-product","3":"status-publish","4":"has-post-thumbnail","6":"product_cat-all-products","7":"product_cat-30cm-base","8":"product_cat-tall-cake-boxes-h25cm","10":"first","11":"instock","12":"taxable","13":"shipping-taxable","14":"purchasable","15":"product-type-simple"},"_links":{"self":[{"href":"https:\/\/candeebaar.ee\/et\/wp-json\/wp\/v2\/product\/6023","targetHints":{"allow":["GET"]}}],"collection":[{"href":"https:\/\/candeebaar.ee\/et\/wp-json\/wp\/v2\/product"}],"about":[{"href":"https:\/\/candeebaar.ee\/et\/wp-json\/wp\/v2\/types\/product"}],"version-history":[{"count":1,"href":"https:\/\/candeebaar.ee\/et\/wp-json\/wp\/v2\/product\/6023\/revisions"}],"predecessor-version":[{"id":6024,"href":"https:\/\/candeebaar.ee\/et\/wp-json\/wp\/v2\/product\/6023\/revisions\/6024"}],"wp:featuredmedia":[{"embeddable":true,"href":"https:\/\/candeebaar.ee\/et\/wp-json\/wp\/v2\/media\/6025"}],"wp:attachment":[{"href":"https:\/\/candeebaar.ee\/et\/wp-json\/wp\/v2\/media?parent=6023"}],"wp:term":[{"taxonomy":"product_brand","embeddable":true,"href":"https:\/\/candeebaar.ee\/et\/wp-json\/wp\/v2\/product_brand?post=6023"},{"taxonomy":"product_cat","embeddable":true,"href":"https:\/\/candeebaar.ee\/et\/wp-json\/wp\/v2\/product_cat?post=6023"},{"taxonomy":"product_tag","embeddable":true,"href":"https:\/\/candeebaar.ee\/et\/wp-json\/wp\/v2\/product_tag?post=6023"}],"curies":[{"name":"t\u00f6\u00f6leht","href":"https:\/\/api.w.org\/{rel}","templated":true}]}}