{"id":6029,"date":"2024-12-31T20:11:29","date_gmt":"2024-12-31T20:11:29","guid":{"rendered":"https:\/\/storetest.ivi.ee\/product\/cake-box-30-30-25cm-with-window\/"},"modified":"2026-04-14T17:15:37","modified_gmt":"2026-04-14T15:15:37","slug":"koogikarp-30-30-25cm-aknaga","status":"publish","type":"product","link":"https:\/\/candeebaar.ee\/et\/pood\/koogikarp-30-30-25cm-aknaga\/","title":{"rendered":"Tordikarp 30 30 25cm aknaga"},"content":{"rendered":"<p>Tordikarp koosneb tugevast alusest (mikrolainepapp) ja aknaga kaanest (papp + pol\u00fcet\u00fcleen).<br \/>\nSuurus: 30*30*k25cm<br \/>\nV\u00e4rv: valge<br \/>\nKasti kasutatakse transportimiseks ja see ei ole ette n\u00e4htud tootega otseseks kokkupuuteks; p\u00f5hjaks tuleb kasutada koogilauda.<br \/>\nTootmine: Poola<\/p>","protected":false},"excerpt":{"rendered":"<p>Tordikarp koosneb tugevast alusest (mikrolainepapp) ja aknaga kaanest (papp + pol\u00fcet\u00fcleen). Suurus: 30*30*h25cm V\u00e4rvus: valge Karpi kasutatakse transportimiseks ja ei ole m\u00f5eldud tootega otseseks kokkupuuteks; p\u00f5hjaks tuleb kasutada koogilauda. Tootmine: Poola<\/p>","protected":false},"featured_media":6028,"template":"","meta":{"_seopress_robots_primary_cat":"none","_seopress_titles_title":"","_seopress_titles_desc":"","_seopress_robots_index":""},"product_brand":[],"product_cat":[15,134,136],"product_tag":[],"class_list":{"0":"post-6029","1":"product","2":"type-product","3":"status-publish","4":"has-post-thumbnail","6":"product_cat-all-products","7":"product_cat-30cm-base","8":"product_cat-tall-cake-boxes-h25cm","10":"first","11":"instock","12":"taxable","13":"shipping-taxable","14":"purchasable","15":"product-type-simple"},"_links":{"self":[{"href":"https:\/\/candeebaar.ee\/et\/wp-json\/wp\/v2\/product\/6029","targetHints":{"allow":["GET"]}}],"collection":[{"href":"https:\/\/candeebaar.ee\/et\/wp-json\/wp\/v2\/product"}],"about":[{"href":"https:\/\/candeebaar.ee\/et\/wp-json\/wp\/v2\/types\/product"}],"version-history":[{"count":1,"href":"https:\/\/candeebaar.ee\/et\/wp-json\/wp\/v2\/product\/6029\/revisions"}],"predecessor-version":[{"id":6030,"href":"https:\/\/candeebaar.ee\/et\/wp-json\/wp\/v2\/product\/6029\/revisions\/6030"}],"wp:featuredmedia":[{"embeddable":true,"href":"https:\/\/candeebaar.ee\/et\/wp-json\/wp\/v2\/media\/6028"}],"wp:attachment":[{"href":"https:\/\/candeebaar.ee\/et\/wp-json\/wp\/v2\/media?parent=6029"}],"wp:term":[{"taxonomy":"product_brand","embeddable":true,"href":"https:\/\/candeebaar.ee\/et\/wp-json\/wp\/v2\/product_brand?post=6029"},{"taxonomy":"product_cat","embeddable":true,"href":"https:\/\/candeebaar.ee\/et\/wp-json\/wp\/v2\/product_cat?post=6029"},{"taxonomy":"product_tag","embeddable":true,"href":"https:\/\/candeebaar.ee\/et\/wp-json\/wp\/v2\/product_tag?post=6029"}],"curies":[{"name":"t\u00f6\u00f6leht","href":"https:\/\/api.w.org\/{rel}","templated":true}]}}