{"id":6033,"date":"2024-12-31T20:11:29","date_gmt":"2024-12-31T20:11:29","guid":{"rendered":"https:\/\/storetest.ivi.ee\/product\/cake-box-25-25-25cm-with-window\/"},"modified":"2026-04-13T21:21:32","modified_gmt":"2026-04-13T19:21:32","slug":"koogikarp-25-25-25cm-aknaga","status":"publish","type":"product","link":"https:\/\/candeebaar.ee\/et\/pood\/koogikarp-25-25-25cm-aknaga\/","title":{"rendered":"Tordikarp 25 25 25cm aknaga"},"content":{"rendered":"<p>Tordikarp koosneb tugevast alusest (mikrolainepapp) ja aknaga kaanest (papp + pol\u00fcet\u00fcleen).<br \/>\nSuurus: 25*25*k25cm<br \/>\nV\u00e4rv: valge<br \/>\nKasti kasutatakse transportimiseks ja see ei ole ette n\u00e4htud tootega otseseks kokkupuuteks; p\u00f5hjaks tuleks kasutada koogip\u00f5hja.<br \/>\nTootmine: Poola<\/p>","protected":false},"excerpt":{"rendered":"<p>Tordikarp koosneb tugevast alusest (mikrolainepapp) ja aknaga kaanest (papp + pol\u00fcet\u00fcleen). Suurus: 25*25*h25cm V\u00e4rvus: valge Karpi kasutatakse transportimiseks ja see ei ole m\u00f5eldud tootega otseseks kokkupuuteks; p\u00f5hjaks tuleks kasutada koogip\u00f5hja. Tootmine: Poola<\/p>","protected":false},"featured_media":6026,"template":"","meta":{"_seopress_robots_primary_cat":"none","_seopress_titles_title":"","_seopress_titles_desc":"","_seopress_robots_index":""},"product_brand":[],"product_cat":[15,131,136],"product_tag":[],"class_list":{"0":"post-6033","1":"product","2":"type-product","3":"status-publish","4":"has-post-thumbnail","6":"product_cat-all-products","7":"product_cat-25cm-base","8":"product_cat-tall-cake-boxes-h25cm","10":"first","11":"outofstock","12":"taxable","13":"shipping-taxable","14":"purchasable","15":"product-type-simple"},"_links":{"self":[{"href":"https:\/\/candeebaar.ee\/et\/wp-json\/wp\/v2\/product\/6033","targetHints":{"allow":["GET"]}}],"collection":[{"href":"https:\/\/candeebaar.ee\/et\/wp-json\/wp\/v2\/product"}],"about":[{"href":"https:\/\/candeebaar.ee\/et\/wp-json\/wp\/v2\/types\/product"}],"version-history":[{"count":2,"href":"https:\/\/candeebaar.ee\/et\/wp-json\/wp\/v2\/product\/6033\/revisions"}],"predecessor-version":[{"id":12680,"href":"https:\/\/candeebaar.ee\/et\/wp-json\/wp\/v2\/product\/6033\/revisions\/12680"}],"wp:featuredmedia":[{"embeddable":true,"href":"https:\/\/candeebaar.ee\/et\/wp-json\/wp\/v2\/media\/6026"}],"wp:attachment":[{"href":"https:\/\/candeebaar.ee\/et\/wp-json\/wp\/v2\/media?parent=6033"}],"wp:term":[{"taxonomy":"product_brand","embeddable":true,"href":"https:\/\/candeebaar.ee\/et\/wp-json\/wp\/v2\/product_brand?post=6033"},{"taxonomy":"product_cat","embeddable":true,"href":"https:\/\/candeebaar.ee\/et\/wp-json\/wp\/v2\/product_cat?post=6033"},{"taxonomy":"product_tag","embeddable":true,"href":"https:\/\/candeebaar.ee\/et\/wp-json\/wp\/v2\/product_tag?post=6033"}],"curies":[{"name":"t\u00f6\u00f6leht","href":"https:\/\/api.w.org\/{rel}","templated":true}]}}