{"id":6037,"date":"2024-12-31T20:11:29","date_gmt":"2024-12-31T20:11:29","guid":{"rendered":"https:\/\/storetest.ivi.ee\/product\/metal-round-baking-mold-adjustable-16-30x12cm-2\/"},"modified":"2026-02-10T13:04:51","modified_gmt":"2026-02-10T11:04:51","slug":"metallist-ummargune-reguleeritav-kupsetusvorm-16-30x12cm-2","status":"publish","type":"product","link":"https:\/\/candeebaar.ee\/et\/pood\/metallist-ummargune-reguleeritav-kupsetusvorm-16-30x12cm-2\/","title":{"rendered":"Metallist \u00fcmmargune k\u00fcpsetusvorm, reguleeritav 16-30x12cm"},"content":{"rendered":"<p>Metallist k\u00fcpsetusvorm k\u00fcpsiste valmistamiseks ja kookide kokkupanemiseks.<br \/>\n Reguleeritav vorm v\u00f5imaldab luua mis tahes r\u00f5nga l\u00e4bim\u00f5\u00f5duga 16-30cm ja k\u00f5rgusega 12cm.<br \/>\n K\u00f5rgus: 12 cm<br \/>\n Reguleeritava r\u00f5nga liikumise lihtsuse reguleerimiseks saate lukustusklambreid pingutada v\u00f5i lahti keerata.<br \/>\n Materjal: roostevaba teras<\/p>","protected":false},"excerpt":{"rendered":"<p>Metallist k\u00fcpsetusvorm k\u00fcpsiste valmistamiseks ja kookide kokkupanemiseks. Reguleeritav vorm v\u00f5imaldab luua mis tahes r\u00f5nga l\u00e4bim\u00f5\u00f5duga 16-30cm ja k\u00f5rgusega 12cm. K\u00f5rgus: 12cm Reguleeritava r\u00f5nga liikumismugavuse reguleerimiseks saate lukustusklambreid pingutada v\u00f5i lahti keerata. Materjal: roostevaba teras<\/p>","protected":false},"featured_media":5174,"template":"","meta":{"_seopress_robots_primary_cat":"","_seopress_titles_title":"","_seopress_titles_desc":"","_seopress_robots_index":""},"product_brand":[],"product_cat":[15,116],"product_tag":[],"class_list":{"0":"post-6037","1":"product","2":"type-product","3":"status-publish","4":"has-post-thumbnail","6":"product_cat-all-products","7":"product_cat-metal","9":"first","10":"instock","11":"taxable","12":"shipping-taxable","13":"purchasable","14":"product-type-simple"},"_links":{"self":[{"href":"https:\/\/candeebaar.ee\/et\/wp-json\/wp\/v2\/product\/6037","targetHints":{"allow":["GET"]}}],"collection":[{"href":"https:\/\/candeebaar.ee\/et\/wp-json\/wp\/v2\/product"}],"about":[{"href":"https:\/\/candeebaar.ee\/et\/wp-json\/wp\/v2\/types\/product"}],"version-history":[{"count":1,"href":"https:\/\/candeebaar.ee\/et\/wp-json\/wp\/v2\/product\/6037\/revisions"}],"predecessor-version":[{"id":6038,"href":"https:\/\/candeebaar.ee\/et\/wp-json\/wp\/v2\/product\/6037\/revisions\/6038"}],"wp:featuredmedia":[{"embeddable":true,"href":"https:\/\/candeebaar.ee\/et\/wp-json\/wp\/v2\/media\/5174"}],"wp:attachment":[{"href":"https:\/\/candeebaar.ee\/et\/wp-json\/wp\/v2\/media?parent=6037"}],"wp:term":[{"taxonomy":"product_brand","embeddable":true,"href":"https:\/\/candeebaar.ee\/et\/wp-json\/wp\/v2\/product_brand?post=6037"},{"taxonomy":"product_cat","embeddable":true,"href":"https:\/\/candeebaar.ee\/et\/wp-json\/wp\/v2\/product_cat?post=6037"},{"taxonomy":"product_tag","embeddable":true,"href":"https:\/\/candeebaar.ee\/et\/wp-json\/wp\/v2\/product_tag?post=6037"}],"curies":[{"name":"t\u00f6\u00f6leht","href":"https:\/\/api.w.org\/{rel}","templated":true}]}}