{"id":6039,"date":"2024-12-31T20:11:36","date_gmt":"2024-12-31T20:11:36","guid":{"rendered":"https:\/\/storetest.ivi.ee\/product\/metallic-round-baking-mold-adjustable-16-30x15cm\/"},"modified":"2026-02-22T21:05:42","modified_gmt":"2026-02-22T19:05:42","slug":"metallist-umar-kupsetusvorm-reguleeritav-16-30x15cm","status":"publish","type":"product","link":"https:\/\/candeebaar.ee\/et\/pood\/metallist-umar-kupsetusvorm-reguleeritav-16-30x15cm\/","title":{"rendered":"Metallist \u00fcmar k\u00fcpsetusvorm, reguleeritav 16-30x15cm"},"content":{"rendered":"<p>Metallist vorm k\u00fcpsiste k\u00fcpsetamiseks ja kookide kokkupanemiseks.<br \/>\n Reguleeritav vorm v\u00f5imaldab luua mis tahes r\u00f5nga l\u00e4bim\u00f5\u00f5duga 16-30cm ja k\u00f5rgusega 12cm.<br \/>\n K\u00f5rgus: 15 cm<br \/>\n Reguleeritava r\u00f5nga liikumise lihtsuse reguleerimiseks saate kinnitusklambreid pingutada v\u00f5i lahti keerata.<br \/>\n Materjal: roostevaba teras<\/p>","protected":false},"excerpt":{"rendered":"<p>Metallist vorm k\u00fcpsiste k\u00fcpsetamiseks ja kookide kokkupanemiseks. Reguleeritav vorm v\u00f5imaldab luua mis tahes r\u00f5nga l\u00e4bim\u00f5\u00f5duga 16-30cm ja k\u00f5rgusega 12cm. K\u00f5rgus: 15 cm Reguleeritava r\u00f5nga liikumismugavuse reguleerimiseks saate kinnitusklambreid pingutada v\u00f5i lahti keerata. Materjal: roostevaba teras<\/p>","protected":false},"featured_media":5174,"template":"","meta":{"_seopress_robots_primary_cat":"","_seopress_titles_title":"","_seopress_titles_desc":"","_seopress_robots_index":""},"product_brand":[],"product_cat":[15,116],"product_tag":[],"class_list":{"0":"post-6039","1":"product","2":"type-product","3":"status-publish","4":"has-post-thumbnail","6":"product_cat-all-products","7":"product_cat-metal","9":"first","10":"outofstock","11":"taxable","12":"shipping-taxable","13":"purchasable","14":"product-type-simple"},"_links":{"self":[{"href":"https:\/\/candeebaar.ee\/et\/wp-json\/wp\/v2\/product\/6039","targetHints":{"allow":["GET"]}}],"collection":[{"href":"https:\/\/candeebaar.ee\/et\/wp-json\/wp\/v2\/product"}],"about":[{"href":"https:\/\/candeebaar.ee\/et\/wp-json\/wp\/v2\/types\/product"}],"version-history":[{"count":1,"href":"https:\/\/candeebaar.ee\/et\/wp-json\/wp\/v2\/product\/6039\/revisions"}],"predecessor-version":[{"id":6040,"href":"https:\/\/candeebaar.ee\/et\/wp-json\/wp\/v2\/product\/6039\/revisions\/6040"}],"wp:featuredmedia":[{"embeddable":true,"href":"https:\/\/candeebaar.ee\/et\/wp-json\/wp\/v2\/media\/5174"}],"wp:attachment":[{"href":"https:\/\/candeebaar.ee\/et\/wp-json\/wp\/v2\/media?parent=6039"}],"wp:term":[{"taxonomy":"product_brand","embeddable":true,"href":"https:\/\/candeebaar.ee\/et\/wp-json\/wp\/v2\/product_brand?post=6039"},{"taxonomy":"product_cat","embeddable":true,"href":"https:\/\/candeebaar.ee\/et\/wp-json\/wp\/v2\/product_cat?post=6039"},{"taxonomy":"product_tag","embeddable":true,"href":"https:\/\/candeebaar.ee\/et\/wp-json\/wp\/v2\/product_tag?post=6039"}],"curies":[{"name":"t\u00f6\u00f6leht","href":"https:\/\/api.w.org\/{rel}","templated":true}]}}