{"id":6041,"date":"2024-12-31T20:11:36","date_gmt":"2024-12-31T20:11:36","guid":{"rendered":"https:\/\/storetest.ivi.ee\/product\/ice-cream-sticks-50pcs-110mm\/"},"modified":"2026-03-30T12:08:05","modified_gmt":"2026-03-30T10:08:05","slug":"jaatisepulgad-50-tk-113mm","status":"publish","type":"product","link":"https:\/\/candeebaar.ee\/et\/pood\/jaatisepulgad-50-tk-113mm\/","title":{"rendered":"J\u00e4\u00e4tisepulgad 50 tk 113mm"},"content":{"rendered":"<p>Komplektis 50 j\u00e4\u00e4tisepulka.<br \/>\nMaterjal: puit<br \/>\nPikkus: 113 mm<br \/>\nLaius: 10mm<br \/>\nPaksus: 1,5 mm<\/p>","protected":false},"excerpt":{"rendered":"<p>50 j\u00e4\u00e4tisepulga komplekt. Materjal: puit. Pikkus: 113 mm. Laius: 10 mm. Paksus: 1,5 mm.<\/p>","protected":false},"featured_media":6043,"template":"","meta":{"_seopress_robots_primary_cat":"none","_seopress_titles_title":"","_seopress_titles_desc":"","_seopress_robots_index":""},"product_brand":[],"product_cat":[15,155],"product_tag":[],"class_list":{"0":"post-6041","1":"product","2":"type-product","3":"status-publish","4":"has-post-thumbnail","6":"product_cat-all-products","7":"product_cat-wooden-sticks","9":"first","10":"instock","11":"taxable","12":"shipping-taxable","13":"purchasable","14":"product-type-simple"},"_links":{"self":[{"href":"https:\/\/candeebaar.ee\/et\/wp-json\/wp\/v2\/product\/6041","targetHints":{"allow":["GET"]}}],"collection":[{"href":"https:\/\/candeebaar.ee\/et\/wp-json\/wp\/v2\/product"}],"about":[{"href":"https:\/\/candeebaar.ee\/et\/wp-json\/wp\/v2\/types\/product"}],"version-history":[{"count":4,"href":"https:\/\/candeebaar.ee\/et\/wp-json\/wp\/v2\/product\/6041\/revisions"}],"predecessor-version":[{"id":14276,"href":"https:\/\/candeebaar.ee\/et\/wp-json\/wp\/v2\/product\/6041\/revisions\/14276"}],"wp:featuredmedia":[{"embeddable":true,"href":"https:\/\/candeebaar.ee\/et\/wp-json\/wp\/v2\/media\/6043"}],"wp:attachment":[{"href":"https:\/\/candeebaar.ee\/et\/wp-json\/wp\/v2\/media?parent=6041"}],"wp:term":[{"taxonomy":"product_brand","embeddable":true,"href":"https:\/\/candeebaar.ee\/et\/wp-json\/wp\/v2\/product_brand?post=6041"},{"taxonomy":"product_cat","embeddable":true,"href":"https:\/\/candeebaar.ee\/et\/wp-json\/wp\/v2\/product_cat?post=6041"},{"taxonomy":"product_tag","embeddable":true,"href":"https:\/\/candeebaar.ee\/et\/wp-json\/wp\/v2\/product_tag?post=6041"}],"curies":[{"name":"t\u00f6\u00f6leht","href":"https:\/\/api.w.org\/{rel}","templated":true}]}}