{"id":6056,"date":"2024-12-31T20:11:36","date_gmt":"2024-12-31T20:11:36","guid":{"rendered":"https:\/\/storetest.ivi.ee\/product\/candied-lemon-peel-100g-salliselta\/"},"modified":"2026-04-10T09:01:21","modified_gmt":"2026-04-10T07:01:21","slug":"suhkrustatud-sidrunikoor-100g-salliselta","status":"publish","type":"product","link":"https:\/\/candeebaar.ee\/et\/pood\/suhkrustatud-sidrunikoor-100g-salliselta\/","title":{"rendered":"Suhkrustatud sidrunikoor 100g Salliselta"},"content":{"rendered":"<div dir=\"auto\">Koostisosad: sidrunikoor, gl\u00fckoosi-fruktoosisiirup,<\/div>\n<div dir=\"auto\">\n<p>suhkur, happesuse regulaator: E330, s\u00e4ilitusaine: v\u00e4\u00e4veldioksiid.<\/p>\n<div dir=\"auto\">Toitev\u00e4\u00e4rtus 100 g kohta:<\/div>\n<div dir=\"auto\">Energia: 1332 kJ \/ 314 kcal<\/div>\n<div dir=\"auto\">Rasv: 0 g<br \/>\nS\u00fcsivesikud: 76 g millest suhkrud 70 g<br \/>\nKiudained: 5 g<\/div>\n<div dir=\"auto\">Valk: 0 g<br \/>\nSool: 1 g<br \/>\nTootja: Salliselta, Holland<\/div>\n<\/div>","protected":false},"excerpt":{"rendered":"<p>Koostis: sidrunikoor, gl\u00fckoosi-fruktoosisiirup, suhkur, happesuse regulaator: E330, s\u00e4ilitusaine: v\u00e4\u00e4veldioksiid. Toitev\u00e4\u00e4rtus 100 g kohta: Energia: 1332 kJ \/ 314 kcal Rasvad: 0 g S\u00fcsivesikud: 76 g millest suhkrud 70 g Kiudained: 5 g Valgud: 0 g Sool: 1 g Tootja: Salliselta, Holland<\/p>","protected":false},"featured_media":6058,"template":"","meta":{"_seopress_robots_primary_cat":"none","_seopress_titles_title":"","_seopress_titles_desc":"","_seopress_robots_index":""},"product_brand":[],"product_cat":[178,15,98],"product_tag":[],"class_list":{"0":"post-6056","1":"product","2":"type-product","3":"status-publish","4":"has-post-thumbnail","6":"product_cat-easter-products","7":"product_cat-all-products","8":"product_cat-dry-and-sublimated-products","10":"first","11":"instock","12":"taxable","13":"shipping-taxable","14":"purchasable","15":"product-type-simple"},"_links":{"self":[{"href":"https:\/\/candeebaar.ee\/et\/wp-json\/wp\/v2\/product\/6056","targetHints":{"allow":["GET"]}}],"collection":[{"href":"https:\/\/candeebaar.ee\/et\/wp-json\/wp\/v2\/product"}],"about":[{"href":"https:\/\/candeebaar.ee\/et\/wp-json\/wp\/v2\/types\/product"}],"version-history":[{"count":2,"href":"https:\/\/candeebaar.ee\/et\/wp-json\/wp\/v2\/product\/6056\/revisions"}],"predecessor-version":[{"id":9990,"href":"https:\/\/candeebaar.ee\/et\/wp-json\/wp\/v2\/product\/6056\/revisions\/9990"}],"wp:featuredmedia":[{"embeddable":true,"href":"https:\/\/candeebaar.ee\/et\/wp-json\/wp\/v2\/media\/6058"}],"wp:attachment":[{"href":"https:\/\/candeebaar.ee\/et\/wp-json\/wp\/v2\/media?parent=6056"}],"wp:term":[{"taxonomy":"product_brand","embeddable":true,"href":"https:\/\/candeebaar.ee\/et\/wp-json\/wp\/v2\/product_brand?post=6056"},{"taxonomy":"product_cat","embeddable":true,"href":"https:\/\/candeebaar.ee\/et\/wp-json\/wp\/v2\/product_cat?post=6056"},{"taxonomy":"product_tag","embeddable":true,"href":"https:\/\/candeebaar.ee\/et\/wp-json\/wp\/v2\/product_tag?post=6056"}],"curies":[{"name":"t\u00f6\u00f6leht","href":"https:\/\/api.w.org\/{rel}","templated":true}]}}