{"id":6074,"date":"2024-12-31T20:11:36","date_gmt":"2024-12-31T20:11:36","guid":{"rendered":"https:\/\/storetest.ivi.ee\/product\/silicone-mold-easter-eggs-27x17cm\/"},"modified":"2026-04-07T06:35:39","modified_gmt":"2026-04-07T04:35:39","slug":"silikoonvormi-lihavottemunad-27x17cm","status":"publish","type":"product","link":"https:\/\/candeebaar.ee\/et\/pood\/silikoonvormi-lihavottemunad-27x17cm\/","title":{"rendered":"Silikoonvorm \u201cEaster Eggs\u201d 27x17cm"},"content":{"rendered":"<p>Vorm sobib \u0161okolaadiks ja k\u00fcpsetamiseks.<br \/>\nM\u00f5\u00f5dud: 27x17cm<br \/>\n\u00dche lahtri suurus: 93x65x32mm<br \/>\nT\u00f6\u00f6temperatuur: -30\u00b0C kuni 230\u00b0C<br \/>\nMaterjal: toidu silikoon<br \/>\nTootja: Hiina<\/p>","protected":false},"excerpt":{"rendered":"<p>Vorm sobib \u0161okolaadiks ja k\u00fcpsetamiseks. Suurus: 27x17cm \u00dche lahtri suurus: 93x65x32mm T\u00f6\u00f6temperatuur: -30\u00b0C kuni 230\u00b0C Materjal: toidusilikoon Tootja: Hiina<\/p>","protected":false},"featured_media":6076,"template":"","meta":{"_seopress_robots_primary_cat":"none","_seopress_titles_title":"","_seopress_titles_desc":"","_seopress_robots_index":""},"product_brand":[],"product_cat":[178,15,82,127],"product_tag":[175],"class_list":{"0":"post-6074","1":"product","2":"type-product","3":"status-publish","4":"has-post-thumbnail","6":"product_cat-easter-products","7":"product_cat-all-products","8":"product_cat-chocolate-molds","9":"product_cat-ornament","10":"product_tag-easter","12":"first","13":"instock","14":"sale","15":"taxable","16":"shipping-taxable","17":"purchasable","18":"product-type-simple"},"_links":{"self":[{"href":"https:\/\/candeebaar.ee\/et\/wp-json\/wp\/v2\/product\/6074","targetHints":{"allow":["GET"]}}],"collection":[{"href":"https:\/\/candeebaar.ee\/et\/wp-json\/wp\/v2\/product"}],"about":[{"href":"https:\/\/candeebaar.ee\/et\/wp-json\/wp\/v2\/types\/product"}],"version-history":[{"count":1,"href":"https:\/\/candeebaar.ee\/et\/wp-json\/wp\/v2\/product\/6074\/revisions"}],"predecessor-version":[{"id":6075,"href":"https:\/\/candeebaar.ee\/et\/wp-json\/wp\/v2\/product\/6074\/revisions\/6075"}],"wp:featuredmedia":[{"embeddable":true,"href":"https:\/\/candeebaar.ee\/et\/wp-json\/wp\/v2\/media\/6076"}],"wp:attachment":[{"href":"https:\/\/candeebaar.ee\/et\/wp-json\/wp\/v2\/media?parent=6074"}],"wp:term":[{"taxonomy":"product_brand","embeddable":true,"href":"https:\/\/candeebaar.ee\/et\/wp-json\/wp\/v2\/product_brand?post=6074"},{"taxonomy":"product_cat","embeddable":true,"href":"https:\/\/candeebaar.ee\/et\/wp-json\/wp\/v2\/product_cat?post=6074"},{"taxonomy":"product_tag","embeddable":true,"href":"https:\/\/candeebaar.ee\/et\/wp-json\/wp\/v2\/product_tag?post=6074"}],"curies":[{"name":"t\u00f6\u00f6leht","href":"https:\/\/api.w.org\/{rel}","templated":true}]}}