{"id":6104,"date":"2024-12-31T20:11:42","date_gmt":"2024-12-31T20:11:42","guid":{"rendered":"https:\/\/storetest.ivi.ee\/product\/box-for-cake-35-35-35-cm-with-window\/"},"modified":"2026-04-08T19:01:30","modified_gmt":"2026-04-08T17:01:30","slug":"karp-tordi-jaoks-35-35-35-cm-aknaga","status":"publish","type":"product","link":"https:\/\/candeebaar.ee\/et\/pood\/karp-tordi-jaoks-35-35-35-cm-aknaga\/","title":{"rendered":"Karp tordi jaoks 35 35 35 cm aknaga"},"content":{"rendered":"<p>Tordikarp koosneb tugevast alusest (mikrolainepapp) ja aknaga kaanest (papp + pol\u00fcet\u00fcleen).<br \/>\nSuurus: 35*35*k35cm<br \/>\nV\u00e4rv: valge<br \/>\nKasti kasutatakse transportimiseks ja see ei ole ette n\u00e4htud tootega otseseks kokkupuuteks; p\u00f5hjaks tuleks kasutada koogilauda.<br \/>\nTootmine: Poola<\/p>","protected":false},"excerpt":{"rendered":"<p>Tordikarp koosneb tugevast alusest (mikrolainepapp) ja aknaga kaanest (papp + pol\u00fcet\u00fcleen). Suurus: 35*35*h35cm V\u00e4rvus: valge Karpi kasutatakse transportimiseks ja see ei ole m\u00f5eldud tootega otseseks kokkupuuteks; p\u00f5hjaks tuleks kasutada koogilauda. Tootmine: Poola<\/p>","protected":false},"featured_media":6026,"template":"","meta":{"_seopress_robots_primary_cat":"none","_seopress_titles_title":"","_seopress_titles_desc":"","_seopress_robots_index":""},"product_brand":[],"product_cat":[180,15,135,136],"product_tag":[],"class_list":{"0":"post-6104","1":"product","2":"type-product","3":"status-publish","4":"has-post-thumbnail","6":"product_cat-wedding-products","7":"product_cat-all-products","8":"product_cat-31cm-base-and-bigger","9":"product_cat-tall-cake-boxes-h25cm","11":"first","12":"instock","13":"taxable","14":"shipping-taxable","15":"purchasable","16":"product-type-simple"},"_links":{"self":[{"href":"https:\/\/candeebaar.ee\/et\/wp-json\/wp\/v2\/product\/6104","targetHints":{"allow":["GET"]}}],"collection":[{"href":"https:\/\/candeebaar.ee\/et\/wp-json\/wp\/v2\/product"}],"about":[{"href":"https:\/\/candeebaar.ee\/et\/wp-json\/wp\/v2\/types\/product"}],"version-history":[{"count":1,"href":"https:\/\/candeebaar.ee\/et\/wp-json\/wp\/v2\/product\/6104\/revisions"}],"predecessor-version":[{"id":6105,"href":"https:\/\/candeebaar.ee\/et\/wp-json\/wp\/v2\/product\/6104\/revisions\/6105"}],"wp:featuredmedia":[{"embeddable":true,"href":"https:\/\/candeebaar.ee\/et\/wp-json\/wp\/v2\/media\/6026"}],"wp:attachment":[{"href":"https:\/\/candeebaar.ee\/et\/wp-json\/wp\/v2\/media?parent=6104"}],"wp:term":[{"taxonomy":"product_brand","embeddable":true,"href":"https:\/\/candeebaar.ee\/et\/wp-json\/wp\/v2\/product_brand?post=6104"},{"taxonomy":"product_cat","embeddable":true,"href":"https:\/\/candeebaar.ee\/et\/wp-json\/wp\/v2\/product_cat?post=6104"},{"taxonomy":"product_tag","embeddable":true,"href":"https:\/\/candeebaar.ee\/et\/wp-json\/wp\/v2\/product_tag?post=6104"}],"curies":[{"name":"t\u00f6\u00f6leht","href":"https:\/\/api.w.org\/{rel}","templated":true}]}}