{"id":6111,"date":"2024-12-31T20:11:42","date_gmt":"2024-12-31T20:11:42","guid":{"rendered":"https:\/\/storetest.ivi.ee\/product\/baking-mold-for-easter-cakes-110x85mm-10pcs\/"},"modified":"2026-04-07T18:37:43","modified_gmt":"2026-04-07T16:37:43","slug":"kupsetusvorm-lihavottekookidele-110x85mm-10tk","status":"publish","type":"product","link":"https:\/\/candeebaar.ee\/et\/pood\/kupsetusvorm-lihavottekookidele-110x85mm-10tk\/","title":{"rendered":"Lihav\u00f5ttekookide k\u00fcpsetusvorm 110x65mm 10tk"},"content":{"rendered":"<p>Pabervorm sobib lihav\u00f5ttekookide k\u00fcpsetamiseks.<br \/>\nLaius: 110mm<br \/>\nK\u00f5rgus: 65 mm<br \/>\nMaterjal: mustriga perforeeritud paber.<br \/>\nValmis koogi kaal: umbes 300g.<br \/>\nPakendis: 10tk.<br \/>\nTootja: Itaalia<\/p>","protected":false},"excerpt":{"rendered":"<p>Pabervorm sobib lihav\u00f5ttekookide k\u00fcpsetamiseks. Laius: 110 mm K\u00f5rgus: 65 mm Materjal: mustriga perforeeritud paber. Valmis koogi kaal: umbes 300 g. Pakendis: 10 tk. Tootja: Itaalia<\/p>","protected":false},"featured_media":15929,"template":"","meta":{"_seopress_robots_primary_cat":"none","_seopress_titles_title":"Paper perforated molds set of x10 size 110x85mm for Easter cakes!","_seopress_titles_desc":"Top quality and classic design make this molds a perfect fit for baking Ester cakes! We have many sizes in stock selling by x10 x100 or bigger quantities!","_seopress_robots_index":""},"product_brand":[],"product_cat":[178,15,117,90],"product_tag":[175],"class_list":{"0":"post-6111","1":"product","2":"type-product","3":"status-publish","4":"has-post-thumbnail","6":"product_cat-easter-products","7":"product_cat-all-products","8":"product_cat-paper","9":"product_cat-paper-cups-and-tulips","10":"product_tag-easter","12":"first","13":"instock","14":"taxable","15":"shipping-taxable","16":"purchasable","17":"product-type-simple"},"_links":{"self":[{"href":"https:\/\/candeebaar.ee\/et\/wp-json\/wp\/v2\/product\/6111","targetHints":{"allow":["GET"]}}],"collection":[{"href":"https:\/\/candeebaar.ee\/et\/wp-json\/wp\/v2\/product"}],"about":[{"href":"https:\/\/candeebaar.ee\/et\/wp-json\/wp\/v2\/types\/product"}],"version-history":[{"count":3,"href":"https:\/\/candeebaar.ee\/et\/wp-json\/wp\/v2\/product\/6111\/revisions"}],"predecessor-version":[{"id":15932,"href":"https:\/\/candeebaar.ee\/et\/wp-json\/wp\/v2\/product\/6111\/revisions\/15932"}],"wp:featuredmedia":[{"embeddable":true,"href":"https:\/\/candeebaar.ee\/et\/wp-json\/wp\/v2\/media\/15929"}],"wp:attachment":[{"href":"https:\/\/candeebaar.ee\/et\/wp-json\/wp\/v2\/media?parent=6111"}],"wp:term":[{"taxonomy":"product_brand","embeddable":true,"href":"https:\/\/candeebaar.ee\/et\/wp-json\/wp\/v2\/product_brand?post=6111"},{"taxonomy":"product_cat","embeddable":true,"href":"https:\/\/candeebaar.ee\/et\/wp-json\/wp\/v2\/product_cat?post=6111"},{"taxonomy":"product_tag","embeddable":true,"href":"https:\/\/candeebaar.ee\/et\/wp-json\/wp\/v2\/product_tag?post=6111"}],"curies":[{"name":"t\u00f6\u00f6leht","href":"https:\/\/api.w.org\/{rel}","templated":true}]}}