{"id":6117,"date":"2024-12-31T20:11:42","date_gmt":"2024-12-31T20:11:42","guid":{"rendered":"https:\/\/storetest.ivi.ee\/product\/baking-mold-for-easter-cakes-90x90mm-100pcs\/"},"modified":"2026-03-30T10:20:15","modified_gmt":"2026-03-30T08:20:15","slug":"kupsetusvorm-lihavottekookidele-90x90mm-100tk","status":"publish","type":"product","link":"https:\/\/candeebaar.ee\/et\/pood\/kupsetusvorm-lihavottekookidele-90x90mm-100tk\/","title":{"rendered":"Lihav\u00f5ttekookide k\u00fcpsetusvorm 90x90mm 100tk"},"content":{"rendered":"<p>Pabervorm sobib lihav\u00f5ttekookide k\u00fcpsetamiseks.<br \/>\nLaius: 90mm<br \/>\nK\u00f5rgus: 90mm<br \/>\nMaterjal: mustriga perforeeritud paber.<br \/>\nValmis koogi kaal: umbes 200g.<br \/>\nPakendis on 100 tk.<br \/>\nTootja: Itaalia<\/p>","protected":false},"excerpt":{"rendered":"<p>Pabervorm sobib lihav\u00f5ttekookide k\u00fcpsetamiseks. Laius: 90mm K\u00f5rgus: 90mm Materjal: perforeeritud mustriga paber. Valmis koogi kaal: umbes 200g. Pakendis on 100 tk. Tootja: Itaalia<\/p>","protected":false},"featured_media":6110,"template":"","meta":{"_seopress_robots_primary_cat":"none","_seopress_titles_title":"Paper perforated molds set of x100 size 90x90mm for Easter cakes!","_seopress_titles_desc":"Top quality and classic design make this molds a perfect fit for baking Ester cakes! We have many sizes in stock selling by x10 x100 or bigger quantities!","_seopress_robots_index":""},"product_brand":[],"product_cat":[178,15,117,90],"product_tag":[175],"class_list":{"0":"post-6117","1":"product","2":"type-product","3":"status-publish","4":"has-post-thumbnail","6":"product_cat-easter-products","7":"product_cat-all-products","8":"product_cat-paper","9":"product_cat-paper-cups-and-tulips","10":"product_tag-easter","12":"first","13":"instock","14":"taxable","15":"shipping-taxable","16":"purchasable","17":"product-type-simple"},"_links":{"self":[{"href":"https:\/\/candeebaar.ee\/et\/wp-json\/wp\/v2\/product\/6117","targetHints":{"allow":["GET"]}}],"collection":[{"href":"https:\/\/candeebaar.ee\/et\/wp-json\/wp\/v2\/product"}],"about":[{"href":"https:\/\/candeebaar.ee\/et\/wp-json\/wp\/v2\/types\/product"}],"version-history":[{"count":1,"href":"https:\/\/candeebaar.ee\/et\/wp-json\/wp\/v2\/product\/6117\/revisions"}],"predecessor-version":[{"id":6118,"href":"https:\/\/candeebaar.ee\/et\/wp-json\/wp\/v2\/product\/6117\/revisions\/6118"}],"wp:featuredmedia":[{"embeddable":true,"href":"https:\/\/candeebaar.ee\/et\/wp-json\/wp\/v2\/media\/6110"}],"wp:attachment":[{"href":"https:\/\/candeebaar.ee\/et\/wp-json\/wp\/v2\/media?parent=6117"}],"wp:term":[{"taxonomy":"product_brand","embeddable":true,"href":"https:\/\/candeebaar.ee\/et\/wp-json\/wp\/v2\/product_brand?post=6117"},{"taxonomy":"product_cat","embeddable":true,"href":"https:\/\/candeebaar.ee\/et\/wp-json\/wp\/v2\/product_cat?post=6117"},{"taxonomy":"product_tag","embeddable":true,"href":"https:\/\/candeebaar.ee\/et\/wp-json\/wp\/v2\/product_tag?post=6117"}],"curies":[{"name":"t\u00f6\u00f6leht","href":"https:\/\/api.w.org\/{rel}","templated":true}]}}