{"id":6126,"date":"2024-12-31T20:11:42","date_gmt":"2024-12-31T20:11:42","guid":{"rendered":"https:\/\/storetest.ivi.ee\/product\/choco-sheets-25-sheets-kopyform\/"},"modified":"2026-04-08T09:36:19","modified_gmt":"2026-04-08T07:36:19","slug":"sokolaadilehed-25-lehte-kopyform","status":"publish","type":"product","link":"https:\/\/candeebaar.ee\/et\/pood\/sokolaadilehed-25-lehte-kopyform\/","title":{"rendered":"Choco Sheets (25 lehte) Kopyform"},"content":{"rendered":"<p>\u0160okolaadi \u00fclekandepaber professionaalseks kasutamiseks.<br \/>\nKoostis: maisijahu, vesi, kakaov\u00f5i, siirup, kuiv munavalge (sisaldab <strong>muna<\/strong> ja <strong>laktoos<\/strong>, koosneb kuivast proteiinist alates <strong>kana muna<\/strong>, kuiv kooritud <strong>piima<\/strong>, stabilisaatorid E415, E466, happesuse regulaator E330, k\u00fcpsetuspulber E500), paksendaja E1422, kartulit\u00e4rklis. , oliivi\u00f5li, s\u00e4ilitusaine E202.<br \/>\nKaal: 240g<br \/>\n100g sisaldab:<br \/>\n1845 kJ \/ 440 kcal<br \/>\nRasvad (k\u00fcllastunud): 22g (19g)<br \/>\nS\u00fcsivesikud (suhkur): 60g (10g)<br \/>\nValgud: 10 g<br \/>\nSool: 2,54 g<br \/>\nLehe suurus: A4 (25 tk)<br \/>\nHoida \u00f5hukindlas pakendis pimedas jahedas kohas.<br \/>\nTootja: Saksamaa Kopyform<\/p>","protected":false},"excerpt":{"rendered":"<p>\u0160okolaadi \u00fclekandepaber professionaalseks kasutamiseks. Koostis: maisijahu, vesi, kakaov\u00f5i, siirup, kuiv munavalge (sisaldab muna ja laktoosi, koosneb kanamuna kuivast proteiinist, kuiv l\u00f5ss, stabilisaatorid E415, E466, happesuse regulaator E330, k\u00fcpsetuspulber E500), paksendaja E1422, kartulit\u00e4rklis. , oliivi\u00f5li, s\u00e4ilitusaine E202. Kaal: 240g 100g sisaldab: 1845kJ\/440kcal Rasvad (k\u00fcllastunud): [\u2026]<\/p>","protected":false},"featured_media":10522,"template":"","meta":{"_seopress_robots_primary_cat":"none","_seopress_titles_title":"","_seopress_titles_desc":"","_seopress_robots_index":""},"product_brand":[],"product_cat":[15,105],"product_tag":[],"class_list":{"0":"post-6126","1":"product","2":"type-product","3":"status-publish","4":"has-post-thumbnail","6":"product_cat-all-products","7":"product_cat-edible-print","9":"first","10":"instock","11":"taxable","12":"shipping-taxable","13":"purchasable","14":"product-type-simple"},"_links":{"self":[{"href":"https:\/\/candeebaar.ee\/et\/wp-json\/wp\/v2\/product\/6126","targetHints":{"allow":["GET"]}}],"collection":[{"href":"https:\/\/candeebaar.ee\/et\/wp-json\/wp\/v2\/product"}],"about":[{"href":"https:\/\/candeebaar.ee\/et\/wp-json\/wp\/v2\/types\/product"}],"version-history":[{"count":3,"href":"https:\/\/candeebaar.ee\/et\/wp-json\/wp\/v2\/product\/6126\/revisions"}],"predecessor-version":[{"id":10520,"href":"https:\/\/candeebaar.ee\/et\/wp-json\/wp\/v2\/product\/6126\/revisions\/10520"}],"wp:featuredmedia":[{"embeddable":true,"href":"https:\/\/candeebaar.ee\/et\/wp-json\/wp\/v2\/media\/10522"}],"wp:attachment":[{"href":"https:\/\/candeebaar.ee\/et\/wp-json\/wp\/v2\/media?parent=6126"}],"wp:term":[{"taxonomy":"product_brand","embeddable":true,"href":"https:\/\/candeebaar.ee\/et\/wp-json\/wp\/v2\/product_brand?post=6126"},{"taxonomy":"product_cat","embeddable":true,"href":"https:\/\/candeebaar.ee\/et\/wp-json\/wp\/v2\/product_cat?post=6126"},{"taxonomy":"product_tag","embeddable":true,"href":"https:\/\/candeebaar.ee\/et\/wp-json\/wp\/v2\/product_tag?post=6126"}],"curies":[{"name":"t\u00f6\u00f6leht","href":"https:\/\/api.w.org\/{rel}","templated":true}]}}