{"id":6148,"date":"2024-12-31T20:11:47","date_gmt":"2024-12-31T20:11:47","guid":{"rendered":"https:\/\/storetest.ivi.ee\/product\/bag-for-easter-cake-110x85-10pcs\/"},"modified":"2026-04-07T18:37:43","modified_gmt":"2026-04-07T16:37:43","slug":"kott-lihavottekoogile-110x85-10tk","status":"publish","type":"product","link":"https:\/\/candeebaar.ee\/et\/pood\/kott-lihavottekoogile-110x85-10tk\/","title":{"rendered":"Kott lihav\u00f5ttekoogile 110\u00d785 10tk"},"content":{"rendered":"<p>L\u00e4bipaistev tasase p\u00f5hjaga pol\u00fcprop\u00fcleenist kott lihav\u00f5ttekookidele.<br \/>\nSobib kookidele, mille kuju on 110x85 mm.<br \/>\nM\u00f5\u00f5dud: 32x20 cm<br \/>\n<strong>Lihav\u00f5ttekoogi vorme m\u00fc\u00fcakse eraldi.<\/strong><\/p>","protected":false},"excerpt":{"rendered":"<p>L\u00e4bipaistev tasase p\u00f5hjaga pol\u00fcprop\u00fcleenist kott lihav\u00f5ttekookidele. Sobib kookidele suurusega 110x85mm. Suurus: 32x20cm lihav\u00f5ttekoogi vorme m\u00fc\u00fcakse eraldi.<\/p>","protected":false},"featured_media":6150,"template":"","meta":{"_seopress_robots_primary_cat":"none","_seopress_titles_title":"","_seopress_titles_desc":"","_seopress_robots_index":""},"product_brand":[],"product_cat":[178,15,95],"product_tag":[175],"class_list":{"0":"post-6148","1":"product","2":"type-product","3":"status-publish","4":"has-post-thumbnail","6":"product_cat-easter-products","7":"product_cat-all-products","8":"product_cat-plastic-and-paper-bags","9":"product_tag-easter","11":"first","12":"instock","13":"taxable","14":"shipping-taxable","15":"purchasable","16":"product-type-simple"},"_links":{"self":[{"href":"https:\/\/candeebaar.ee\/et\/wp-json\/wp\/v2\/product\/6148","targetHints":{"allow":["GET"]}}],"collection":[{"href":"https:\/\/candeebaar.ee\/et\/wp-json\/wp\/v2\/product"}],"about":[{"href":"https:\/\/candeebaar.ee\/et\/wp-json\/wp\/v2\/types\/product"}],"version-history":[{"count":2,"href":"https:\/\/candeebaar.ee\/et\/wp-json\/wp\/v2\/product\/6148\/revisions"}],"predecessor-version":[{"id":10397,"href":"https:\/\/candeebaar.ee\/et\/wp-json\/wp\/v2\/product\/6148\/revisions\/10397"}],"wp:featuredmedia":[{"embeddable":true,"href":"https:\/\/candeebaar.ee\/et\/wp-json\/wp\/v2\/media\/6150"}],"wp:attachment":[{"href":"https:\/\/candeebaar.ee\/et\/wp-json\/wp\/v2\/media?parent=6148"}],"wp:term":[{"taxonomy":"product_brand","embeddable":true,"href":"https:\/\/candeebaar.ee\/et\/wp-json\/wp\/v2\/product_brand?post=6148"},{"taxonomy":"product_cat","embeddable":true,"href":"https:\/\/candeebaar.ee\/et\/wp-json\/wp\/v2\/product_cat?post=6148"},{"taxonomy":"product_tag","embeddable":true,"href":"https:\/\/candeebaar.ee\/et\/wp-json\/wp\/v2\/product_tag?post=6148"}],"curies":[{"name":"t\u00f6\u00f6leht","href":"https:\/\/api.w.org\/{rel}","templated":true}]}}