{"id":6156,"date":"2024-12-31T20:11:47","date_gmt":"2024-12-31T20:11:47","guid":{"rendered":"https:\/\/storetest.ivi.ee\/product\/printing-on-wafer-paper-0-6mm-a4\/"},"modified":"2024-12-31T20:11:48","modified_gmt":"2024-12-31T20:11:48","slug":"trukkimine-vahvelpaberile-0-6mm-a4","status":"publish","type":"product","link":"https:\/\/candeebaar.ee\/et\/pood\/trukkimine-vahvelpaberile-0-6mm-a4\/","title":{"rendered":"Printimine vahvelpaberile 0,6 mm A4"},"content":{"rendered":"<p>Toiduv\u00e4rvidega (E151, E110, E133, E122, E102, E404, E330, E202, E422) s\u00f6\u00f6davale vahvlipaberile toidutr\u00fckk.<br \/>\n Magustoitudele saate ise luua kaunistusi ja pealseid.<br \/>\n A4 formaat (210x297mm).<br \/>\n Toidutr\u00fcki v\u00e4rv ja k\u00fcllastus v\u00f5ivad kasutatud materjalide piirangute t\u00f5ttu klassikalisest veidi erineda. \u00dchev\u00e4rvilistel suurtel aladel v\u00f5ivad esineda m\u00e4rgatavad moonutused. Elastsuse s\u00e4ilitamiseks tuleks paberit hoida suletud pakendis.<br \/>\n<strong>T\u00e4htis:<\/strong><br \/>\nFailin\u00f5uded: proovige kasutada <strong>kvaliteetne<\/strong> failid, vorming <strong>doc docx<\/strong> (Wordi fail)<strong>, pdf<\/strong>, v\u00f5i <strong>jpeg<\/strong> koos <strong>A4<\/strong> proportsioonid.<br \/>\n<strong>Paberi servad<\/strong> k\u00fclgedel (5mm) ja \u00fclevalt-all (15mm) <strong>ei tr\u00fckita<\/strong>, seega on parem need t\u00fchjaks j\u00e4tta. Me ei vorminda faile, ei muuda neid ega s\u00e4ilita neid p\u00e4rast kasutamist. Klient vastutab sisu eest. Rahat\u00e4hti riistvarapiirangute t\u00f5ttu ei tr\u00fckita!<br \/>\nSuurte mustade detailidega pildid on ebasoovitavad; sellistel juhtudel v\u00f5ivad tekkida defektid.<br \/>\nFailid tuleks saata aadressile <span style=\"font-family: 'arial black', sans-serif;\"><a href=\"mailto:candeebaar@gmail.com\">info@candeebaar.ee<\/a> <span style=\"font-family: georgia, palatino, serif;\">teemareal m\u00e4rgitud tellimuse numbriga.<\/span><\/span><\/p>\n<p>Paberi koostis: kartulit\u00e4rklis, vesi, oliivi\u00f5li, maltodekstriin.<br \/>\nHoida tihedalt suletud pakendis, jahedas pimedas kohas.<br \/>\nM\u00f5\u00f5dud: 210x297mm<br \/>\nToitev\u00e4\u00e4rtus 100 g kohta:<br \/>\n1589 kJ \/ 380 kcal<br \/>\nRasvad (k\u00fcllastunud): 3 g (0,4 g)<br \/>\nS\u00fcsivesikud: 88,1g<br \/>\nValgud: 0,1 g<br \/>\nHoida suletud pakendis jahedas ja pimedas kohas.<br \/>\nTootja: Saksamaa Kopyform<\/p>","protected":false},"excerpt":{"rendered":"<p>Food printing on edible wafer paper using food inks (E151, E110, E133, E122, E102, E404, E330, E202, E422). You can create your own decorations and toppers for desserts. A4 format (210x297mm). The color and saturation of food printing may differ slightly from classic due to the limitations of the materials used. Large areas of a [&hellip;]<\/p>","protected":false},"featured_media":5224,"template":"","meta":{"_seopress_robots_primary_cat":"","_seopress_titles_title":"","_seopress_titles_desc":"","_seopress_robots_index":""},"product_brand":[],"product_cat":[15],"product_tag":[],"class_list":{"0":"post-6156","1":"product","2":"type-product","3":"status-publish","4":"has-post-thumbnail","6":"product_cat-all-products","8":"first","9":"outofstock","10":"taxable","11":"shipping-taxable","12":"purchasable","13":"product-type-simple"},"_links":{"self":[{"href":"https:\/\/candeebaar.ee\/et\/wp-json\/wp\/v2\/product\/6156","targetHints":{"allow":["GET"]}}],"collection":[{"href":"https:\/\/candeebaar.ee\/et\/wp-json\/wp\/v2\/product"}],"about":[{"href":"https:\/\/candeebaar.ee\/et\/wp-json\/wp\/v2\/types\/product"}],"version-history":[{"count":1,"href":"https:\/\/candeebaar.ee\/et\/wp-json\/wp\/v2\/product\/6156\/revisions"}],"predecessor-version":[{"id":6157,"href":"https:\/\/candeebaar.ee\/et\/wp-json\/wp\/v2\/product\/6156\/revisions\/6157"}],"wp:featuredmedia":[{"embeddable":true,"href":"https:\/\/candeebaar.ee\/et\/wp-json\/wp\/v2\/media\/5224"}],"wp:attachment":[{"href":"https:\/\/candeebaar.ee\/et\/wp-json\/wp\/v2\/media?parent=6156"}],"wp:term":[{"taxonomy":"product_brand","embeddable":true,"href":"https:\/\/candeebaar.ee\/et\/wp-json\/wp\/v2\/product_brand?post=6156"},{"taxonomy":"product_cat","embeddable":true,"href":"https:\/\/candeebaar.ee\/et\/wp-json\/wp\/v2\/product_cat?post=6156"},{"taxonomy":"product_tag","embeddable":true,"href":"https:\/\/candeebaar.ee\/et\/wp-json\/wp\/v2\/product_tag?post=6156"}],"curies":[{"name":"t\u00f6\u00f6leht","href":"https:\/\/api.w.org\/{rel}","templated":true}]}}