{"id":6158,"date":"2024-12-31T20:11:47","date_gmt":"2024-12-31T20:11:47","guid":{"rendered":"https:\/\/storetest.ivi.ee\/product\/printing-on-a4-chocolate-transfer-paper\/"},"modified":"2026-02-11T09:17:24","modified_gmt":"2026-02-11T07:17:24","slug":"trukkimine-a4-sokolaadi-ulekandepaberile","status":"publish","type":"product","link":"https:\/\/candeebaar.ee\/et\/pood\/trukkimine-a4-sokolaadi-ulekandepaberile\/","title":{"rendered":"Tr\u00fckkimine A4 \u0161okolaadi \u00fclekandepaberile"},"content":{"rendered":"<p>Toidutr\u00fckk s\u00f6\u00f6davale \u0161okolaadisiirdepaberile, kasutades toiduv\u00e4rvi (E151, E110, E133, E122, E102, E404, E330, E202, E422).<br \/>\nMagustoitudele saate ise kaunistusi luua.<br \/>\nA4 formaat (210x297mm).<br \/>\nToidutr\u00fcki v\u00e4rv ja k\u00fcllastus erinevad kasutatud materjalide piirangute t\u00f5ttu veidi klassikalisest. Suurtel \u00fchev\u00e4rvilistel aladel v\u00f5ivad olla m\u00e4rgatavad moonutused. Paindlikkuse s\u00e4ilitamiseks tuleks paberit hoida suletud pakendis.<br \/>\n<strong>T\u00e4htis: \u0161okolaadile \u00fclekandmise fail peab olema peegelpildis; vastasel juhul on l\u00f5pppilt valmistootel vale (eriti teksti puhul kriitiline)!<\/strong><br \/>\nFailin\u00f5uded: proovige kasutada <strong>kvaliteetne<\/strong> failid, vorming <strong>doc docx<\/strong> (Wordi fail)<strong>, pdf<\/strong>, v\u00f5i <strong>jpeg<\/strong> koos <strong>A4<\/strong> proportsioonid.<br \/>\n<strong>Paberi servad<\/strong> k\u00fclgedel (5mm) ja \u00fclevalt-all (15mm) <strong>ei tr\u00fckita<\/strong>, seega on parem need t\u00fchjaks j\u00e4tta. Me ei vorminda faile, ei muuda neid ega salvesta neid p\u00e4rast kasutamist. Klient vastutab sisu eest. Rahat\u00e4hti riistvaraliste piirangute t\u00f5ttu ei prindita!<br \/>\nSuurte mustade detailidega joonised on ebasoovitavad, kuna sellistel juhtudel v\u00f5ivad tekkida defektid.<br \/>\nFailid tuleks saata aadressile <span style=\"font-family: 'arial black', sans-serif;\"><a href=\"mailto:candeebaar@gmail.com\">info@candeebaar.ee<\/a>\u00a0<span style=\"font-family: georgia, palatino, serif;\">teemareal m\u00e4rgitud tellimuse numbriga.<\/span><\/span><\/p>\n<p><iframe src=\"\/\/www.youtube.com\/embed\/TlvwEw-aTrI\" width=\"560\" height=\"314\" allowfullscreen=\"allowfullscreen\"><\/iframe><\/p>\n<p>Shock \u00fclekandepaber professionaalseks kasutamiseks.<br \/>\nKoostis: maisijahu, vesi, kakaov\u00f5i, melass, kuiv munavalge (sisaldab <strong>muna<\/strong> ja <strong>laktoos<\/strong>, valmistatud kuivast proteiinist <strong>kana muna<\/strong>, kuiv kooritud <strong>piima<\/strong>, stabilisaatorid E415, E466, happesuse regulaator E330, k\u00fcpsetuspulber E500), paksendaja E1422, kartulit\u00e4rklis. , oliivi\u00f5li, s\u00e4ilitusaine E202.<br \/>\nKaal: 240g<br \/>\n100g sisaldab:<br \/>\n1845 kJ \/ 440 kcal<br \/>\nRasvad (k\u00fcllastunud): 22g (19g)<br \/>\nS\u00fcsivesikud (suhkur): 60g (10g)<br \/>\nValgud: 10 g<br \/>\nSool: 2,54 g<br \/>\nHoida \u00f5hukindlas pakendis pimedas jahedas kohas.<br \/>\nTootja: Saksamaa Kopyform<\/p>","protected":false},"excerpt":{"rendered":"<p>Toidutr\u00fckk s\u00f6\u00f6davale \u0161okolaadisiirdepaberile, kasutades toiduv\u00e4rvi (E151, E110, E133, E122, E102, E404, E330, E202, E422). Magustoitudele saate ise kaunistusi luua. A4 formaat (210x297mm). Toidutr\u00fcki v\u00e4rv ja k\u00fcllastus erinevad kasutatud materjalide piirangute t\u00f5ttu veidi klassikalisest. Suured \u00fchev\u00e4rvilised alad [\u2026]<\/p>","protected":false},"featured_media":10525,"template":"","meta":{"_seopress_robots_primary_cat":"none","_seopress_titles_title":"","_seopress_titles_desc":"","_seopress_robots_index":""},"product_brand":[],"product_cat":[182,181,183,180,15,105],"product_tag":[],"class_list":{"0":"post-6158","1":"product","2":"type-product","3":"status-publish","4":"has-post-thumbnail","6":"product_cat-christmas","7":"product_cat-christmas-new-year","8":"product_cat-valentines-day","9":"product_cat-wedding-products","10":"product_cat-all-products","11":"product_cat-edible-print","13":"first","14":"instock","15":"taxable","16":"shipping-taxable","17":"purchasable","18":"product-type-simple"},"_links":{"self":[{"href":"https:\/\/candeebaar.ee\/et\/wp-json\/wp\/v2\/product\/6158","targetHints":{"allow":["GET"]}}],"collection":[{"href":"https:\/\/candeebaar.ee\/et\/wp-json\/wp\/v2\/product"}],"about":[{"href":"https:\/\/candeebaar.ee\/et\/wp-json\/wp\/v2\/types\/product"}],"version-history":[{"count":2,"href":"https:\/\/candeebaar.ee\/et\/wp-json\/wp\/v2\/product\/6158\/revisions"}],"predecessor-version":[{"id":10526,"href":"https:\/\/candeebaar.ee\/et\/wp-json\/wp\/v2\/product\/6158\/revisions\/10526"}],"wp:featuredmedia":[{"embeddable":true,"href":"https:\/\/candeebaar.ee\/et\/wp-json\/wp\/v2\/media\/10525"}],"wp:attachment":[{"href":"https:\/\/candeebaar.ee\/et\/wp-json\/wp\/v2\/media?parent=6158"}],"wp:term":[{"taxonomy":"product_brand","embeddable":true,"href":"https:\/\/candeebaar.ee\/et\/wp-json\/wp\/v2\/product_brand?post=6158"},{"taxonomy":"product_cat","embeddable":true,"href":"https:\/\/candeebaar.ee\/et\/wp-json\/wp\/v2\/product_cat?post=6158"},{"taxonomy":"product_tag","embeddable":true,"href":"https:\/\/candeebaar.ee\/et\/wp-json\/wp\/v2\/product_tag?post=6158"}],"curies":[{"name":"t\u00f6\u00f6leht","href":"https:\/\/api.w.org\/{rel}","templated":true}]}}