{"id":6256,"date":"2024-12-31T20:11:54","date_gmt":"2024-12-31T20:11:54","guid":{"rendered":"https:\/\/storetest.ivi.ee\/product\/gel-dye-lemon-yellow-30g-fractal-colors\/"},"modified":"2026-03-30T08:36:42","modified_gmt":"2026-03-30T06:36:42","slug":"geelvarv-sidrunikollane-30g-fraktaalvarve","status":"publish","type":"product","link":"https:\/\/candeebaar.ee\/et\/pood\/geelvarv-sidrunikollane-30g-fraktaalvarve\/","title":{"rendered":"Geelv\u00e4rv Lemon Yellow 30g Fractal Colors"},"content":{"rendered":"<p>Toidukvaliteediga vees lahustuv geelv\u00e4rv.<br \/>\nKoostisosad: gl\u00fctseriin, E1520 (prop\u00fcleengl\u00fckool), (v\u00e4rv) E102, E551 (r\u00e4nidioksiid).<br \/>\nV\u00e4rvus: kollane<br \/>\nKaal: 30 g<br \/>\nHoida pimedas jahedas kohas.<br \/>\nV\u00f5ib kahjustada laste aktiivsust ja t\u00e4helepanu.<br \/>\nTootja: Fractal Colors, Ungari<\/p>","protected":false},"excerpt":{"rendered":"<p>Toidukvaliteediga vees lahustuv geelv\u00e4rv. Koostis: gl\u00fctseriin, E1520 (prop\u00fcleengl\u00fckool), (v\u00e4rv) E102, E551 (r\u00e4nidioksiid). V\u00e4rvus: kollane Mass: 30g Hoida pimedas jahedas kohas. V\u00f5ib kahjustada laste aktiivsust ja t\u00e4helepanu. Tootja: Fractal Colors, Ungari<\/p>","protected":false},"featured_media":6258,"template":"","meta":{"_seopress_robots_primary_cat":"none","_seopress_titles_title":"","_seopress_titles_desc":"","_seopress_robots_index":""},"product_brand":[],"product_cat":[15,114],"product_tag":[],"class_list":{"0":"post-6256","1":"product","2":"type-product","3":"status-publish","4":"has-post-thumbnail","6":"product_cat-all-products","7":"product_cat-gel-water-soluble","9":"first","10":"instock","11":"taxable","12":"shipping-taxable","13":"purchasable","14":"product-type-simple"},"_links":{"self":[{"href":"https:\/\/candeebaar.ee\/et\/wp-json\/wp\/v2\/product\/6256","targetHints":{"allow":["GET"]}}],"collection":[{"href":"https:\/\/candeebaar.ee\/et\/wp-json\/wp\/v2\/product"}],"about":[{"href":"https:\/\/candeebaar.ee\/et\/wp-json\/wp\/v2\/types\/product"}],"version-history":[{"count":1,"href":"https:\/\/candeebaar.ee\/et\/wp-json\/wp\/v2\/product\/6256\/revisions"}],"predecessor-version":[{"id":6257,"href":"https:\/\/candeebaar.ee\/et\/wp-json\/wp\/v2\/product\/6256\/revisions\/6257"}],"wp:featuredmedia":[{"embeddable":true,"href":"https:\/\/candeebaar.ee\/et\/wp-json\/wp\/v2\/media\/6258"}],"wp:attachment":[{"href":"https:\/\/candeebaar.ee\/et\/wp-json\/wp\/v2\/media?parent=6256"}],"wp:term":[{"taxonomy":"product_brand","embeddable":true,"href":"https:\/\/candeebaar.ee\/et\/wp-json\/wp\/v2\/product_brand?post=6256"},{"taxonomy":"product_cat","embeddable":true,"href":"https:\/\/candeebaar.ee\/et\/wp-json\/wp\/v2\/product_cat?post=6256"},{"taxonomy":"product_tag","embeddable":true,"href":"https:\/\/candeebaar.ee\/et\/wp-json\/wp\/v2\/product_tag?post=6256"}],"curies":[{"name":"t\u00f6\u00f6leht","href":"https:\/\/api.w.org\/{rel}","templated":true}]}}