{"id":6281,"date":"2024-12-31T20:12:01","date_gmt":"2024-12-31T20:12:01","guid":{"rendered":"https:\/\/storetest.ivi.ee\/product\/black-food-safe-calligraphy-pen-calligra-fractal-colors\/"},"modified":"2026-02-04T17:50:46","modified_gmt":"2026-02-04T15:50:46","slug":"must-toiduohutu-kalligraafia-pliiats-kalligra-fraktaalvarvid","status":"publish","type":"product","link":"https:\/\/candeebaar.ee\/et\/pood\/must-toiduohutu-kalligraafia-pliiats-kalligra-fraktaalvarvid\/","title":{"rendered":"Must toidukindel kalligraafia pliiats Calligra Fractal Colors"},"content":{"rendered":"<p>Markerpliiats toiduv\u00e4rvidega kirjutamiseks.<br \/>\nSellel on pehme ots, mis v\u00f5imaldab s\u00f5ltuvalt rakendatavast survest luua kalligraafilise efekti.<br \/>\nKoostisosad: vesi, E151, E129, E104, E122, E133, E211, maitseaine.<br \/>\nV\u00f5ib negatiivselt m\u00f5jutada laste aktiivsust ja t\u00e4helepanu.<br \/>\nHoida pimedas jahedas kohas tihedalt suletud pakendis.<br \/>\nTootja: Fractal Colors, Ungari<\/p>","protected":false},"excerpt":{"rendered":"<p>Markerpliiats toiduv\u00e4rvidega kirjutamiseks. Sellel on pehme ots, mis v\u00f5imaldab s\u00f5ltuvalt rakendatavast survest luua kalligraafilise efekti. Tindi koostis: vesi, E151, E129, E104, E122, E133, E211, maitseaine. V\u00f5ib negatiivselt m\u00f5jutada laste aktiivsust ja t\u00e4helepanu. Hoida pimedas, jahedas kohas tihedalt suletud pakendis. Tootja: [\u2026]<\/p>","protected":false},"featured_media":6283,"template":"","meta":{"_seopress_robots_primary_cat":"none","_seopress_titles_title":"","_seopress_titles_desc":"","_seopress_robots_index":""},"product_brand":[],"product_cat":[15,114,84],"product_tag":[],"class_list":{"0":"post-6281","1":"product","2":"type-product","3":"status-publish","4":"has-post-thumbnail","6":"product_cat-all-products","7":"product_cat-gel-water-soluble","8":"product_cat-tools","10":"first","11":"outofstock","12":"taxable","13":"shipping-taxable","14":"purchasable","15":"product-type-simple"},"_links":{"self":[{"href":"https:\/\/candeebaar.ee\/et\/wp-json\/wp\/v2\/product\/6281","targetHints":{"allow":["GET"]}}],"collection":[{"href":"https:\/\/candeebaar.ee\/et\/wp-json\/wp\/v2\/product"}],"about":[{"href":"https:\/\/candeebaar.ee\/et\/wp-json\/wp\/v2\/types\/product"}],"version-history":[{"count":2,"href":"https:\/\/candeebaar.ee\/et\/wp-json\/wp\/v2\/product\/6281\/revisions"}],"predecessor-version":[{"id":14124,"href":"https:\/\/candeebaar.ee\/et\/wp-json\/wp\/v2\/product\/6281\/revisions\/14124"}],"wp:featuredmedia":[{"embeddable":true,"href":"https:\/\/candeebaar.ee\/et\/wp-json\/wp\/v2\/media\/6283"}],"wp:attachment":[{"href":"https:\/\/candeebaar.ee\/et\/wp-json\/wp\/v2\/media?parent=6281"}],"wp:term":[{"taxonomy":"product_brand","embeddable":true,"href":"https:\/\/candeebaar.ee\/et\/wp-json\/wp\/v2\/product_brand?post=6281"},{"taxonomy":"product_cat","embeddable":true,"href":"https:\/\/candeebaar.ee\/et\/wp-json\/wp\/v2\/product_cat?post=6281"},{"taxonomy":"product_tag","embeddable":true,"href":"https:\/\/candeebaar.ee\/et\/wp-json\/wp\/v2\/product_tag?post=6281"}],"curies":[{"name":"t\u00f6\u00f6leht","href":"https:\/\/api.w.org\/{rel}","templated":true}]}}