{"id":6287,"date":"2024-12-31T20:12:01","date_gmt":"2024-12-31T20:12:01","guid":{"rendered":"https:\/\/storetest.ivi.ee\/product\/gel-dye-orchid-purple-30g-fractal-colors\/"},"modified":"2026-03-30T08:35:25","modified_gmt":"2026-03-30T06:35:25","slug":"geelvarv-orhideelilla-30g-fraktaalvarvid","status":"publish","type":"product","link":"https:\/\/candeebaar.ee\/et\/pood\/geelvarv-orhideelilla-30g-fraktaalvarvid\/","title":{"rendered":"Geelv\u00e4rv Orchid Purple 30g Fractal Colors"},"content":{"rendered":"<p>Toiduk\u00f5lblik \u017eelatiinne vees lahustuv v\u00e4rvaine.<br \/>\nKoostisosad: gl\u00fctseriin, E1520 (prop\u00fcleengl\u00fckool), (v\u00e4rvid) E122, E133, E551 (r\u00e4nidioksiid).<br \/>\nV\u00e4rv: lilla<br \/>\nKaal: 30 g<br \/>\nHoida pimedas jahedas kohas.<br \/>\nV\u00f5ib kahjustada laste aktiivsust ja t\u00e4helepanu.<br \/>\nTootja: Fractal Colors, Ungari<\/p>","protected":false},"excerpt":{"rendered":"<p>Toiduk\u00f5lblik \u017eelatiinne vees lahustuv v\u00e4rvaine. Koostis: gl\u00fctseriin, E1520 (prop\u00fcleengl\u00fckool), (v\u00e4rvid) E122, E133, E551 (r\u00e4nidioksiid). V\u00e4rvus: lilla Mass: 30g Hoida pimedas jahedas kohas. V\u00f5ib kahjustada laste aktiivsust ja t\u00e4helepanu. Tootja: Fractal Colors, Ungari<\/p>","protected":false},"featured_media":6260,"template":"","meta":{"_seopress_robots_primary_cat":"","_seopress_titles_title":"","_seopress_titles_desc":"","_seopress_robots_index":""},"product_brand":[],"product_cat":[15,114],"product_tag":[],"class_list":{"0":"post-6287","1":"product","2":"type-product","3":"status-publish","4":"has-post-thumbnail","6":"product_cat-all-products","7":"product_cat-gel-water-soluble","9":"first","10":"instock","11":"taxable","12":"shipping-taxable","13":"purchasable","14":"product-type-simple"},"_links":{"self":[{"href":"https:\/\/candeebaar.ee\/et\/wp-json\/wp\/v2\/product\/6287","targetHints":{"allow":["GET"]}}],"collection":[{"href":"https:\/\/candeebaar.ee\/et\/wp-json\/wp\/v2\/product"}],"about":[{"href":"https:\/\/candeebaar.ee\/et\/wp-json\/wp\/v2\/types\/product"}],"version-history":[{"count":1,"href":"https:\/\/candeebaar.ee\/et\/wp-json\/wp\/v2\/product\/6287\/revisions"}],"predecessor-version":[{"id":6288,"href":"https:\/\/candeebaar.ee\/et\/wp-json\/wp\/v2\/product\/6287\/revisions\/6288"}],"wp:featuredmedia":[{"embeddable":true,"href":"https:\/\/candeebaar.ee\/et\/wp-json\/wp\/v2\/media\/6260"}],"wp:attachment":[{"href":"https:\/\/candeebaar.ee\/et\/wp-json\/wp\/v2\/media?parent=6287"}],"wp:term":[{"taxonomy":"product_brand","embeddable":true,"href":"https:\/\/candeebaar.ee\/et\/wp-json\/wp\/v2\/product_brand?post=6287"},{"taxonomy":"product_cat","embeddable":true,"href":"https:\/\/candeebaar.ee\/et\/wp-json\/wp\/v2\/product_cat?post=6287"},{"taxonomy":"product_tag","embeddable":true,"href":"https:\/\/candeebaar.ee\/et\/wp-json\/wp\/v2\/product_tag?post=6287"}],"curies":[{"name":"t\u00f6\u00f6leht","href":"https:\/\/api.w.org\/{rel}","templated":true}]}}