{"id":6455,"date":"2024-12-31T20:12:17","date_gmt":"2024-12-31T20:12:17","guid":{"rendered":"https:\/\/storetest.ivi.ee\/product\/topper-happy-birthday-black-hb29\/"},"modified":"2025-01-02T15:24:13","modified_gmt":"2025-01-02T15:24:13","slug":"pealisriie-palju-onne-sunnipaevaks-must-hb29","status":"publish","type":"product","link":"https:\/\/candeebaar.ee\/et\/pood\/pealisriie-palju-onne-sunnipaevaks-must-hb29\/","title":{"rendered":"Topper \u201cPalju \u00f5nne s\u00fcnnip\u00e4evaks\u201d must (hb29)"},"content":{"rendered":"<p>Plastikust kattekiht.<br \/>\nKaetud kaitsekilega.<br \/>\nSuurus: ~15*12cm<\/p>","protected":false},"excerpt":{"rendered":"<p>Plastikust kattekiht. Kaetud kaitsekilega. Suurus: ~15*12cm<\/p>","protected":false},"featured_media":6311,"template":"","meta":{"_seopress_robots_primary_cat":"","_seopress_titles_title":"","_seopress_titles_desc":"","_seopress_robots_index":""},"product_brand":[],"product_cat":[15,161],"product_tag":[],"class_list":{"0":"post-6455","1":"product","2":"type-product","3":"status-publish","4":"has-post-thumbnail","6":"product_cat-all-products","7":"product_cat-black","9":"first","10":"instock","11":"taxable","12":"shipping-taxable","13":"purchasable","14":"product-type-simple"},"_links":{"self":[{"href":"https:\/\/candeebaar.ee\/et\/wp-json\/wp\/v2\/product\/6455","targetHints":{"allow":["GET"]}}],"collection":[{"href":"https:\/\/candeebaar.ee\/et\/wp-json\/wp\/v2\/product"}],"about":[{"href":"https:\/\/candeebaar.ee\/et\/wp-json\/wp\/v2\/types\/product"}],"version-history":[{"count":1,"href":"https:\/\/candeebaar.ee\/et\/wp-json\/wp\/v2\/product\/6455\/revisions"}],"predecessor-version":[{"id":6456,"href":"https:\/\/candeebaar.ee\/et\/wp-json\/wp\/v2\/product\/6455\/revisions\/6456"}],"wp:featuredmedia":[{"embeddable":true,"href":"https:\/\/candeebaar.ee\/et\/wp-json\/wp\/v2\/media\/6311"}],"wp:attachment":[{"href":"https:\/\/candeebaar.ee\/et\/wp-json\/wp\/v2\/media?parent=6455"}],"wp:term":[{"taxonomy":"product_brand","embeddable":true,"href":"https:\/\/candeebaar.ee\/et\/wp-json\/wp\/v2\/product_brand?post=6455"},{"taxonomy":"product_cat","embeddable":true,"href":"https:\/\/candeebaar.ee\/et\/wp-json\/wp\/v2\/product_cat?post=6455"},{"taxonomy":"product_tag","embeddable":true,"href":"https:\/\/candeebaar.ee\/et\/wp-json\/wp\/v2\/product_tag?post=6455"}],"curies":[{"name":"t\u00f6\u00f6leht","href":"https:\/\/api.w.org\/{rel}","templated":true}]}}