{"id":6654,"date":"2024-12-31T20:12:31","date_gmt":"2024-12-31T20:12:31","guid":{"rendered":"https:\/\/storetest.ivi.ee\/product\/topper-happy-birthday-black-hb12\/"},"modified":"2026-02-10T12:33:04","modified_gmt":"2026-02-10T10:33:04","slug":"pealiskiht-palju-onne-sunnipaevaks-must-hb12","status":"publish","type":"product","link":"https:\/\/candeebaar.ee\/et\/pood\/pealiskiht-palju-onne-sunnipaevaks-must-hb12\/","title":{"rendered":"Topper \u201cPalju \u00f5nne s\u00fcnnip\u00e4evaks\u201d must (hb12)"},"content":{"rendered":"<p>Plastikust kattekiht.<br \/>\nKaetud kaitsekilega.<br \/>\nSuurus: ~15*12cm<\/p>","protected":false},"excerpt":{"rendered":"<p>Plastikust kattekiht. Kaetud kaitsekilega. Suurus: ~15*12cm<\/p>","protected":false},"featured_media":6302,"template":"","meta":{"_seopress_robots_primary_cat":"","_seopress_titles_title":"","_seopress_titles_desc":"","_seopress_robots_index":""},"product_brand":[],"product_cat":[15,161],"product_tag":[],"class_list":{"0":"post-6654","1":"product","2":"type-product","3":"status-publish","4":"has-post-thumbnail","6":"product_cat-all-products","7":"product_cat-black","9":"first","10":"instock","11":"taxable","12":"shipping-taxable","13":"purchasable","14":"product-type-simple"},"_links":{"self":[{"href":"https:\/\/candeebaar.ee\/et\/wp-json\/wp\/v2\/product\/6654","targetHints":{"allow":["GET"]}}],"collection":[{"href":"https:\/\/candeebaar.ee\/et\/wp-json\/wp\/v2\/product"}],"about":[{"href":"https:\/\/candeebaar.ee\/et\/wp-json\/wp\/v2\/types\/product"}],"version-history":[{"count":1,"href":"https:\/\/candeebaar.ee\/et\/wp-json\/wp\/v2\/product\/6654\/revisions"}],"predecessor-version":[{"id":6655,"href":"https:\/\/candeebaar.ee\/et\/wp-json\/wp\/v2\/product\/6654\/revisions\/6655"}],"wp:featuredmedia":[{"embeddable":true,"href":"https:\/\/candeebaar.ee\/et\/wp-json\/wp\/v2\/media\/6302"}],"wp:attachment":[{"href":"https:\/\/candeebaar.ee\/et\/wp-json\/wp\/v2\/media?parent=6654"}],"wp:term":[{"taxonomy":"product_brand","embeddable":true,"href":"https:\/\/candeebaar.ee\/et\/wp-json\/wp\/v2\/product_brand?post=6654"},{"taxonomy":"product_cat","embeddable":true,"href":"https:\/\/candeebaar.ee\/et\/wp-json\/wp\/v2\/product_cat?post=6654"},{"taxonomy":"product_tag","embeddable":true,"href":"https:\/\/candeebaar.ee\/et\/wp-json\/wp\/v2\/product_tag?post=6654"}],"curies":[{"name":"t\u00f6\u00f6leht","href":"https:\/\/api.w.org\/{rel}","templated":true}]}}