{"id":6809,"date":"2024-12-31T20:12:44","date_gmt":"2024-12-31T20:12:44","guid":{"rendered":"https:\/\/storetest.ivi.ee\/product\/cake-base-1cm-d25\/"},"modified":"2026-04-06T19:00:51","modified_gmt":"2026-04-06T17:00:51","slug":"koogipohi-1cm-d25","status":"publish","type":"product","link":"https:\/\/candeebaar.ee\/et\/pood\/koogipohi-1cm-d25\/","title":{"rendered":"Tordilaud 1cm d25"},"content":{"rendered":"<p>Tugevdatud p\u00f5hi paksusega 12mm rasketele kookidele.<br \/>\nL\u00e4bim\u00f5\u00f5t: 255mm (sobib h\u00e4sti 25*25cm karpi)<br \/>\nMaterjal: lamineeritud tugevdatud lainepapp<br \/>\nV\u00e4rv: valge<\/p>","protected":false},"excerpt":{"rendered":"<p>Tugevdatud p\u00f5hi paksusega 12mm rasketele kookidele. L\u00e4bim\u00f5\u00f5t: 255mm (sobib h\u00e4sti 25*25cm karpi) Materjal: lamineeritud tugevdatud lainepapp V\u00e4rvus: valge<\/p>","protected":false},"featured_media":6811,"template":"","meta":{"_seopress_robots_primary_cat":"none","_seopress_titles_title":"","_seopress_titles_desc":"","_seopress_robots_index":""},"product_brand":[],"product_cat":[180,15,144],"product_tag":[],"class_list":{"0":"post-6809","1":"product","2":"type-product","3":"status-publish","4":"has-post-thumbnail","6":"product_cat-wedding-products","7":"product_cat-all-products","8":"product_cat-25cm","10":"first","11":"instock","12":"taxable","13":"shipping-taxable","14":"purchasable","15":"product-type-simple"},"_links":{"self":[{"href":"https:\/\/candeebaar.ee\/et\/wp-json\/wp\/v2\/product\/6809","targetHints":{"allow":["GET"]}}],"collection":[{"href":"https:\/\/candeebaar.ee\/et\/wp-json\/wp\/v2\/product"}],"about":[{"href":"https:\/\/candeebaar.ee\/et\/wp-json\/wp\/v2\/types\/product"}],"version-history":[{"count":2,"href":"https:\/\/candeebaar.ee\/et\/wp-json\/wp\/v2\/product\/6809\/revisions"}],"predecessor-version":[{"id":9134,"href":"https:\/\/candeebaar.ee\/et\/wp-json\/wp\/v2\/product\/6809\/revisions\/9134"}],"wp:featuredmedia":[{"embeddable":true,"href":"https:\/\/candeebaar.ee\/et\/wp-json\/wp\/v2\/media\/6811"}],"wp:attachment":[{"href":"https:\/\/candeebaar.ee\/et\/wp-json\/wp\/v2\/media?parent=6809"}],"wp:term":[{"taxonomy":"product_brand","embeddable":true,"href":"https:\/\/candeebaar.ee\/et\/wp-json\/wp\/v2\/product_brand?post=6809"},{"taxonomy":"product_cat","embeddable":true,"href":"https:\/\/candeebaar.ee\/et\/wp-json\/wp\/v2\/product_cat?post=6809"},{"taxonomy":"product_tag","embeddable":true,"href":"https:\/\/candeebaar.ee\/et\/wp-json\/wp\/v2\/product_tag?post=6809"}],"curies":[{"name":"t\u00f6\u00f6leht","href":"https:\/\/api.w.org\/{rel}","templated":true}]}}