{"id":6814,"date":"2024-12-31T20:12:44","date_gmt":"2024-12-31T20:12:44","guid":{"rendered":"https:\/\/storetest.ivi.ee\/product\/cake-base-1cm-d35\/"},"modified":"2026-03-31T17:22:31","modified_gmt":"2026-03-31T15:22:31","slug":"koogipohi-1cm-d35","status":"publish","type":"product","link":"https:\/\/candeebaar.ee\/et\/pood\/koogipohi-1cm-d35\/","title":{"rendered":"Tordilaud 1cm d35"},"content":{"rendered":"<p>Tugevdatud p\u00f5hi paksusega 12mm rasketele kookidele.<br \/>\nL\u00e4bim\u00f5\u00f5t: 355mm (sobib h\u00e4sti 35*35cm karpi)<br \/>\nMaterjal: lamineeritud tugevdatud lainepapp<br \/>\nV\u00e4rv: valge<\/p>","protected":false},"excerpt":{"rendered":"<p>Tugevdatud p\u00f5hi paksusega 12mm rasketele kookidele. L\u00e4bim\u00f5\u00f5t: 355mm (sobib h\u00e4sti 35*35cm karpi) Materjal: lamineeritud tugevdatud lainepapp V\u00e4rvus: valge<\/p>","protected":false},"featured_media":6811,"template":"","meta":{"_seopress_robots_primary_cat":"","_seopress_titles_title":"","_seopress_titles_desc":"","_seopress_robots_index":""},"product_brand":[],"product_cat":[15,148],"product_tag":[],"class_list":{"0":"post-6814","1":"product","2":"type-product","3":"status-publish","4":"has-post-thumbnail","6":"product_cat-all-products","7":"product_cat-32cm-and-bigger","9":"first","10":"instock","11":"taxable","12":"shipping-taxable","13":"purchasable","14":"product-type-simple"},"_links":{"self":[{"href":"https:\/\/candeebaar.ee\/et\/wp-json\/wp\/v2\/product\/6814","targetHints":{"allow":["GET"]}}],"collection":[{"href":"https:\/\/candeebaar.ee\/et\/wp-json\/wp\/v2\/product"}],"about":[{"href":"https:\/\/candeebaar.ee\/et\/wp-json\/wp\/v2\/types\/product"}],"version-history":[{"count":2,"href":"https:\/\/candeebaar.ee\/et\/wp-json\/wp\/v2\/product\/6814\/revisions"}],"predecessor-version":[{"id":9133,"href":"https:\/\/candeebaar.ee\/et\/wp-json\/wp\/v2\/product\/6814\/revisions\/9133"}],"wp:featuredmedia":[{"embeddable":true,"href":"https:\/\/candeebaar.ee\/et\/wp-json\/wp\/v2\/media\/6811"}],"wp:attachment":[{"href":"https:\/\/candeebaar.ee\/et\/wp-json\/wp\/v2\/media?parent=6814"}],"wp:term":[{"taxonomy":"product_brand","embeddable":true,"href":"https:\/\/candeebaar.ee\/et\/wp-json\/wp\/v2\/product_brand?post=6814"},{"taxonomy":"product_cat","embeddable":true,"href":"https:\/\/candeebaar.ee\/et\/wp-json\/wp\/v2\/product_cat?post=6814"},{"taxonomy":"product_tag","embeddable":true,"href":"https:\/\/candeebaar.ee\/et\/wp-json\/wp\/v2\/product_tag?post=6814"}],"curies":[{"name":"t\u00f6\u00f6leht","href":"https:\/\/api.w.org\/{rel}","templated":true}]}}