{"id":6842,"date":"2024-12-31T20:12:44","date_gmt":"2024-12-31T20:12:44","guid":{"rendered":"https:\/\/storetest.ivi.ee\/product\/silicone-mold-leaves-n7\/"},"modified":"2026-04-10T19:15:21","modified_gmt":"2026-04-10T17:15:21","slug":"silikoonvormi-lehed-n7","status":"publish","type":"product","link":"https:\/\/candeebaar.ee\/et\/pood\/silikoonvormi-lehed-n7\/","title":{"rendered":"Silikoonvorm Lehed N7"},"content":{"rendered":"<p>Silikoonvorm s\u00f6\u00f6davate kaunistuste tegemiseks fondandist, \u0161okolaadist, glasuurist jne.<br \/>\nMaterjal: toidu silikoon<br \/>\nSuurus: 65*95*6mm<br \/>\nTemperatuurivahemik: -40\u00b0 kuni 230\u00b0C<br \/>\nTootja: Hiina<\/p>","protected":false},"excerpt":{"rendered":"<p>Silikoonvorm s\u00f6\u00f6davate kaunistuste valmistamiseks fondandist, \u0161okolaadist, glasuurist jne. Materjal: toidusilikoon Suurus: 65*95*6mm Temperatuurivahemik: -40\u00b0 kuni 230\u00b0C Tootja: Hiina<\/p>","protected":false},"featured_media":6844,"template":"","meta":{"_seopress_robots_primary_cat":"","_seopress_titles_title":"","_seopress_titles_desc":"","_seopress_robots_index":""},"product_brand":[],"product_cat":[15,125],"product_tag":[],"class_list":{"0":"post-6842","1":"product","2":"type-product","3":"status-publish","4":"has-post-thumbnail","6":"product_cat-all-products","7":"product_cat-nature","9":"first","10":"instock","11":"taxable","12":"shipping-taxable","13":"purchasable","14":"product-type-simple"},"_links":{"self":[{"href":"https:\/\/candeebaar.ee\/et\/wp-json\/wp\/v2\/product\/6842","targetHints":{"allow":["GET"]}}],"collection":[{"href":"https:\/\/candeebaar.ee\/et\/wp-json\/wp\/v2\/product"}],"about":[{"href":"https:\/\/candeebaar.ee\/et\/wp-json\/wp\/v2\/types\/product"}],"version-history":[{"count":1,"href":"https:\/\/candeebaar.ee\/et\/wp-json\/wp\/v2\/product\/6842\/revisions"}],"predecessor-version":[{"id":6843,"href":"https:\/\/candeebaar.ee\/et\/wp-json\/wp\/v2\/product\/6842\/revisions\/6843"}],"wp:featuredmedia":[{"embeddable":true,"href":"https:\/\/candeebaar.ee\/et\/wp-json\/wp\/v2\/media\/6844"}],"wp:attachment":[{"href":"https:\/\/candeebaar.ee\/et\/wp-json\/wp\/v2\/media?parent=6842"}],"wp:term":[{"taxonomy":"product_brand","embeddable":true,"href":"https:\/\/candeebaar.ee\/et\/wp-json\/wp\/v2\/product_brand?post=6842"},{"taxonomy":"product_cat","embeddable":true,"href":"https:\/\/candeebaar.ee\/et\/wp-json\/wp\/v2\/product_cat?post=6842"},{"taxonomy":"product_tag","embeddable":true,"href":"https:\/\/candeebaar.ee\/et\/wp-json\/wp\/v2\/product_tag?post=6842"}],"curies":[{"name":"t\u00f6\u00f6leht","href":"https:\/\/api.w.org\/{rel}","templated":true}]}}