{"id":6852,"date":"2024-12-31T20:12:44","date_gmt":"2024-12-31T20:12:44","guid":{"rendered":"https:\/\/storetest.ivi.ee\/product\/set-of-3-shell-molds-n10\/"},"modified":"2026-04-02T13:05:27","modified_gmt":"2026-04-02T11:05:27","slug":"komplektis-3-koorevormi-n10","status":"publish","type":"product","link":"https:\/\/candeebaar.ee\/et\/pood\/komplektis-3-koorevormi-n10\/","title":{"rendered":"Komplektis 3 koorevormi N10"},"content":{"rendered":"<p>Silikoonvorm s\u00f6\u00f6davate kaunistuste tegemiseks fondandist, \u0161okolaadist, glasuurist jne.<br \/>\nMaterjal: toidu silikoon<br \/>\nM\u00f5\u00f5dud: 75*75*10mm<br \/>\n73 * 73 * 13 mm<br \/>\n55 * 52 * 13 mm<br \/>\nKasutustemperatuur: -40\u00b0 kuni 230\u00b0C<br \/>\nTootja: Hiina<\/p>","protected":false},"excerpt":{"rendered":"<p>Silikoonvorm s\u00f6\u00f6davate kaunistuste tegemiseks fondandist, \u0161okolaadist, glasuurist jne. Materjal: toidusilikoon M\u00f5\u00f5dud: 75*75*10mm 73*73*13mm 55*52*13mm Kasutustemperatuur: -40\u00b0 kuni 230\u00b0C Tootja: Hiina<\/p>","protected":false},"featured_media":6847,"template":"","meta":{"_seopress_robots_primary_cat":"","_seopress_titles_title":"","_seopress_titles_desc":"","_seopress_robots_index":""},"product_brand":[],"product_cat":[15,125],"product_tag":[],"class_list":{"0":"post-6852","1":"product","2":"type-product","3":"status-publish","4":"has-post-thumbnail","6":"product_cat-all-products","7":"product_cat-nature","9":"first","10":"instock","11":"taxable","12":"shipping-taxable","13":"purchasable","14":"product-type-simple"},"_links":{"self":[{"href":"https:\/\/candeebaar.ee\/et\/wp-json\/wp\/v2\/product\/6852","targetHints":{"allow":["GET"]}}],"collection":[{"href":"https:\/\/candeebaar.ee\/et\/wp-json\/wp\/v2\/product"}],"about":[{"href":"https:\/\/candeebaar.ee\/et\/wp-json\/wp\/v2\/types\/product"}],"version-history":[{"count":1,"href":"https:\/\/candeebaar.ee\/et\/wp-json\/wp\/v2\/product\/6852\/revisions"}],"predecessor-version":[{"id":6853,"href":"https:\/\/candeebaar.ee\/et\/wp-json\/wp\/v2\/product\/6852\/revisions\/6853"}],"wp:featuredmedia":[{"embeddable":true,"href":"https:\/\/candeebaar.ee\/et\/wp-json\/wp\/v2\/media\/6847"}],"wp:attachment":[{"href":"https:\/\/candeebaar.ee\/et\/wp-json\/wp\/v2\/media?parent=6852"}],"wp:term":[{"taxonomy":"product_brand","embeddable":true,"href":"https:\/\/candeebaar.ee\/et\/wp-json\/wp\/v2\/product_brand?post=6852"},{"taxonomy":"product_cat","embeddable":true,"href":"https:\/\/candeebaar.ee\/et\/wp-json\/wp\/v2\/product_cat?post=6852"},{"taxonomy":"product_tag","embeddable":true,"href":"https:\/\/candeebaar.ee\/et\/wp-json\/wp\/v2\/product_tag?post=6852"}],"curies":[{"name":"t\u00f6\u00f6leht","href":"https:\/\/api.w.org\/{rel}","templated":true}]}}