{"id":6956,"date":"2024-12-31T20:13:12","date_gmt":"2024-12-31T20:13:12","guid":{"rendered":"https:\/\/storetest.ivi.ee\/product\/silicone-mold-baby-boy-r2\/"},"modified":"2026-04-05T11:45:27","modified_gmt":"2026-04-05T09:45:27","slug":"silikoonvorm-beebipoiss-r2","status":"publish","type":"product","link":"https:\/\/candeebaar.ee\/et\/pood\/silikoonvorm-beebipoiss-r2\/","title":{"rendered":"Silikoonvorm Baby Boy R2"},"content":{"rendered":"<p>Silikoonvorm s\u00f6\u00f6davate kaunistuste valmistamiseks fondandist, isomaltist, \u0161okolaadist, glasuurist jne.<br \/>\nMaterjal: toidu silikoon<br \/>\nM\u00f5\u00f5dud: 80*80*8mm<br \/>\nTemperatuurivahemik: -40\u00b0 kuni 230\u00b0C<br \/>\nTootja: Hiina<\/p>","protected":false},"excerpt":{"rendered":"<p>Silikoonvorm s\u00f6\u00f6davate kaunistuste valmistamiseks fondandist, isomaltist, \u0161okolaadist, glasuurist jne. Materjal: toidusilikoon Suurus: 80*80*8mm Temperatuurivahemik: -40\u00b0 kuni 230\u00b0C Tootja: Hiina<\/p>","protected":false},"featured_media":6952,"template":"","meta":{"_seopress_robots_primary_cat":"","_seopress_titles_title":"","_seopress_titles_desc":"","_seopress_robots_index":""},"product_brand":[],"product_cat":[15,127],"product_tag":[],"class_list":{"0":"post-6956","1":"product","2":"type-product","3":"status-publish","4":"has-post-thumbnail","6":"product_cat-all-products","7":"product_cat-ornament","9":"first","10":"instock","11":"taxable","12":"shipping-taxable","13":"purchasable","14":"product-type-simple"},"_links":{"self":[{"href":"https:\/\/candeebaar.ee\/et\/wp-json\/wp\/v2\/product\/6956","targetHints":{"allow":["GET"]}}],"collection":[{"href":"https:\/\/candeebaar.ee\/et\/wp-json\/wp\/v2\/product"}],"about":[{"href":"https:\/\/candeebaar.ee\/et\/wp-json\/wp\/v2\/types\/product"}],"version-history":[{"count":1,"href":"https:\/\/candeebaar.ee\/et\/wp-json\/wp\/v2\/product\/6956\/revisions"}],"predecessor-version":[{"id":6957,"href":"https:\/\/candeebaar.ee\/et\/wp-json\/wp\/v2\/product\/6956\/revisions\/6957"}],"wp:featuredmedia":[{"embeddable":true,"href":"https:\/\/candeebaar.ee\/et\/wp-json\/wp\/v2\/media\/6952"}],"wp:attachment":[{"href":"https:\/\/candeebaar.ee\/et\/wp-json\/wp\/v2\/media?parent=6956"}],"wp:term":[{"taxonomy":"product_brand","embeddable":true,"href":"https:\/\/candeebaar.ee\/et\/wp-json\/wp\/v2\/product_brand?post=6956"},{"taxonomy":"product_cat","embeddable":true,"href":"https:\/\/candeebaar.ee\/et\/wp-json\/wp\/v2\/product_cat?post=6956"},{"taxonomy":"product_tag","embeddable":true,"href":"https:\/\/candeebaar.ee\/et\/wp-json\/wp\/v2\/product_tag?post=6956"}],"curies":[{"name":"t\u00f6\u00f6leht","href":"https:\/\/api.w.org\/{rel}","templated":true}]}}