{"id":7022,"date":"2024-12-31T20:13:31","date_gmt":"2024-12-31T20:13:31","guid":{"rendered":"https:\/\/storetest.ivi.ee\/product\/silicone-mold-letters-hearts-a5\/"},"modified":"2025-01-02T11:00:31","modified_gmt":"2025-01-02T11:00:31","slug":"silikoonvormi-tahed-sudamed-a5","status":"publish","type":"product","link":"https:\/\/candeebaar.ee\/et\/pood\/silikoonvormi-tahed-sudamed-a5\/","title":{"rendered":"Silikoonvorm Letters-Hearts A5"},"content":{"rendered":"<p>Silikoonvorm s\u00f6\u00f6davate kaunistuste valmistamiseks fondandist, isomaltist, \u0161okolaadist, glasuurist jne.<br \/>\nMaterjal: toidu silikoon<br \/>\nSuurus: 100*120*7mm<br \/>\nKasutustemperatuur: -40\u00b0 kuni 230\u00b0C<br \/>\nTootja: Hiina<\/p>","protected":false},"excerpt":{"rendered":"<p>Silikoonvorm s\u00f6\u00f6davate kaunistuste valmistamiseks fondandist, isomaltist, \u0161okolaadist, glasuurist jne. Materjal: toidusilikoon Suurus: 100*120*7mm Kasutustemperatuur: -40\u00b0 kuni 230\u00b0C Tootja: Hiina<\/p>","protected":false},"featured_media":7024,"template":"","meta":{"_seopress_robots_primary_cat":"","_seopress_titles_title":"","_seopress_titles_desc":"","_seopress_robots_index":""},"product_brand":[],"product_cat":[15,124],"product_tag":[],"class_list":{"0":"post-7022","1":"product","2":"type-product","3":"status-publish","4":"has-post-thumbnail","6":"product_cat-all-products","7":"product_cat-letters-and-numbers","9":"first","10":"instock","11":"taxable","12":"shipping-taxable","13":"purchasable","14":"product-type-simple"},"_links":{"self":[{"href":"https:\/\/candeebaar.ee\/et\/wp-json\/wp\/v2\/product\/7022","targetHints":{"allow":["GET"]}}],"collection":[{"href":"https:\/\/candeebaar.ee\/et\/wp-json\/wp\/v2\/product"}],"about":[{"href":"https:\/\/candeebaar.ee\/et\/wp-json\/wp\/v2\/types\/product"}],"version-history":[{"count":1,"href":"https:\/\/candeebaar.ee\/et\/wp-json\/wp\/v2\/product\/7022\/revisions"}],"predecessor-version":[{"id":7023,"href":"https:\/\/candeebaar.ee\/et\/wp-json\/wp\/v2\/product\/7022\/revisions\/7023"}],"wp:featuredmedia":[{"embeddable":true,"href":"https:\/\/candeebaar.ee\/et\/wp-json\/wp\/v2\/media\/7024"}],"wp:attachment":[{"href":"https:\/\/candeebaar.ee\/et\/wp-json\/wp\/v2\/media?parent=7022"}],"wp:term":[{"taxonomy":"product_brand","embeddable":true,"href":"https:\/\/candeebaar.ee\/et\/wp-json\/wp\/v2\/product_brand?post=7022"},{"taxonomy":"product_cat","embeddable":true,"href":"https:\/\/candeebaar.ee\/et\/wp-json\/wp\/v2\/product_cat?post=7022"},{"taxonomy":"product_tag","embeddable":true,"href":"https:\/\/candeebaar.ee\/et\/wp-json\/wp\/v2\/product_tag?post=7022"}],"curies":[{"name":"t\u00f6\u00f6leht","href":"https:\/\/api.w.org\/{rel}","templated":true}]}}