{"id":7037,"date":"2024-12-31T20:13:31","date_gmt":"2024-12-31T20:13:31","guid":{"rendered":"https:\/\/storetest.ivi.ee\/product\/silicone-mold-letters-a8\/"},"modified":"2026-01-30T10:26:56","modified_gmt":"2026-01-30T08:26:56","slug":"silikoonvormi-tahed-a8","status":"publish","type":"product","link":"https:\/\/candeebaar.ee\/et\/pood\/silikoonvormi-tahed-a8\/","title":{"rendered":"Silikoonvorm T\u00e4hed A8"},"content":{"rendered":"<p>Silikoonvorm s\u00f6\u00f6davate kaunistuste valmistamiseks fondandist, isomaltist, \u0161okolaadist, glasuurist jne.<br \/>\nMaterjal: toidu silikoon<br \/>\nM\u00f5\u00f5dud: 96*165*10mm<br \/>\nKasutustemperatuur: -40\u00b0 kuni 230\u00b0C<br \/>\nTootja: Hiina<\/p>","protected":false},"excerpt":{"rendered":"<p>Silikoonvorm s\u00f6\u00f6davate kaunistuste valmistamiseks fondandist, isomaltist, \u0161okolaadist, glasuurist jne Materjal: toidusilikoon Suurus: 96*165*10mm Kasutustemperatuur: -40\u00b0 kuni 230\u00b0C Tootja: Hiina<\/p>","protected":false},"featured_media":7033,"template":"","meta":{"_seopress_robots_primary_cat":"","_seopress_titles_title":"","_seopress_titles_desc":"","_seopress_robots_index":""},"product_brand":[],"product_cat":[15,124],"product_tag":[],"class_list":{"0":"post-7037","1":"product","2":"type-product","3":"status-publish","4":"has-post-thumbnail","6":"product_cat-all-products","7":"product_cat-letters-and-numbers","9":"first","10":"instock","11":"taxable","12":"shipping-taxable","13":"purchasable","14":"product-type-simple"},"_links":{"self":[{"href":"https:\/\/candeebaar.ee\/et\/wp-json\/wp\/v2\/product\/7037","targetHints":{"allow":["GET"]}}],"collection":[{"href":"https:\/\/candeebaar.ee\/et\/wp-json\/wp\/v2\/product"}],"about":[{"href":"https:\/\/candeebaar.ee\/et\/wp-json\/wp\/v2\/types\/product"}],"version-history":[{"count":1,"href":"https:\/\/candeebaar.ee\/et\/wp-json\/wp\/v2\/product\/7037\/revisions"}],"predecessor-version":[{"id":7038,"href":"https:\/\/candeebaar.ee\/et\/wp-json\/wp\/v2\/product\/7037\/revisions\/7038"}],"wp:featuredmedia":[{"embeddable":true,"href":"https:\/\/candeebaar.ee\/et\/wp-json\/wp\/v2\/media\/7033"}],"wp:attachment":[{"href":"https:\/\/candeebaar.ee\/et\/wp-json\/wp\/v2\/media?parent=7037"}],"wp:term":[{"taxonomy":"product_brand","embeddable":true,"href":"https:\/\/candeebaar.ee\/et\/wp-json\/wp\/v2\/product_brand?post=7037"},{"taxonomy":"product_cat","embeddable":true,"href":"https:\/\/candeebaar.ee\/et\/wp-json\/wp\/v2\/product_cat?post=7037"},{"taxonomy":"product_tag","embeddable":true,"href":"https:\/\/candeebaar.ee\/et\/wp-json\/wp\/v2\/product_tag?post=7037"}],"curies":[{"name":"t\u00f6\u00f6leht","href":"https:\/\/api.w.org\/{rel}","templated":true}]}}