{"id":7041,"date":"2024-12-31T20:13:31","date_gmt":"2024-12-31T20:13:31","guid":{"rendered":"https:\/\/storetest.ivi.ee\/product\/callebaut-811-dark-chocolate-54-5-2500g\/"},"modified":"2025-05-07T09:22:50","modified_gmt":"2025-05-07T07:22:50","slug":"callebaut-811-tume-sokolaad-54-5-2500g","status":"publish","type":"product","link":"https:\/\/candeebaar.ee\/et\/pood\/callebaut-811-tume-sokolaad-54-5-2500g\/","title":{"rendered":"Callebaut 811 tume \u0161okolaad (54.5%) 2500g"},"content":{"rendered":"<p>Tuntud \u0161okolaad. Sellel on k\u00f5rgeim kvaliteet.<br \/>\nKaal: 2500g<br \/>\nKoostisosad: suhkur, kakaov\u00f5i, letsitiin (<strong>soja<\/strong>), looduslik vanilje maitse, <strong>piima<\/strong>.<\/p>\n<table style=\"height: 160px; width: 409px;\" width=\"409\">\n<tbody>\n<tr>\n<td style=\"width: 244px;\">Sisu kohta<\/td>\n<td style=\"width: 150.4px;\">100g<\/td>\n<\/tr>\n<tr>\n<td style=\"width: 244px;\">Toitev\u00e4\u00e4rtus<\/td>\n<td style=\"width: 150.4px;\">550 kcal 2303 kJ<\/td>\n<\/tr>\n<tr>\n<td style=\"width: 244px;\">Rasvad (millest k\u00fcllastunud)<\/td>\n<td style=\"width: 150.4px;\">37 g (22 g)<\/td>\n<\/tr>\n<tr>\n<td style=\"width: 244px;\">S\u00fcsivesikud (suhkur)<\/td>\n<td style=\"width: 150.4px;\">46 g (43 g)<\/td>\n<\/tr>\n<tr>\n<td style=\"width: 244px;\">Valgud<\/td>\n<td style=\"width: 150.4px;\">5,1 g<\/td>\n<\/tr>\n<tr>\n<td style=\"width: 244px;\">soola<\/td>\n<td style=\"width: 150.4px;\">0,01 g<\/td>\n<\/tr>\n<\/tbody>\n<\/table>\n<p>S\u00e4ilitustemperatuur: <strong>12\u201320 \u00b0C<\/strong><br \/>\nTootja: CALLEBAUT Belgia<br \/>\nLisaks leiate veebisaidilt palju uusi retsepte ja saate tutvuda nende toodetega <a href=\"https:\/\/www.callebaut.com\/\">callebaut.com<\/a>.<\/p>\n<p>&nbsp;<\/p>","protected":false},"excerpt":{"rendered":"<p>Tuntud \u0161okolaad. K\u00f5rgeima kvaliteediga. Kaal: 2500g Koostisosad: suhkur, kakaov\u00f5i, letsitiin (soja), naturaalne vanilje maitse, piim. 100g kohta Toitev\u00e4\u00e4rtus 550 kcal 2303 kJ Rasvad (millest k\u00fcllastunud) 37g (22g) S\u00fcsivesikud (suhkur) 46g (43g) Valgud 5,1 g Sool 0,01g S\u00e4ilitustemperatuur: 12\u201320 \u00b0C Tootja: CALLEBAUT Belgia Lisaks saate [\u2026]<\/p>","protected":false},"featured_media":4853,"template":"","meta":{"_seopress_robots_primary_cat":"none","_seopress_titles_title":"","_seopress_titles_desc":"","_seopress_robots_index":""},"product_brand":[],"product_cat":[15,110],"product_tag":[],"class_list":{"0":"post-7041","1":"product","2":"type-product","3":"status-publish","4":"has-post-thumbnail","6":"product_cat-all-products","7":"product_cat-callebaut","8":"brand-callebaut","10":"first","11":"instock","12":"taxable","13":"shipping-taxable","14":"purchasable","15":"product-type-simple"},"_links":{"self":[{"href":"https:\/\/candeebaar.ee\/et\/wp-json\/wp\/v2\/product\/7041","targetHints":{"allow":["GET"]}}],"collection":[{"href":"https:\/\/candeebaar.ee\/et\/wp-json\/wp\/v2\/product"}],"about":[{"href":"https:\/\/candeebaar.ee\/et\/wp-json\/wp\/v2\/types\/product"}],"version-history":[{"count":4,"href":"https:\/\/candeebaar.ee\/et\/wp-json\/wp\/v2\/product\/7041\/revisions"}],"predecessor-version":[{"id":11908,"href":"https:\/\/candeebaar.ee\/et\/wp-json\/wp\/v2\/product\/7041\/revisions\/11908"}],"wp:featuredmedia":[{"embeddable":true,"href":"https:\/\/candeebaar.ee\/et\/wp-json\/wp\/v2\/media\/4853"}],"wp:attachment":[{"href":"https:\/\/candeebaar.ee\/et\/wp-json\/wp\/v2\/media?parent=7041"}],"wp:term":[{"taxonomy":"product_brand","embeddable":true,"href":"https:\/\/candeebaar.ee\/et\/wp-json\/wp\/v2\/product_brand?post=7041"},{"taxonomy":"product_cat","embeddable":true,"href":"https:\/\/candeebaar.ee\/et\/wp-json\/wp\/v2\/product_cat?post=7041"},{"taxonomy":"product_tag","embeddable":true,"href":"https:\/\/candeebaar.ee\/et\/wp-json\/wp\/v2\/product_tag?post=7041"}],"curies":[{"name":"t\u00f6\u00f6leht","href":"https:\/\/api.w.org\/{rel}","templated":true}]}}