{"id":7045,"date":"2024-12-31T20:13:44","date_gmt":"2024-12-31T20:13:44","guid":{"rendered":"https:\/\/storetest.ivi.ee\/product\/callebaut-ruby-rb1-47-3-2500g\/"},"modified":"2026-02-11T10:05:06","modified_gmt":"2026-02-11T08:05:06","slug":"callebaut-ruby-rb1-47-3-2500g","status":"publish","type":"product","link":"https:\/\/candeebaar.ee\/et\/pood\/callebaut-ruby-rb1-47-3-2500g\/","title":{"rendered":"Callebaut Ruby RB1 (32.8%) 2500g"},"content":{"rendered":"<p>\u201cP\u00e4rast tumedat, piima ja valget on \u201cRuby\u201d 80 aasta k\u00f5ige ebatavalisem \u0161okolaadi avastus. See emakese looduse kingitus \u00fcllatab ja pimestab t\u00e4iesti uue \u0161okolaadimaitse ja -v\u00e4rviga, mis on loodud rubiinkakaoubadest \u2013 ilma v\u00e4rvaineid v\u00f5i puuviljamaitseaineid lisamata. Sukelduge selle rubiinv\u00e4rvi. Kaotage end selle intensiivse puuviljasuse ja v\u00e4rskete, hapukate nootidega. Selle ainulaadne maitse ja v\u00e4rv kutsuvad teid looma ainulaadseid kombinatsioone ja uurima uusi ideid kondiitritoodete, k\u00fcpsetiste ja magustoitude jaoks. T\u00e4nu oma mitmek\u00fclgsele voolavusele sobib rubiin RB1 ideaalselt paljudeks rakendusteks \u2013 alates kondiitritoodete vormimisest ja glasuurimisest kuni jahuvahuni ja palju muud. Laske &quot;Ruby&quot; RB1-l olla s\u00e4de, mis s\u00fctitab v\u00e4rske loomingulise potentsiaali. \u2013 <a href=\"https:\/\/www.callebaut.com\/en-OC\/chocolate-cocoa-nuts\/chr-r35rb1\/ruby\">callebaut.com<\/a><\/p>\n<ul class=\"i8Z77e\">\n<li class=\"TrT0Xe\">Koostisosad: suhkur, kakaov\u00f5i, kooritud <strong>piima<\/strong> pulber, terve <strong>piima<\/strong> pulber, kakaopasta, emulgaator: <strong>soja<\/strong> letsitiin, hapendaja: sidrunhape, looduslik vanilje maitseaine.<\/li>\n<\/ul>\n<p><iframe src=\"\/\/www.youtube.com\/embed\/F72K1s8Zph8\" width=\"560\" height=\"314\" allowfullscreen=\"allowfullscreen\" data-mce-fragment=\"1\"><\/iframe><br \/>\nKaal: 200g<br \/>\nSisu 100g kohta:<br \/>\nEnergia: 563kcal\/2356kJ<br \/>\nRasvad: 36 g (millest k\u00fcllastunud 22 g)<br \/>\nS\u00fcsivesikud: 50 g (suhkur 49 g)<br \/>\nValgud: 9,3 g<br \/>\nSool: 0,27 g<br \/>\nKakaosisaldus: 32,8%<\/p>\n<p>Tootja: CALLEBAUT<br \/>\nS\u00e4ilitustemperatuur: <strong>12\u201320 \u00b0C<\/strong><strong><br \/>\n<\/strong>Lisaks veebisaidil <a href=\"https:\/\/www.callebaut.com\/\">callebaut.com<\/a>, v\u00f5ite leida palju uusi retsepte ja tutvuda ettev\u00f5tte teiste toodetega.<\/p>","protected":false},"excerpt":{"rendered":"<p>\u201cP\u00e4rast tumedat, piima ja valget on \u201cRuby\u201d 80 aasta k\u00f5ige ebatavalisem \u0161okolaadi avastus. See emakese looduse kingitus \u00fcllatab ja pimestab t\u00e4iesti uue \u0161okolaadimaitse ja -v\u00e4rviga, mis on loodud rubiinkakaoubadest \u2013 ilma v\u00e4rvaineid v\u00f5i puuviljamaitseaineid lisamata. Sukelduge selle rubiinv\u00e4rvi. Kaota end [\u2026]<\/p>","protected":false},"featured_media":4890,"template":"","meta":{"_seopress_robots_primary_cat":"none","_seopress_titles_title":"","_seopress_titles_desc":"","_seopress_robots_index":""},"product_brand":[],"product_cat":[183,15,110],"product_tag":[],"class_list":{"0":"post-7045","1":"product","2":"type-product","3":"status-publish","4":"has-post-thumbnail","6":"product_cat-valentines-day","7":"product_cat-all-products","8":"product_cat-callebaut","9":"brand-callebaut","11":"first","12":"instock","13":"taxable","14":"shipping-taxable","15":"purchasable","16":"product-type-simple"},"_links":{"self":[{"href":"https:\/\/candeebaar.ee\/et\/wp-json\/wp\/v2\/product\/7045","targetHints":{"allow":["GET"]}}],"collection":[{"href":"https:\/\/candeebaar.ee\/et\/wp-json\/wp\/v2\/product"}],"about":[{"href":"https:\/\/candeebaar.ee\/et\/wp-json\/wp\/v2\/types\/product"}],"version-history":[{"count":5,"href":"https:\/\/candeebaar.ee\/et\/wp-json\/wp\/v2\/product\/7045\/revisions"}],"predecessor-version":[{"id":15393,"href":"https:\/\/candeebaar.ee\/et\/wp-json\/wp\/v2\/product\/7045\/revisions\/15393"}],"wp:featuredmedia":[{"embeddable":true,"href":"https:\/\/candeebaar.ee\/et\/wp-json\/wp\/v2\/media\/4890"}],"wp:attachment":[{"href":"https:\/\/candeebaar.ee\/et\/wp-json\/wp\/v2\/media?parent=7045"}],"wp:term":[{"taxonomy":"product_brand","embeddable":true,"href":"https:\/\/candeebaar.ee\/et\/wp-json\/wp\/v2\/product_brand?post=7045"},{"taxonomy":"product_cat","embeddable":true,"href":"https:\/\/candeebaar.ee\/et\/wp-json\/wp\/v2\/product_cat?post=7045"},{"taxonomy":"product_tag","embeddable":true,"href":"https:\/\/candeebaar.ee\/et\/wp-json\/wp\/v2\/product_tag?post=7045"}],"curies":[{"name":"t\u00f6\u00f6leht","href":"https:\/\/api.w.org\/{rel}","templated":true}]}}