{"id":7047,"date":"2024-12-31T20:13:44","date_gmt":"2024-12-31T20:13:44","guid":{"rendered":"https:\/\/storetest.ivi.ee\/product\/callebaut-dark-chocolate-70-30-38-70-5-2500g\/"},"modified":"2025-04-22T09:08:23","modified_gmt":"2025-04-22T07:08:23","slug":"callebaut-tume-sokolaad-70-30-38-70-5-2500g","status":"publish","type":"product","link":"https:\/\/candeebaar.ee\/et\/pood\/callebaut-tume-sokolaad-70-30-38-70-5-2500g\/","title":{"rendered":"Callebaut tume \u0161okolaad 70 30 38 (70.5%) 2500g"},"content":{"rendered":"<p>Callebaut tume \u0161okolaad 70 30 38 (70.5%)<\/p>\n<p>Koostisosad: kakaomass, suhkur, v\u00e4hendatud rasvasisaldusega kakaopulber, emulgaator: <strong>soja<\/strong> letsitiin, looduslik vanilje maitseaine.<\/p>\n<p><iframe src=\"\/\/www.youtube.com\/embed\/aoRkCCt3Hbc\" width=\"560\" height=\"314\" allowfullscreen=\"allowfullscreen\" data-mce-fragment=\"1\"><\/iframe><br \/>\nKaal: 2500g<br \/>\nSisu 100g kohta:<br \/>\nEnergia: 539kcal\/2255kJ<br \/>\nRasvad: 39 g (millest k\u00fcllastunud 23 g)<br \/>\nS\u00fcsivesikud: 31 g (suhkur 26 g)<br \/>\nValgud: 8,8 g<br \/>\nSool: 0,02 g<br \/>\nKakaosisaldus: 70,5%<\/p>\n<p>Tootja: CALLEBAUT<br \/>\nS\u00e4ilitustemperatuur: <strong>12\u201320 \u00b0C<br \/>\n<\/strong>V\u00f5ib sisaldada <strong>piima.<br \/>\n<\/strong>Lisaks veebisaidil <a href=\"https:\/\/www.callebaut.com\/\">callebaut.com<\/a>, v\u00f5ite leida palju uusi retsepte ja tutvuda ettev\u00f5tte teiste toodetega.<\/p>","protected":false},"excerpt":{"rendered":"<p>Callebaut tume \u0161okolaad 70 30 38 (70.5%) Koostisosad: kakaomass, suhkur, rasvav\u00e4hendatud kakaopulber, emulgaator: sojaletsitiin, looduslik vanilje l\u00f5hna- ja maitseaine. Kaal: 2500g Sisu 100g kohta: Energia: 539kcal\/2255kJ Rasvad: 39g (millest k\u00fcllastunud 23g) S\u00fcsivesikud: 31g (millest suhkrud 26g) Valgud: 8.8g Sool: 0.02g Kakaosisaldus: 70.5% Tootja: CALLEBAUT S\u00e4ilitamistemperatuur: 12 \u2013 20 \u00b0C V\u00f5ib sisaldada piima. [\u2026]<\/p>","protected":false},"featured_media":4894,"template":"","meta":{"_seopress_robots_primary_cat":"none","_seopress_titles_title":"","_seopress_titles_desc":"","_seopress_robots_index":""},"product_brand":[],"product_cat":[15,110],"product_tag":[],"class_list":{"0":"post-7047","1":"product","2":"type-product","3":"status-publish","4":"has-post-thumbnail","6":"product_cat-all-products","7":"product_cat-callebaut","8":"brand-callebaut","10":"first","11":"instock","12":"taxable","13":"shipping-taxable","14":"purchasable","15":"product-type-simple"},"_links":{"self":[{"href":"https:\/\/candeebaar.ee\/et\/wp-json\/wp\/v2\/product\/7047","targetHints":{"allow":["GET"]}}],"collection":[{"href":"https:\/\/candeebaar.ee\/et\/wp-json\/wp\/v2\/product"}],"about":[{"href":"https:\/\/candeebaar.ee\/et\/wp-json\/wp\/v2\/types\/product"}],"version-history":[{"count":4,"href":"https:\/\/candeebaar.ee\/et\/wp-json\/wp\/v2\/product\/7047\/revisions"}],"predecessor-version":[{"id":11914,"href":"https:\/\/candeebaar.ee\/et\/wp-json\/wp\/v2\/product\/7047\/revisions\/11914"}],"wp:featuredmedia":[{"embeddable":true,"href":"https:\/\/candeebaar.ee\/et\/wp-json\/wp\/v2\/media\/4894"}],"wp:attachment":[{"href":"https:\/\/candeebaar.ee\/et\/wp-json\/wp\/v2\/media?parent=7047"}],"wp:term":[{"taxonomy":"product_brand","embeddable":true,"href":"https:\/\/candeebaar.ee\/et\/wp-json\/wp\/v2\/product_brand?post=7047"},{"taxonomy":"product_cat","embeddable":true,"href":"https:\/\/candeebaar.ee\/et\/wp-json\/wp\/v2\/product_cat?post=7047"},{"taxonomy":"product_tag","embeddable":true,"href":"https:\/\/candeebaar.ee\/et\/wp-json\/wp\/v2\/product_tag?post=7047"}],"curies":[{"name":"t\u00f6\u00f6leht","href":"https:\/\/api.w.org\/{rel}","templated":true}]}}