{"id":7051,"date":"2024-12-31T20:13:44","date_gmt":"2024-12-31T20:13:44","guid":{"rendered":"https:\/\/storetest.ivi.ee\/product\/callebaut-chocolate-power-80-2500g\/"},"modified":"2025-12-16T09:56:40","modified_gmt":"2025-12-16T07:56:40","slug":"callebaut-sokolaadi-voimsus-80-2500g","status":"publish","type":"product","link":"https:\/\/candeebaar.ee\/et\/pood\/callebaut-sokolaadi-voimsus-80-2500g\/","title":{"rendered":"Callebaut Chocolate Power 80% 2500g"},"content":{"rendered":"<p>M\u00f5ru Callebaut \u0161okolaad.<br \/>\nKakaosisaldus 80%.<br \/>\nKoostisosad: kakaomass, suhkur, v\u00e4hendatud rasvasisaldusega kakaopulber, emulgaator: letsitiin (<strong>soja<\/strong>), looduslik vanilje maitseaine.<br \/>\nKaal: 2500g<\/p>\n<table style=\"height: 160px; width: 409px;\" width=\"409\">\n<tbody>\n<tr>\n<td style=\"width: 244px;\">Sisu kohta<\/td>\n<td style=\"width: 150.4px;\">100g<\/td>\n<\/tr>\n<tr>\n<td style=\"width: 244px;\">Toitev\u00e4\u00e4rtus<\/td>\n<td style=\"width: 150.4px;\">561 kcal 2374 kJ<\/td>\n<\/tr>\n<tr>\n<td style=\"width: 244px;\">Rasvad (millest k\u00fcllastunud)<\/td>\n<td style=\"width: 150.4px;\">45 g (27 g)<\/td>\n<\/tr>\n<tr>\n<td style=\"width: 244px;\">S\u00fcsivesikud (suhkur)<\/td>\n<td style=\"width: 150.4px;\">21 g (16 g)<\/td>\n<\/tr>\n<tr>\n<td style=\"width: 244px;\">Valgud<\/td>\n<td style=\"width: 150.4px;\">10g<\/td>\n<\/tr>\n<tr>\n<td style=\"width: 244px;\">soola<\/td>\n<td style=\"width: 150.4px;\">0,02 g<\/td>\n<\/tr>\n<\/tbody>\n<\/table>\n<p>S\u00e4ilitustemperatuur: <strong>12\u201320 \u00b0C<br \/>\n<\/strong>V\u00f5ib sisaldada <strong>piima.<\/strong><br \/>\nTootja: CALLEBAUT Belgia.<br \/>\nLisateabe saamiseks k\u00fclastage <a href=\"https:\/\/www.callebaut.com\/\">callebaut.com<\/a> Saate avastada palju uusi retsepte ja tutvuda nende toodetega.<\/p>","protected":false},"excerpt":{"rendered":"<p>M\u00f5ru Callebaut \u0161okolaad. Kakaosisaldus 80%. Koostisosad: kakaomass, suhkur, rasvav\u00e4hendatud kakaopulber, emulgaator: letsitiin (soja), looduslik vanilje l\u00f5hna- ja maitseaine. Kaal: 2500g 100g kohta Toitev\u00e4\u00e4rtus 561 kcal 2374 kJ Rasvad (millest k\u00fcllastunud) 45g (27g) S\u00fcsivesikud (suhkrud) 21g (16g) Valgud 10g Sool 0,02g S\u00e4ilitamistemperatuur: 12\u201320 \u00b0C V\u00f5ib sisaldada piima. Tootja: [\u2026]<\/p>","protected":false},"featured_media":4967,"template":"","meta":{"_seopress_robots_primary_cat":"none","_seopress_titles_title":"","_seopress_titles_desc":"","_seopress_robots_index":""},"product_brand":[],"product_cat":[15,110],"product_tag":[],"class_list":{"0":"post-7051","1":"product","2":"type-product","3":"status-publish","4":"has-post-thumbnail","6":"product_cat-all-products","7":"product_cat-callebaut","8":"brand-callebaut","10":"first","11":"instock","12":"taxable","13":"shipping-taxable","14":"purchasable","15":"product-type-simple"},"_links":{"self":[{"href":"https:\/\/candeebaar.ee\/et\/wp-json\/wp\/v2\/product\/7051","targetHints":{"allow":["GET"]}}],"collection":[{"href":"https:\/\/candeebaar.ee\/et\/wp-json\/wp\/v2\/product"}],"about":[{"href":"https:\/\/candeebaar.ee\/et\/wp-json\/wp\/v2\/types\/product"}],"version-history":[{"count":3,"href":"https:\/\/candeebaar.ee\/et\/wp-json\/wp\/v2\/product\/7051\/revisions"}],"predecessor-version":[{"id":11917,"href":"https:\/\/candeebaar.ee\/et\/wp-json\/wp\/v2\/product\/7051\/revisions\/11917"}],"wp:featuredmedia":[{"embeddable":true,"href":"https:\/\/candeebaar.ee\/et\/wp-json\/wp\/v2\/media\/4967"}],"wp:attachment":[{"href":"https:\/\/candeebaar.ee\/et\/wp-json\/wp\/v2\/media?parent=7051"}],"wp:term":[{"taxonomy":"product_brand","embeddable":true,"href":"https:\/\/candeebaar.ee\/et\/wp-json\/wp\/v2\/product_brand?post=7051"},{"taxonomy":"product_cat","embeddable":true,"href":"https:\/\/candeebaar.ee\/et\/wp-json\/wp\/v2\/product_cat?post=7051"},{"taxonomy":"product_tag","embeddable":true,"href":"https:\/\/candeebaar.ee\/et\/wp-json\/wp\/v2\/product_tag?post=7051"}],"curies":[{"name":"t\u00f6\u00f6leht","href":"https:\/\/api.w.org\/{rel}","templated":true}]}}