{"id":7053,"date":"2024-12-31T20:13:44","date_gmt":"2024-12-31T20:13:44","guid":{"rendered":"https:\/\/storetest.ivi.ee\/product\/callebaut-gold-chocolate-30-4-2500g\/"},"modified":"2025-12-16T09:49:50","modified_gmt":"2025-12-16T07:49:50","slug":"callebaut-kuldsokolaad-30-4-2500g","status":"publish","type":"product","link":"https:\/\/candeebaar.ee\/et\/pood\/callebaut-kuldsokolaad-30-4-2500g\/","title":{"rendered":"Callebaut Gold Chocolate 30.4% 2500g"},"content":{"rendered":"<p>Callebaut kuld\u0161okolaad. Valmistatud valgest \u0161okolaadist, millele on lisatud karamelli.<br \/>\nKakaosisaldus 30,4%.<br \/>\nKoostisosad: kakaov\u00f5i, suhkur, kuiv <strong>piima<\/strong>, karamelliseeritud suhkur, emulgaator (<strong>soja<\/strong> letsitiin), looduslik l\u00f5hna- ja maitseaine (vanilliin), sool.<br \/>\n2500 g<\/p>\n<table style=\"height: 160px; width: 409px;\" width=\"409\">\n<tbody>\n<tr>\n<td style=\"width: 244px;\">Sisu kohta<\/td>\n<td style=\"width: 150.4px;\">100g<\/td>\n<\/tr>\n<tr>\n<td style=\"width: 244px;\">Toitev\u00e4\u00e4rtus<\/td>\n<td style=\"width: 150.4px;\">571 kcal 2388 kJ<\/td>\n<\/tr>\n<tr>\n<td style=\"width: 244px;\">Rasvad (millest k\u00fcllastunud)<\/td>\n<td style=\"width: 150.4px;\">37 g (23 g)<\/td>\n<\/tr>\n<tr>\n<td style=\"width: 244px;\">S\u00fcsivesikud (suhkur)<\/td>\n<td style=\"width: 150.4px;\">50 g (51 g)<\/td>\n<\/tr>\n<tr>\n<td style=\"width: 244px;\">Valgud<\/td>\n<td style=\"width: 150.4px;\">8g<\/td>\n<\/tr>\n<tr>\n<td style=\"width: 244px;\">soola<\/td>\n<td style=\"width: 150.4px;\">0,51 g<\/td>\n<\/tr>\n<\/tbody>\n<\/table>\n<p>S\u00e4ilitustemperatuur: <strong>12\u201320 \u00b0C<br \/>\n<\/strong>Tootja: CALLEBAUT Belgia.<br \/>\nLisaks leiate veebisaidilt palju uusi retsepte ja saate tutvuda nende toodetega <a href=\"https:\/\/www.callebaut.com\/\">callebaut.com<\/a>.<\/p>\n<p>&nbsp;<\/p>","protected":false},"excerpt":{"rendered":"<p>Callebaut Gold \u0161okolaad. Valmistatud valgest \u0161okolaadist karamellilisaldiga. Kakaosisaldus 30,4%. Koostisosad: kakaov\u00f5i, suhkur, piimapulber, karamelliseeritud suhkur, emulgaator (sojaletsitiin), looduslik l\u00f5hna- ja maitseaine (vanilliin), sool. 2500g 100g kohta Toitev\u00e4\u00e4rtus 571 kcal 2388 kJ Rasvad (millest k\u00fcllastunud) 37g (23g) S\u00fcsivesikud (suhkrud) 50g (51g) Valgud 8g Sool 0,51g S\u00e4ilitamine [\u2026]<\/p>","protected":false},"featured_media":4970,"template":"","meta":{"_seopress_robots_primary_cat":"none","_seopress_titles_title":"","_seopress_titles_desc":"","_seopress_robots_index":""},"product_brand":[],"product_cat":[15,110],"product_tag":[],"class_list":{"0":"post-7053","1":"product","2":"type-product","3":"status-publish","4":"has-post-thumbnail","6":"product_cat-all-products","7":"product_cat-callebaut","8":"brand-callebaut","10":"first","11":"instock","12":"taxable","13":"shipping-taxable","14":"purchasable","15":"product-type-simple"},"_links":{"self":[{"href":"https:\/\/candeebaar.ee\/et\/wp-json\/wp\/v2\/product\/7053","targetHints":{"allow":["GET"]}}],"collection":[{"href":"https:\/\/candeebaar.ee\/et\/wp-json\/wp\/v2\/product"}],"about":[{"href":"https:\/\/candeebaar.ee\/et\/wp-json\/wp\/v2\/types\/product"}],"version-history":[{"count":3,"href":"https:\/\/candeebaar.ee\/et\/wp-json\/wp\/v2\/product\/7053\/revisions"}],"predecessor-version":[{"id":11936,"href":"https:\/\/candeebaar.ee\/et\/wp-json\/wp\/v2\/product\/7053\/revisions\/11936"}],"wp:featuredmedia":[{"embeddable":true,"href":"https:\/\/candeebaar.ee\/et\/wp-json\/wp\/v2\/media\/4970"}],"wp:attachment":[{"href":"https:\/\/candeebaar.ee\/et\/wp-json\/wp\/v2\/media?parent=7053"}],"wp:term":[{"taxonomy":"product_brand","embeddable":true,"href":"https:\/\/candeebaar.ee\/et\/wp-json\/wp\/v2\/product_brand?post=7053"},{"taxonomy":"product_cat","embeddable":true,"href":"https:\/\/candeebaar.ee\/et\/wp-json\/wp\/v2\/product_cat?post=7053"},{"taxonomy":"product_tag","embeddable":true,"href":"https:\/\/candeebaar.ee\/et\/wp-json\/wp\/v2\/product_tag?post=7053"}],"curies":[{"name":"t\u00f6\u00f6leht","href":"https:\/\/api.w.org\/{rel}","templated":true}]}}